{"id":1745,"date":"2017-03-27T12:30:37","date_gmt":"2017-03-27T12:30:37","guid":{"rendered":"http:\/\/www.teenlifting.com.hr\/?page_id=1745\/"},"modified":"2018-02-04T16:18:01","modified_gmt":"2018-02-04T16:18:01","slug":"teenlifting-des-gesichts","status":"publish","type":"page","link":"https:\/\/mail.teenlifting.si\/de\/teenlifting-des-gesichts\/","title":{"rendered":"Teenlifting des Gesichts"},"content":{"rendered":"<div class=\"section-full-width section-light-bg\" style=\"background-color:#f7f7f7;\" id=\"teenlifting\u00aef\u00fcrgesichtunterkinnundf\u00fcrhalsf\u00fcrfrauenundm\u00e4nner\"><div class=\"section-boxed\" style=\"color:#373737;\"><h2 class=\"section-title\" style=\"color:#252525;\">TEENLIFTING\u00ae f\u00fcr Gesicht, Unterkinn und f\u00fcr Hals f\u00fcr Frauen und M\u00e4nner<\/h2><\/p>\n<p style=\"text-align: left;\">TEENLIFTING wird mit einem Ger\u00e4t f\u00fcr <strong>Elektrostimulation der Muskeln<\/strong> durchgef\u00fchrt und erm\u00f6glicht die Anwendung physikaler Medizin in der Kosmetik. Die Anwendung ist v\u00f6llig schmerzfrei. Gleichzeitig erreicht man dadurch <strong>hervorragende Ergebnisse in der Rehabilitation, Therapie und Vorkehrung von<\/strong>: Kopfschmerzen, Migr\u00e4ne, Regenerierung des Knochenmarks im Kiefer, Sinusitis, Neuralgie, Parese, Bell Parese (n facialis) und Mialgie.<\/p>\n<p>&nbsp;<\/p>\n<div class=\"services-wrapper services-boxed-photo cols-wrapper cols-3\"><div class=\"services-box col\"><div class=\"img-container\"><img decoding=\"async\" src=\"https:\/\/teenlifting.com.hr\/content\/uploads\/2016\/09\/misici_2.jpg\" alt=\"Kreisf\u00f6rmige Muskeln im Augen- und Mundbereich\"\/><\/div><div class=\"services-content\"><div class=\"sc-wraper\"><h3>Kreisf\u00f6rmige Muskeln im Augen- und Mundbereich<\/h3><\/div><\/div><\/div><div class=\"services-box col\"><div class=\"img-container\"><img decoding=\"async\" src=\"https:\/\/teenlifting.com.hr\/content\/uploads\/2016\/09\/misici_3.jpg\" alt=\"Platisma Muskel\"\/><\/div><div class=\"services-content\"><div class=\"sc-wraper\"><h3>Platisma Muskel<\/h3><\/div><\/div><\/div><div class=\"services-box col nomargin\"><div class=\"img-container\"><img decoding=\"async\" src=\"https:\/\/teenlifting.com.hr\/content\/uploads\/2016\/09\/misici_1.jpg\" alt=\"Gesichts- und Halsmuskeln\"\/><\/div><div class=\"services-content\"><div class=\"sc-wraper\"><h3>Gesichts- und Halsmuskeln<\/h3><\/div><\/div><\/div><div class=\"clear\"><\/div><\/div>\n<p>&nbsp;<\/p>\n<p><strong>TEENLIFTING des Gesichts, Doppelkinns und Halsbereichs beinhaltet:<\/strong><\/p>\n<div class=\"cols-wrapper cols-4\">\n<div class=\"col\">\n<ul>\n<li>Hautstraffung<\/li>\n<li>Faltenreduzierung im Gesicht<\/li>\n<li>Faltenreduzierung im Augen- und Mundbereich<\/li>\n<li>Faltenreduzierung im Lippenbereich<\/li>\n<li>Lymphdrenaige<\/li>\n<\/ul>\n<\/div>\n<div class=\"col\">\n<ul>\n<li>Formen<\/li>\n<li>Nicht- invasives Lifting<\/li>\n<li>Lifting des Gesichts, Kinn- und Halsbereichs<\/li>\n<li>Anti-Aging Behandlung<\/li>\n<li>Nicht- chirurgischer Verj\u00fcngungsprozess<\/li>\n<\/ul>\n<\/div>\n<div class=\"col\">\n<ul>\n<li>Elektrostimulation aller mimischen Muskeln im Gesicht- und Halsbereich gleichzeitig<\/li>\n<li>Stimulation der Akkupunkturpunkte<\/li>\n<li>Training der Gesichtsmuskeln<\/li>\n<li>Gesichts- Fitness<\/li>\n<li>Hebung des Gesichtstonus<\/li>\n<\/ul>\n<\/div>\n<div class=\"col nomargin\">\n<ul>\n<li>Erhebung der Gesichtsfestigkeit<\/li>\n<li>Geweberegeneration<\/li>\n<li>R\u00fcckkehr des jungen Gesichtsausdrucks<\/li>\n<li>Gewichtsverlust<\/li>\n<li>Detoksikation<\/li>\n<li>Anti- Stress- Effekt<\/li>\n<\/ul>\n<\/div>\n<\/div>\n<p>\n<\/div><\/div>\n<div class=\"section-full-width section-light-bg konzultacije_vizual\" style=\"background-color:#ffffff;\" id=\"section-1\"><div class=\"section-boxed\" style=\"color:#373737;\"><p><img decoding=\"async\" class=\"img-frame aligncenter\" src=\"https:\/\/teenlifting.com.hr\/content\/uploads\/2018\/02\/Konzultacije_DE_web.jpg\" width=\"100%\" \/><\/p>\n<\/div><\/div>\n<div class=\"section-full-width section-light-bg\" style=\"background-color:#f7f7f7;\" id=\"erfahrensiemehr\u00fcberteenliftingdesgesichts\"><div class=\"section-boxed\" style=\"color:#373737;\"><h2 class=\"section-title\" style=\"color:#252525;\">Erfahren Sie mehr \u00fcber TEENLIFTING des Gesichts<\/h2><\/p>\n<div class=\"cols-wrapper cols-2\">\n<div class=\"col\">\n<p>&nbsp;<\/p>\n<h2>Warum ist eine gleichzeitige Stimulation wichtig?<\/h2>\n<p>Muskeln sind untereinander anatomisch verbunden, weswegen ihre synchronisierte Kontraktion wichtig ist, um hervorragende Ergebnisse zu erhalten, Falten zu reduzieren und das Gesicht zu straffen.<\/p>\n<p>&nbsp;<\/p>\n<blockquote>\n<p>Warum stimuliert TEENLIFTING jeden einzelnen Muskel mit 100% Muskelfasern und nicht nur einen Teil des Muskels mit 5-20% Muskelfasern wie bei einer klassischen Elektrostimulation?<\/p>\n<\/blockquote>\n<p>&nbsp;<\/p>\n<p>Weil die Stimulation angenehmer ist beim gleichzeitigen Ausl\u00f6sen von Faltenreduzierungen und Erreichen maximaler Ergebnisse. Eine Teilstimulation an bestimmten Punkten ist zu intensiv f\u00fcr diese Bereiche und gleichzeitig zu schwach f\u00fcr den ganzen Muskel oder die ganze Muskelgruppe.<\/p>\n<h2>Wie erreicht man das?<\/h2>\n<p>Durch TEENLIFTING mittels einzigartiger Elektroden, die f\u00fcr bestimmte anatomische Bereiche von Muskelgruppen oder einzelnen Muskeln geformt wurden.<\/p>\n<p>&nbsp;<\/p>\n<blockquote>\n<p>Gibt es noch mehr Unterschiede zwischen TEENLIFTING und anderen Elektrostimulationen auf dem Markt?<\/p>\n<\/blockquote>\n<p>&nbsp;<\/p>\n<p>Ja. Ein Unterschied besteht auch im Training und bei den \u00dcbungen. Es handelt sich um <strong>zehn<\/strong> unterschiedliche Trainingseinheiten des Gesichts- und Halsbereichs. Jeder Muskel hat eine Ausgangskraft (dem Alter und dem mimischen Charakter, sowie der Intensit\u00e4t entsprechend). Die Anatomie und Funktion der einzelnen Muskeln verlangen bestimmte Trainingskombinationen, die f\u00fcr alle gleich sind. Z.B. der Platysma-Muskel, die kreisf\u00f6rmigen Muskeln im Augen- und Mundbereich sind schwacher als andere mimische Muskeln, weswegen Kombinationen von gro\u00dfer Bedeutung f\u00fcr beste Ergebnisse und <strong>Gesichtsstraffung sind.<\/strong><\/p>\n<h2>Wann sollte man besten Falls mit der TEENLIFTING Stimulation beginnen?<\/h2>\n<p>Um <strong>die Muskeln zu trainieren<\/strong>, ist es niemals zu fr\u00fch oder zu sp\u00e4t. Idealerweise beginnt man vor dem 30-ten Lebensjahr, weil es viel besser und ges\u00fcnder ist, die feste und schmale Gesichtsform zu erhalten, als sie abschlaffen zu lassen. Je fr\u00fcher man beginnt, desto schneller sieht man Ergebnisse.<\/p>\n<p>Eine obere Altersgrenze f\u00fcr TEENLIFTING gibt es nicht.<\/p>\n<h2>Wann sieht man die ersten Ergebnisse?<\/h2>\n<p>Die ersten Ergebnisse sind schon nach der ersten Behandlung in Form eines frischeren Gesichts sichtbar.<\/p>\n<p>Mit jeder weiteren Behandlung <strong>werden die Ergebnisse besser und sichtbarer<\/strong>:<\/p>\n<ul style=\"padding-left: 60px;\">\n<li>Stirnstraffung<\/li>\n<li>Anhebung der Augenbrauen und der oberen Augenlider<\/li>\n<li>Straffung von Falten im Augenbereich<\/li>\n<li>Wangenformen<\/li>\n<li>Vollere und vorstehende Lippen<\/li>\n<li>Behebung von Falten im Mundbereich (nasolabiale Falten)<\/li>\n<li>Straffung des Doppelkinns und Halsbereichs<\/li>\n<li>Geischtsstraffung<\/li>\n<\/ul>\n<p>&nbsp;<\/p>\n<blockquote>\n<p>Am wichtigsten ist es, die erste Behandlung Ihres Lebens so schnell wie m\u00f6glich vornehmen zu lassen. Nach dieser <strong>vollkommen neuen Erfahrung<\/strong> wird ein Trainingsplan f\u00fcr alle mimischen Muskeln auf Jahresbasis erstellt.<\/p>\n<\/blockquote>\n<p>&nbsp;<\/p>\n<\/div>\n<div class=\"col nomargin\">\n<p>&nbsp;<\/p>\n<p>Klienten in den 50-ern und \u00e4ltere k\u00f6nnen auch langsamere Resultate erwarten, die von der Elastizit\u00e4t der Haut abh\u00e4ngen. Das ist aber nicht immer der Fall.<\/p>\n<p>Die Haut darf w\u00e4hrend der TEENLIFTING Behandlung mit allen herk\u00f6mmlichen kosmetischen Produkten behandelt werden (RF, LPG, Laser, IPL, AHA).<\/p>\n<p><strong>Alle Behandlungen der Haut k\u00f6nnten m\u00f6glicherweise die Sichtbarkeit der neuen Muskelform beschleunigen, jedoch kann kein Treatment der Haut die Form des Muskels an sich ver\u00e4ndern.<\/strong><\/p>\n<p>Die Haut regeneriert sich t\u00e4glich, w\u00e4hrend eine \u201ekomplette\u201c Erneuerung etwa 30 Tage dauert in den 30-er Jahren, und im Alter zunehmend bis zu 60 Tage in den 70-er Jahren dauern kann.<br \/>\nDeswegen sind die Ergebnisse der Behandlung etwa eine Woche nach der letzten Behandlung besser sichtbar.<\/p>\n<h2>Wie oft muss man trainieren um das Ergebnis zu erhalten?<\/h2>\n<p>Logischerweise muss der Muskel regelm\u00e4\u00dfig in bester Kondition gehalten werden. Je mehr man trainieret, desto besser sind auch die Ergebnisse. Da es sich aber um kleine Gesichtsmuskeln handelt, sind die Ergebnisse auch bei selteneren Behandlungen hervorragend (z.B. langj\u00e4hrige zufriedene Kunden aus anderen L\u00e4ndern kommen dreimal im Jahr und lassen jeweils 2 bis 3 Doppelbehandlungen durchf\u00fchren).<\/p>\n<p>&nbsp;<\/p>\n<blockquote>\n<p>Was passiert, wenn man die TEENLIFTING Stimulation abbricht?<\/p>\n<\/blockquote>\n<p>&nbsp;<\/p>\n<p>Wenn man nach einer gewissen Zeit mit dem Training der Muskeln aufh\u00f6rt, behalten die Muskeln noch lange ihre <strong>Straffheit und Form<\/strong>. Da durch die Elektrostimulation unsere Muskeln weder erweitert werden, noch vergr\u00f6\u00dfert sich ihr Volumen, kommt es auch zu keinem fallenden Zustand nach Einstellen des Trainings.<\/p>\n<h2>DER EINFLUSS VON TEENLIFTING AUF KIEFERGELENK UND KOPFSCHMERZEN<\/h2>\n<p>Vor beiden Ohren befinden sich Kiefergelenke (TMG -temporomandibul\u00e4re Gelenke), die den unteren Kiefer mit dem Schl\u00e4fenbein verbinden. Sie werden von Ligamenten und Muskeln befestigt, die f\u00fcr Bewegungen des Kifergelenks zust\u00e4ndig sind.<\/p>\n<p>Eine Fehlbildung des ZMG-s ist die Straffung und das Zucken bestimmter Muskel,   hervorgerufen durch psychologische Komponenten- Stress. Eines der Symptome solcher Beschwerden sind Kopfschmerzen, die mit herk\u00f6mmlichen Therapien nicht gelindert werden k\u00f6nnen. Solche Kopfschmerzen treten meist morgens auf (nachdem die Muskeln nachts intensiv gezuckt haben) oder nach stressbedingten Situationen den Tag \u00fcber.<\/p>\n<p>TEENLIFTING <strong>befreit den Kopf von Schmerzen<\/strong>, indem die Muskeln trainiert werden und die \u00dcbungen das Zucken und die Schmerzen \u201ezerschlagen\u201c und gleichzeitig die Duchblutung der Muskeln, Knochen und des Kiefers ankurbeln.<\/p>\n<p>&nbsp;<\/p>\n<blockquote>\n<p>DER EINFLUSS VON TEENLIFTING STIMULATION AUF DIE REGENERIERUNG VON KNOCHENMARK DER GESICHTSKNOCHEN.<\/p>\n<\/blockquote>\n<p>&nbsp;<\/p>\n<p>Die Zusammensetzung und das metabolische Gleichgewicht von Knochen h\u00e4ng von der Aktivit\u00e4t der Muskeln und dem Moment der Druckeinwirkung ab, sowie vom Straffen der Sehnenans\u00e4tze am Knochen. Die Muskelaktivit\u00e4t verlangsamt den Prozess der Osteoporose durch st\u00e4ndige Stimulation der Knochen zur ihrer Entstehung (von der letztendlich auch die Regenerierung physiologisch abh\u00e4ngig ist).<\/p>\n<p>In j\u00fcngeren Jahren wird durch die Muskelaktivit\u00e4t die s.g. \u201e Knochen-Hauptquantit\u00e4t\u201c verst\u00e4rkt, auf die sp\u00e4ter Osteoporose und Osteopenie warten. Je gr\u00f6\u00dfer dieser \u201eHauptteil\u201c ist, desto gr\u00f6\u00dfer ist auch der \u201eRest\u201c des Knochens. Der progressive Verlust von Knochengehalt beginnt nach dem 30-ten Lebensjahr, weswegen die Knochenmasse in diesen Jahren von gro\u00dfer Bedeutung f\u00fcr die Knochen im Alter ist.<\/p>\n<p>Die intensive postmenopausale Osteoporose tritt bei Frauen am h\u00e4ufigsten 15 bis 20 Jahre nach der Menopause auf.<\/p>\n<p>Aus diesem Grund wird TEENLIFTING eine der <strong>wichtigsten Behandlungen in der Pr\u00e4vention und Rehabilitation von Osteoporose am Kiefer- und Gesichtsknochen<\/strong>.<\/p>\n<\/div>\n<\/div>\n<div class=\"info-box\" style=\"text-align: center;\"><span class=\"box-icon\">\u00a0<\/span>Kontraindikationen f\u00fcr TEENLIFTING sind: Pace maker, Epilepsie, Schwangerschaft, Operative Eingriffe (in den letzten 6 Monaten).<\/div>\n<p>\n<\/div><\/div>\n<div class=\"section-full-width section-dark\" style=\"background-color:#ffffff;\" id=\"siehabenfragenoderm\u00f6chteneinenterminabschliessen\"><div class=\"section-boxed\" style=\"color:#373737;\"><h2 class=\"section-title\" style=\"color:#373737;\">Sie haben Fragen oder m\u00f6chten einen Termin abschliessen?<\/h2><h4 style=\"color:#373737;\" class=\"sub-title\">Melden Sie sich bei uns!<\/h4><\/p>\n<p style=\"text-align: center;\"><a class=\"button\" href=\"http:\/\/www.teenlifting.com.hr\/de\/kontakt\/\" target=\"_blank\">ANFRAGE STELLEN<\/a><\/p>\n<p>\n<\/div><\/div>\n","protected":false},"excerpt":{"rendered":"","protected":false},"author":3,"featured_media":0,"parent":0,"menu_order":0,"comment_status":"closed","ping_status":"closed","template":"template-full-custom.php","meta":{"om_disable_all_campaigns":false,"_monsterinsights_skip_tracking":false,"_monsterinsights_sitenote_active":false,"_monsterinsights_sitenote_note":"","_monsterinsights_sitenote_category":0,"_uf_show_specific_survey":0,"_uf_disable_surveys":false,"footnotes":""},"class_list":["post-1745","page","type-page","status-publish","hentry"],"aioseo_notices":[],"yoast_head":"<!-- This site is optimized with the Yoast SEO plugin v24.7 - https:\/\/yoast.com\/wordpress\/plugins\/seo\/ -->\n<title>Teenlifting des Gesichts - Teenlifting<\/title>\n<meta name=\"robots\" content=\"index, follow, max-snippet:-1, max-image-preview:large, max-video-preview:-1\" \/>\n<link rel=\"canonical\" href=\"https:\/\/mail.teenlifting.eu\/de\/teenlifting-des-gesichts\/\" \/>\n<meta property=\"og:locale\" content=\"de_DE\" \/>\n<meta property=\"og:type\" content=\"article\" \/>\n<meta property=\"og:title\" content=\"Teenlifting des Gesichts - Teenlifting\" \/>\n<meta property=\"og:url\" content=\"https:\/\/mail.teenlifting.eu\/de\/teenlifting-des-gesichts\/\" \/>\n<meta property=\"og:site_name\" content=\"Teenlifting\" \/>\n<meta property=\"article:modified_time\" content=\"2018-02-04T16:18:01+00:00\" \/>\n<meta property=\"og:image\" content=\"https:\/\/teenlifting.com.hr\/content\/uploads\/2018\/02\/Konzultacije_DE_web.jpg\" \/>\n<meta name=\"twitter:card\" content=\"summary_large_image\" \/>\n<meta name=\"twitter:label1\" content=\"Gesch\u00e4tzte Lesezeit\" \/>\n\t<meta name=\"twitter:data1\" content=\"7\u00a0Minuten\" \/>\n<script type=\"application\/ld+json\" class=\"yoast-schema-graph\">{\"@context\":\"https:\/\/schema.org\",\"@graph\":[{\"@type\":\"WebPage\",\"@id\":\"https:\/\/mail.teenlifting.eu\/de\/teenlifting-des-gesichts\/\",\"url\":\"https:\/\/mail.teenlifting.eu\/de\/teenlifting-des-gesichts\/\",\"name\":\"Teenlifting des Gesichts - Teenlifting\",\"isPartOf\":{\"@id\":\"https:\/\/www.teenlifting.com.hr\/#website\"},\"primaryImageOfPage\":{\"@id\":\"https:\/\/mail.teenlifting.eu\/de\/teenlifting-des-gesichts\/#primaryimage\"},\"image\":{\"@id\":\"https:\/\/mail.teenlifting.eu\/de\/teenlifting-des-gesichts\/#primaryimage\"},\"thumbnailUrl\":\"https:\/\/teenlifting.com.hr\/content\/uploads\/2018\/02\/Konzultacije_DE_web.jpg\",\"datePublished\":\"2017-03-27T12:30:37+00:00\",\"dateModified\":\"2018-02-04T16:18:01+00:00\",\"breadcrumb\":{\"@id\":\"https:\/\/mail.teenlifting.eu\/de\/teenlifting-des-gesichts\/#breadcrumb\"},\"inLanguage\":\"de\",\"potentialAction\":[{\"@type\":\"ReadAction\",\"target\":[\"https:\/\/mail.teenlifting.eu\/de\/teenlifting-des-gesichts\/\"]}]},{\"@type\":\"ImageObject\",\"inLanguage\":\"de\",\"@id\":\"https:\/\/mail.teenlifting.eu\/de\/teenlifting-des-gesichts\/#primaryimage\",\"url\":\"https:\/\/teenlifting.com.hr\/content\/uploads\/2018\/02\/Konzultacije_DE_web.jpg\",\"contentUrl\":\"https:\/\/teenlifting.com.hr\/content\/uploads\/2018\/02\/Konzultacije_DE_web.jpg\"},{\"@type\":\"BreadcrumbList\",\"@id\":\"https:\/\/mail.teenlifting.eu\/de\/teenlifting-des-gesichts\/#breadcrumb\",\"itemListElement\":[{\"@type\":\"ListItem\",\"position\":1,\"name\":\"Po\u010detna stranica\",\"item\":\"https:\/\/mail.teenlifting.si\/de\/\"},{\"@type\":\"ListItem\",\"position\":2,\"name\":\"Teenlifting des Gesichts\"}]},{\"@type\":\"WebSite\",\"@id\":\"https:\/\/www.teenlifting.com.hr\/#website\",\"url\":\"https:\/\/www.teenlifting.com.hr\/\",\"name\":\"Teenlifting\",\"description\":\"Aktiviraj, ne plastificiraj!\",\"potentialAction\":[{\"@type\":\"SearchAction\",\"target\":{\"@type\":\"EntryPoint\",\"urlTemplate\":\"https:\/\/www.teenlifting.com.hr\/?s={search_term_string}\"},\"query-input\":{\"@type\":\"PropertyValueSpecification\",\"valueRequired\":true,\"valueName\":\"search_term_string\"}}],\"inLanguage\":\"de\"}]}<\/script>\n<!-- \/ Yoast SEO plugin. -->","yoast_head_json":{"title":"Teenlifting des Gesichts - Teenlifting","robots":{"index":"index","follow":"follow","max-snippet":"max-snippet:-1","max-image-preview":"max-image-preview:large","max-video-preview":"max-video-preview:-1"},"canonical":"https:\/\/mail.teenlifting.eu\/de\/teenlifting-des-gesichts\/","og_locale":"de_DE","og_type":"article","og_title":"Teenlifting des Gesichts - Teenlifting","og_url":"https:\/\/mail.teenlifting.eu\/de\/teenlifting-des-gesichts\/","og_site_name":"Teenlifting","article_modified_time":"2018-02-04T16:18:01+00:00","og_image":[{"url":"https:\/\/teenlifting.com.hr\/content\/uploads\/2018\/02\/Konzultacije_DE_web.jpg","type":"","width":"","height":""}],"twitter_card":"summary_large_image","twitter_misc":{"Gesch\u00e4tzte Lesezeit":"7\u00a0Minuten"},"schema":{"@context":"https:\/\/schema.org","@graph":[{"@type":"WebPage","@id":"https:\/\/mail.teenlifting.eu\/de\/teenlifting-des-gesichts\/","url":"https:\/\/mail.teenlifting.eu\/de\/teenlifting-des-gesichts\/","name":"Teenlifting des Gesichts - Teenlifting","isPartOf":{"@id":"https:\/\/www.teenlifting.com.hr\/#website"},"primaryImageOfPage":{"@id":"https:\/\/mail.teenlifting.eu\/de\/teenlifting-des-gesichts\/#primaryimage"},"image":{"@id":"https:\/\/mail.teenlifting.eu\/de\/teenlifting-des-gesichts\/#primaryimage"},"thumbnailUrl":"https:\/\/teenlifting.com.hr\/content\/uploads\/2018\/02\/Konzultacije_DE_web.jpg","datePublished":"2017-03-27T12:30:37+00:00","dateModified":"2018-02-04T16:18:01+00:00","breadcrumb":{"@id":"https:\/\/mail.teenlifting.eu\/de\/teenlifting-des-gesichts\/#breadcrumb"},"inLanguage":"de","potentialAction":[{"@type":"ReadAction","target":["https:\/\/mail.teenlifting.eu\/de\/teenlifting-des-gesichts\/"]}]},{"@type":"ImageObject","inLanguage":"de","@id":"https:\/\/mail.teenlifting.eu\/de\/teenlifting-des-gesichts\/#primaryimage","url":"https:\/\/teenlifting.com.hr\/content\/uploads\/2018\/02\/Konzultacije_DE_web.jpg","contentUrl":"https:\/\/teenlifting.com.hr\/content\/uploads\/2018\/02\/Konzultacije_DE_web.jpg"},{"@type":"BreadcrumbList","@id":"https:\/\/mail.teenlifting.eu\/de\/teenlifting-des-gesichts\/#breadcrumb","itemListElement":[{"@type":"ListItem","position":1,"name":"Po\u010detna stranica","item":"https:\/\/mail.teenlifting.si\/de\/"},{"@type":"ListItem","position":2,"name":"Teenlifting des Gesichts"}]},{"@type":"WebSite","@id":"https:\/\/www.teenlifting.com.hr\/#website","url":"https:\/\/www.teenlifting.com.hr\/","name":"Teenlifting","description":"Aktiviraj, ne plastificiraj!","potentialAction":[{"@type":"SearchAction","target":{"@type":"EntryPoint","urlTemplate":"https:\/\/www.teenlifting.com.hr\/?s={search_term_string}"},"query-input":{"@type":"PropertyValueSpecification","valueRequired":true,"valueName":"search_term_string"}}],"inLanguage":"de"}]}},"_links":{"self":[{"href":"https:\/\/mail.teenlifting.si\/de\/wp-json\/wp\/v2\/pages\/1745","targetHints":{"allow":["GET"]}}],"collection":[{"href":"https:\/\/mail.teenlifting.si\/de\/wp-json\/wp\/v2\/pages"}],"about":[{"href":"https:\/\/mail.teenlifting.si\/de\/wp-json\/wp\/v2\/types\/page"}],"author":[{"embeddable":true,"href":"https:\/\/mail.teenlifting.si\/de\/wp-json\/wp\/v2\/users\/3"}],"replies":[{"embeddable":true,"href":"https:\/\/mail.teenlifting.si\/de\/wp-json\/wp\/v2\/comments?post=1745"}],"version-history":[{"count":19,"href":"https:\/\/mail.teenlifting.si\/de\/wp-json\/wp\/v2\/pages\/1745\/revisions"}],"predecessor-version":[{"id":1976,"href":"https:\/\/mail.teenlifting.si\/de\/wp-json\/wp\/v2\/pages\/1745\/revisions\/1976"}],"wp:attachment":[{"href":"https:\/\/mail.teenlifting.si\/de\/wp-json\/wp\/v2\/media?parent=1745"}],"curies":[{"name":"wp","href":"https:\/\/api.w.org\/{rel}","templated":true}]}}