{"id":1774,"date":"2017-03-27T14:48:24","date_gmt":"2017-03-27T14:48:24","guid":{"rendered":"http:\/\/www.teenlifting.com.hr\/?page_id=1774\/"},"modified":"2017-03-29T17:52:18","modified_gmt":"2017-03-29T17:52:18","slug":"teenlifting-des-platysmas","status":"publish","type":"page","link":"https:\/\/mail.teenlifting.si\/de\/teenlifting-des-platysmas\/","title":{"rendered":"Teenlifting des Platysmas"},"content":{"rendered":"<div class=\"section-full-width section-light-bg\" style=\"background-color:#f7f7f7;\" id=\"teenlifting\u00aeplatysma\"><div class=\"section-boxed\" style=\"color:#373737;\"><h2 class=\"section-title\" style=\"color:#252525;\">TEENLIFTING\u00ae Platysma<\/h2><p><strong>TEENLIFTING\u00ae Platysma<\/strong> unterscheidet sich von anderen kosmetische Methoden, weil sie als einzige die Muskeln, die Haut und die Knochen gleichzeitig behandelt, was auch die Gesundheit der Person anregt. Die Methode ist fast komplett schmerzfrei. Auf dem weltweiten Markt ist dies eine einzigartige und innovative Methode, weil sie speziell geformte Elektroden zur Stimulation gro\u00dfer Muskelgruppen nutzt. Die Elektrostimulation der Platysma Muskeln, die sonst auf dem weltweiten Markt angeboten wird, stimuliert den Muskelbereich nur zum Teil und nur an bestimmten Stellen. Diese Stimulation ist zu intensiv f\u00fcr solche Stellen, w\u00e4hrend sie f\u00fcr den gesamten Muskel zu schwach ist. Das Ergebnis im gesamten Muskelbereich des Platysmas bleibt bei anderen Methoden aus oder ist zu schwach. Die Behandlung wird mit Ger\u00e4ten zur Elektrostimulation von Akkupunkturpunkten und Muskeln ausgef\u00fchrt.<br \/>\nTEENLIFTING Platysma ist die Elektrostimulation aller Hals-, Kinn-, Mund- und Wangenmuskeln mit folgenden Zielen: Halsstraffung, Doppelkinnbehebung, Kinnanhebung und Mundstraffung, Gesicht und Hals schm\u00e4lern, Muskel- und Hauttonusanhebung, Behebung von Augenringen, Verringerung geschwollener Augenlider, St\u00e4rkung des Kieferknochens und Bek\u00e4mpfung von Schnarchbeschwerden.<\/p>\n<p>&nbsp;<\/p>\n<div class=\"services-wrapper services-boxed-photo cols-wrapper cols-3\"><div class=\"services-box col\"><div class=\"img-container\"><img decoding=\"async\" src=\"https:\/\/teenlifting.com.hr\/content\/uploads\/2016\/09\/misici_2.jpg\" alt=\"Kreisf\u00f6rmige Muskeln im Augen- und Mundbereich\"\/><\/div><div class=\"services-content\"><div class=\"sc-wraper\"><h3>Kreisf\u00f6rmige Muskeln im Augen- und Mundbereich<\/h3><\/div><\/div><\/div><div class=\"services-box col\"><div class=\"img-container\"><img decoding=\"async\" src=\"https:\/\/teenlifting.com.hr\/content\/uploads\/2016\/09\/misici_3.jpg\" alt=\"Platisma Muskel\"\/><\/div><div class=\"services-content\"><div class=\"sc-wraper\"><h3>Platisma Muskel<\/h3><\/div><\/div><\/div><div class=\"services-box col nomargin\"><div class=\"img-container\"><img decoding=\"async\" src=\"https:\/\/teenlifting.com.hr\/content\/uploads\/2016\/09\/misici_1.jpg\" alt=\"Gesichts- und Halsmuskeln\"\/><\/div><div class=\"services-content\"><div class=\"sc-wraper\"><h3>Gesichts- und Halsmuskeln<\/h3><\/div><\/div><\/div><div class=\"clear\"><\/div><\/div>\n<p><strong>Der Platysma Muskel (Musculus platysma- Weithalsmuskel)<\/strong> ist ein extrem empfindlicher Bereich und deckt den Hals an der Vorderseite und seitlich ab. Der Muskel geht von den Schultern, schneidet auf der Vorderseite tief ein (Faszie musculus deltoideus und Musculus pectoralis major) und hilft, den Unterkiefer zu senken, sowie das Bewegen beider Lippen nach unten zu steuern. Der Muskel streift kurz \u00fcber das Kinn, verschmelzt mit den Gesichtsmuskeln und der Haut im Bereich der Lippenwinkel und mit den Knochen des Unterkiefers. Von der Vorderseite deckt der Platysma Muskel das untere Drittel des Halses nicht ab.<\/p>\n<p>Der Platysma Muskel dient zum Ausdruck von Stress und Anspannung. Durch Kontraktionen erzeugt er eine vertikale Falte am Hals.<\/p>\n<p>Der Platysma Muskel erschlafft schon nach dem 20-ten Lebensjahr wegen seinem weichen und schwachen Bau. Dieser Muskel fordert im Gegensatz zu anderen Muskeln das intensivste Training.<\/p>\n<p><strong>All das z\u00e4hlt zu den Schwierigkeiten auf dem Weg zur St\u00e4rkung des Platysma Muskels und beim Versuch, die Ergebnisse l\u00e4nger beizubehalten. Die Art der Platysma- Stimulation spielt eine sehr wichtige Rolle beim Erzielen der gew\u00fcnschten Ergebnissen: Zusammenziehen im Bereich des Kinns, Anheben von Mund und Wangen.<\/strong><\/p>\n<p>\n<\/div><\/div>\n<div class=\"section-full-width section-light-bg\" style=\"background-color:#ffffff;\" id=\"sindsiesicheigentlichbewusstdassdaserste\u00e4sthetischeproblembereitsnachdem25-tenlebensjahrinformvondoppelkinnundabsenkungdesunterengesichtsbereichsfallauftritt\"><div class=\"section-boxed\" style=\"color:#373737;\"><h2 class=\"section-title\" style=\"color:#252525;\">Sind Sie sich eigentlich bewusst, dass das erste \u00e4sthetische Problem bereits nach dem 25-ten Lebensjahr in Form von Doppelkinn und Absenkung des unteren Gesichtsbereichs (Fall) auftritt?<\/h2><p>Falten besch\u00e4ftigen uns erst sp\u00e4ter, weil sie nach dem 30-ten Lebensjahr entstehen. Viele sind der Meinung, dass ein Doppelkinn als Folge von \u00dcbergewicht entsteht und dass das Doppelkinn im zunehmenden Alter gebildet wird. Aber durch den Wachstumshormonverlust entsteht das Doppelkinn schon in den 20-er Jahren. Durch die weltbekannte Methode der innovativen Dr. Sanja Malba\u0161 Go\u0161ovi\u0107, TEENLIFTING Elektrostimulation des Platysma Muskels, wird das Gesicht wie beim Fittness behandelt und die Methode wirkt auch \u00e4hnlich.<br \/>\nMittels des TEENLIFTINGs des Platysma Muskels wird eine Hebung des Tonus- Muskels und der Haut sichtbar, wobei sich das Doppelkinn gleichzeitig zur\u00fcckformt und der Mund angehoben wird. Ebenfalls sichtbar werden durch die Behandlung das schmalere Gesicht und der straffere Halsbereich. Der Platysma Muskel deckt den unteren Gesichtsteil, das Kinn und den Hals ab.<\/strong>.<\/p>\n<p><strong>Die Elektrostimulation der Platysma<\/strong> Muskeln, die sonst auf dem weltweiten Markt angeboten wird, stimuliert den Muskelbereich nur zum Teil und nur an bestimmten Stellen. Diese Stimulation ist zu intensiv f\u00fcr solche Stellen, w\u00e4hrend sie f\u00fcr den gesamten Muskel zu schwach ist. Das Ergebnis im gesamten Muskelbereich des Platysmas bleibt bei anderen Methoden aus oder ist zu schwach. Die Behandlung wird mit Ger\u00e4ten zur Elektrostimulation von Akkupunkturpunkten und Muskeln ausgef\u00fchrt.<\/p>\n<p><strong>TEENLIFTING des Platysma Muskels am Kinn, Hals und im unteren Gesichtsbereich wirkt anhand der einzigartigen Elektroden gezielt und synchronisiert, um den kompletten Muskel auf nat\u00fcrliche und gesunde Weise zu stimulieren. So wirkt die Stimulation auf den kreisf\u00f6rmigen Mundmuskel, die Muskel am Kinn, an den Wangen und drumherum. Auf nat\u00fcrliche und gesunde Weise verliert man das Doppelkinn durch eine schmerzfreie Stimulation ohne sich unters Messer legen zu m\u00fcssen.<\/strong><\/p>\n<p>Wenn sich der untere Gesichtsbereich entspannt, dehnt sich die Haut, h\u00e4ngt, das Querprofil des unteren Gesichtsbereichs und ist nicht mehr betont. Es entstehen \u201eS\u00e4cke\u201c im unteren Gesichtsbereich,  unter den Mundwinkeln. Es entstehen Falten zwischen den Lippen, die Wangen vertiefen sich und es kommt zu einem vollkommen ver\u00e4nderten Gesichtsausdruck und Aussehen an sich. Das Doppelkinn entsteht am h\u00e4ufigsten bei Menschen mit Gewichtsproblemen und \u00e4lteren Menschen. Das ist aber nicht immer der Fall. Immer h\u00e4ufiger entsteht das Doppelkinn auch bei j\u00fcngeren Menschen und stellt ein sehr gro\u00dfes \u00e4sthetisches Problem dar.<\/p>\n<p>&nbsp;<\/p>\n<p><strong>Die \u00e4sthetischen Probleme beim Doppelkinn entstehen durch: <\/strong><\/p>\n<ol style=\"padding-left: 60px;\">\n<li>Physiologische, nat\u00fcrliche Verringerung der Ausscheidung und Sekretion von Hormonen, die den Muskeltonus und die Haut stimulieren sollen (z.B. das Wachstumshormon ist schon in den 20-er Jahren stark r\u00fcckl\u00e4ufig, &#8230;).<\/li>\n<li>Eine Ansammlung von Fettgewebe im Halsbereich, unter dem Kinn.<\/li>\n<li>Muskelentspannung beim Platysma (eine d\u00fcnne Schicht von Muskel unter der Haut des Kinns, Unterseite des Kinns und der Wangenbereich), sowie Erschlaffung des Musculus omohyoideus-a.<\/li>\n<li>Die Elastizit\u00e4t der Haut l\u00e4sst in diesem Teil des Gesichts stark nach. Die Haut am Hals wird schlecht durchblutet, ist d\u00fcnn, bildet wenig Schwei\u00df und ist empfindlich, weswegen sie dazu neigt sich zu r\u00f6ten. Wenn der Stratum corneum zu d\u00fcnn ist,  wird die Haut rau und unelastisch.<\/li>\n<\/ol>\n<p>\n<\/div><\/div>\n<div class=\"section-full-width section-light-bg\" style=\"background-color:#f7f7f7;\" id=\"erfahrensiemehr\u00fcberteenliftingdesplatymas\"><div class=\"section-boxed\" style=\"color:#373737;\"><h2 class=\"section-title\" style=\"color:#252525;\">Erfahren Sie mehr \u00fcber TEENLIFTING des Platymas<\/h2><\/p>\n<div class=\"cols-wrapper cols-2\">\n<div class=\"col\">\n<p>&nbsp;<\/p>\n<h2>Wann sind erste Ergebnisse zu erwarten?<\/h2>\n<p><strong>(Formen und Anheben der Wangen, vollere und vorstehende Lippen, Straffung der Falten im Mundbereich, Bek\u00e4mpfung von Augenringen, kleinere Schwellungen im Augenbereich, Straffung von Doppelkinn und Hals, sowie ein insgesamt schmaleres Gesicht)<\/strong><\/p>\n<p>Nach einigen TEENLIFTING Stimulationen des Platysma Muskels f\u00fchlt man \u201eMuskelkater\u201c (Muskelentz\u00fcndung) im Bereich unter dem Unterkiefer oder im unteren Wangenbereich. Das Auftreten von Muskelkater ist individuell und h\u00e4ngt vom Ausgangstonus der Muskeln, der Stimulationsintensit\u00e4t, der L\u00e4nge und der H\u00e4ufigkeit des Trainings ab. Sofern Muskelkater auftritt, kann die Behandlung trotzdem fortgesetzt werden, allerdings in niedrigerer Intensit\u00e4t der Stimulation oder man legt einige Tage Pause ein.<\/p>\n<p>Obwohl der Platysma Muskel und andere Muskeln intensiv trainiert werden, h\u00e4ngen die Ergebnisse von der Haut ab, die im unteren Gesichtsbereich und am Doppelkinn die Form eines S\u00e4ckchens hat. <strong>Intensive Durchblutung und Drenaige<\/strong> st\u00e4rken die Haut und verbessert ihre Qualit\u00e4t. Die Haut an Kinn und Hals ist sehr empfindlich wegen dem sch\u00e4dlichen Einfluss st\u00e4ndiger Sonnenstrahlen. Die horizontalen Falten mitten am Hals sind untereinander paralel und werden mittels TEENLIFTING ge\u00f6ffnet. Die Geschwindigkeit ihrer R\u00fcckbildung h\u00e4ngt von der Hautqualit\u00e4t, der H\u00e4ufigkeit des Trainings und dem Alter ab.<\/p>\n<p>Elastischere Haut wird sich der neuen Form von Hals, Kinn und Gesicht sofort anpassen.<\/p>\n<p>Gerade deswegen wird empfohlen, die <strong>TEENLIFTING Behandlung durch Stimulation vor dem 30-ten<\/strong> Lebensjahr zu beginnen, weil die Erschlaffung des Platysma Muskels in der Anfangsphase ist, die Haut ist noch elastisch und die Ergebnisse werden schnell erzielt. Der Muskeltonus wird mittels Training zwischen 20-40 Mal j\u00e4hrlich erhalten. Die Person, die ihre Muskeln so trainiert, wird einen perfekten Hals, ein wundersch\u00f6nes Kinn, Wangen und einen optimalen Mund bis zum Ende ihres Lebens haben.<\/p>\n<p>Die Ergebnisse k\u00f6nnen in diesem Alter, wie auch in sp\u00e4teren Jahren, vor allem von \u00dcbergewicht verlangsamt werden. \u00dcberfl\u00fcssiges Fettgewebe kann durch TEENLIFTING nicht entfernt werden.<\/p>\n<p>Klienten in den 50-ern und \u00e4ltere k\u00f6nnen auch langsamere Resultate erwarten, die von der Elastizit\u00e4t der Haut abh\u00e4ngen. Das ist aber nicht immer der Fall.<\/p>\n<p>Die Haut darf w\u00e4hrend der TEENLIFTING Behandlung mit allen herk\u00f6mmlichen kosmetischen Produkten behandelt werden (RF, LPG, Laser, IPL, AHA).<\/p>\n<p>&nbsp;<\/p>\n<blockquote>\n<p>Alle Behandlungen der Haut k\u00f6nnten m\u00f6glicherweise die Sichtbarkeit der neuen Muskelform beschleunigen, jedoch kann keine Behandlung der Haut die Form des Muskels an sich ver\u00e4ndern.<\/p>\n<\/blockquote>\n<p>&nbsp;<\/p>\n<p>Im Falle, dass die Haut \u00fcberhaupt nicht behandelt wird, wird sie sich von Natur aus \u201ezusammenziehen\u201c und sich innerhalb weniger Tage oder Monate formen. Die Haut regeneriert sich t\u00e4glich, w\u00e4hrend eine \u201ekomplette\u201c Erneuerung etwa 30 Tage dauert in den 30-er Jahren, und im Alter zunehmend bis zu 60 Tage in den 70-er Jahren dauern kann. Deswegen werden die Ergebnisse der Behandlung 5 oder 6 Tage nach der Behandlung besser sichtbar sein. Es ist ebenfalls m\u00f6glich, dass die Haut nach dem Training \u201eh\u00e4ngt\u201c, was auch logisch ist, weil sich der Muskel schnell zusammenziehen und formen, w\u00e4hrend die Haut \u201eleer\u201c bleibt. Das bedeutet, die Haut bleibt ohne den st\u00fctzenden Muskel und sieht aus, als ob es \u201ezu viel\u201c von ihr g\u00e4be.<\/p>\n<p>Falls man nach einer gewissen Zeit aufh\u00f6rt zu trainieren, behalten die Muskeln trotzdem lange ihre Form und die Straffheit. Da wir durch die Elektrostimulation unsere Muskeln weder \u201epushen\u201c, noch ihr Volumen erh\u00f6hen, bilden sich diese nach dem Training auch nicht zum schlechteren Zustand.<\/p>\n<\/div>\n<div class=\"col nomargin\">\n<p>&nbsp;<\/p>\n<p>WARNUNG F\u00dcR ALLE PERSONEN:<\/p>\n<ul style=\"padding-left: 60px;\">\n<li>Die auf Di\u00e4t sind und versuchen ihr K\u00f6rpergewicht zu reduzieren<\/li>\n<li>Die spontan an Gewicht verlieren<\/li>\n<li>Die gerade nach einem Gewichtsverlust mit dem Training beginnen wollen. Falls Sie 5 oder mehr Kilo verloren haben, m\u00fcssen Sie das Training <strong>reduzieren!<\/strong><\/li>\n<\/ul>\n<p>IDEALER TRAININGSRHYTMUS:<\/p>\n<ul style=\"padding-left: 60px;\">\n<li>4x j\u00e4hrlich je 10 aufeinanderfolgende Trainingseinheiten (t\u00e4glich oder alle 2 Tage). Zus\u00e4tzlich sollte die restlichen Monate 1x in der Woche trainiert werden.<\/li>\n<\/ul>\n<p>DURCHSCHNITTLICHER TRAININGSRHYTMUS:<\/p>\n<ul style=\"padding-left: 60px;\">\n<li>2x j\u00e4hrlich je 10 aufeinanderfolgende Trainingseinheiten &#8211; zus\u00e4tzliches Training beibehalten f\u00fcr 1x im Monat oder<\/li>\n<li>3x j\u00e4hrlich je 5 Trainingseinheiten<\/li>\n<\/ul>\n<p>MINIMALER TRAININGSRHYTMUS:<\/p>\n<ul style=\"padding-left: 60px;\">\n<li>2 bis 3 doppelte Trainingseinheiten (am Wochenende), 2x j\u00e4hrlich<\/li>\n<\/ul>\n<p>Die ersten Ergebnisse werden nach der 5-ten Behandlung sichtbar, obwohl j\u00fcngere Personen auch schon nach der ersten Sitzung etwas sehen k\u00f6nnen.<\/p>\n<p>&nbsp;<\/p>\n<blockquote>\n<p>Wie unterst\u00fctzt TEENLIFTING des Platysma Muskels ihre Gesundheit?<br \/>\nDer Einfluss von TEENLIFTING auf Kiefergelenk und Kopfschmerzen<\/p>\n<\/blockquote>\n<p>&nbsp;<\/p>\n<p>Vor beiden Ohren befinden sich Kiefergelenke (TMG -temporomandibul\u00e4re Gelenke), die den unteren Kiefer mit dem Schl\u00e4fenbein verbinden. Sie werden von Ligamenten und Muskeln befestigt, die f\u00fcr Bewegungen des Kifergelenks zust\u00e4ndig sind.<\/p>\n<p>Eine Fehlbildung des ZMG-s ist die Straffung und das Zucken bestimmter Muskel,   hervorgerufen durch psychologische Komponenten- Stress. Eines der Symptome solcher Beschwerden sind Kopfschmerzen, die mit herk\u00f6mmlichen Therapien nicht gelindert werden k\u00f6nnen. Solche Kopfschmerzen treten meist morgens auf (nachdem die Muskeln nachts intensiv gezuckt haben) oder nach stressbedingten Situationen den Tag \u00fcber.<\/p>\n<p>TEENLIFTING befreit den Kopf von Schmerzen, indem die Muskeln trainiert werden und die \u00dcbungen das Zucken und die Schmerzen \u201ezerschlagen\u201c und gleichzeitig die Duchblutung der Muskeln, Knochen und des Kiefers ankurbeln.<\/p>\n<h2>Der Einfluss von TEENLIFTING des Platysma Muskels auf die Regenerierung von Knochenmasse der Gesichtsknochen.<\/h2>\n<p>Die Zusammensetzung und das metabolische Gleichgewicht von Knochen h\u00e4ng von der Aktivit\u00e4t der Muskeln und dem Moment der Druckeinwirkung ab, sowie vom Straffen der Sehnenans\u00e4tze am Knochen. Die Muskelaktivit\u00e4t verlangsamt den Prozess der Osteoporose durch st\u00e4ndige Stimulation der Knochen zur ihrer Entstehung (von der letztendlich auch die Regenerierung physiologisch abh\u00e4ngig ist).<\/p>\n<p>Aus diesem Grund wird TEENLIFTING des Platysma Muskels eine <strong>der wichtigsten Behandlungen in der Pr\u00e4vention und Rehabilitation von Osteoporose am Kiefer- und Gesichtsknochen<\/strong>.<\/p>\n<h2>Der Einfluss von Stimulation durch TEENLIFTING auf das Aufheben von Schnarchbeschwerden.<\/h2>\n<p>Die Ursache von Schnarchbeschwerden ist der schmale zusammengezogene Luftweg durch die Nase oder den Mund. TEENLIFTING DES PLATYSMA MUSKELS behebt diese Beschwerden erfolgreich in F\u00e4llen, wenn:<\/p>\n<ul style=\"padding-left: 60px;\">\n<li>Die Ursache des engen Nasenluftwegs geschwollene Schleimh\u00e4ute sind oder eine Entz\u00fcndung der oberen Atemwege vorliegt. TEENLIFTING DES PLATYSMA MUSKELS bearbeitet die geschwollenen Gewebebereiche intensiver.<\/li>\n<li>Die Ursache des engen Luftwegs durch den Mund  im Abbau des Tonus Muskels  von Zunge und Rachen liegt. Dadurch f\u00e4llt die Zunge zur\u00fcck in die Atemwege. Ursachen f\u00fcr solche Beschwerden sind u.a. Alkoholismus, Altern, Einnahme von Schlafmitteln u.s.w. TEENLIFTING DES PLATYSMA MUSKELS st\u00e4rkt den Muskeltonus von Zunge und Rachen und erm\u00f6glicht so ihre Bewegungsfreiheit.<\/li>\n<\/ul>\n<\/div>\n<\/div>\n<div class=\"info-box\" style=\"text-align: center;\"><span class=\"box-icon\">\u00a0<\/span>Kontraindikationen f\u00fcr TEENLIFTING sind: Pace maker, Epilepsie, Schwangerschaft, Operative Eingriffe (in den vergangenen sechs Monaten).<\/div>\n<p>\n<\/div><\/div>\n<div class=\"section-full-width section-dark\" style=\"background-color:#ffffff;\" id=\"siehabenfragenoderm\u00f6chteneinenterminabschliessen\"><div class=\"section-boxed\" style=\"color:#373737;\"><h2 class=\"section-title\" style=\"color:#373737;\">Sie haben Fragen oder m\u00f6chten einen Termin abschliessen?<\/h2><h4 style=\"color:#373737;\" class=\"sub-title\">Melden Sie sich bei uns!<\/h4><\/p>\n<p style=\"text-align: center;\"><a class=\"button\" href=\"http:\/\/www.teenlifting.com.hr\/de\/kontakt\/\" target=\"_blank\">ANFRAGE STELLEN<\/a><\/p>\n<p>\n<\/div><\/div>\n","protected":false},"excerpt":{"rendered":"","protected":false},"author":3,"featured_media":0,"parent":0,"menu_order":0,"comment_status":"closed","ping_status":"closed","template":"template-full-custom.php","meta":{"om_disable_all_campaigns":false,"_monsterinsights_skip_tracking":false,"_monsterinsights_sitenote_active":false,"_monsterinsights_sitenote_note":"","_monsterinsights_sitenote_category":0,"_uf_show_specific_survey":0,"_uf_disable_surveys":false,"footnotes":""},"class_list":["post-1774","page","type-page","status-publish","hentry"],"aioseo_notices":[],"yoast_head":"<!-- This site is optimized with the Yoast SEO plugin v24.7 - https:\/\/yoast.com\/wordpress\/plugins\/seo\/ -->\n<title>Teenlifting des Platysmas - Teenlifting<\/title>\n<meta name=\"robots\" content=\"index, follow, max-snippet:-1, max-image-preview:large, max-video-preview:-1\" \/>\n<link rel=\"canonical\" href=\"https:\/\/teenlifting.com.hr\/de\/teenlifting-des-platysmas\/\" \/>\n<meta property=\"og:locale\" content=\"de_DE\" \/>\n<meta property=\"og:type\" content=\"article\" \/>\n<meta property=\"og:title\" content=\"Teenlifting des Platysmas - Teenlifting\" \/>\n<meta property=\"og:url\" content=\"https:\/\/teenlifting.com.hr\/de\/teenlifting-des-platysmas\/\" \/>\n<meta property=\"og:site_name\" content=\"Teenlifting\" \/>\n<meta property=\"article:modified_time\" content=\"2017-03-29T17:52:18+00:00\" \/>\n<meta name=\"twitter:card\" content=\"summary_large_image\" \/>\n<meta name=\"twitter:label1\" content=\"Gesch\u00e4tzte Lesezeit\" \/>\n\t<meta name=\"twitter:data1\" content=\"11\u00a0Minuten\" \/>\n<script type=\"application\/ld+json\" class=\"yoast-schema-graph\">{\"@context\":\"https:\/\/schema.org\",\"@graph\":[{\"@type\":\"WebPage\",\"@id\":\"https:\/\/teenlifting.com.hr\/de\/teenlifting-des-platysmas\/\",\"url\":\"https:\/\/teenlifting.com.hr\/de\/teenlifting-des-platysmas\/\",\"name\":\"Teenlifting des Platysmas - Teenlifting\",\"isPartOf\":{\"@id\":\"https:\/\/www.teenlifting.com.hr\/#website\"},\"datePublished\":\"2017-03-27T14:48:24+00:00\",\"dateModified\":\"2017-03-29T17:52:18+00:00\",\"breadcrumb\":{\"@id\":\"https:\/\/teenlifting.com.hr\/de\/teenlifting-des-platysmas\/#breadcrumb\"},\"inLanguage\":\"de\",\"potentialAction\":[{\"@type\":\"ReadAction\",\"target\":[\"https:\/\/teenlifting.com.hr\/de\/teenlifting-des-platysmas\/\"]}]},{\"@type\":\"BreadcrumbList\",\"@id\":\"https:\/\/teenlifting.com.hr\/de\/teenlifting-des-platysmas\/#breadcrumb\",\"itemListElement\":[{\"@type\":\"ListItem\",\"position\":1,\"name\":\"Po\u010detna stranica\",\"item\":\"https:\/\/mail.teenlifting.si\/de\/\"},{\"@type\":\"ListItem\",\"position\":2,\"name\":\"Teenlifting des Platysmas\"}]},{\"@type\":\"WebSite\",\"@id\":\"https:\/\/www.teenlifting.com.hr\/#website\",\"url\":\"https:\/\/www.teenlifting.com.hr\/\",\"name\":\"Teenlifting\",\"description\":\"Aktiviraj, ne plastificiraj!\",\"potentialAction\":[{\"@type\":\"SearchAction\",\"target\":{\"@type\":\"EntryPoint\",\"urlTemplate\":\"https:\/\/www.teenlifting.com.hr\/?s={search_term_string}\"},\"query-input\":{\"@type\":\"PropertyValueSpecification\",\"valueRequired\":true,\"valueName\":\"search_term_string\"}}],\"inLanguage\":\"de\"}]}<\/script>\n<!-- \/ Yoast SEO plugin. -->","yoast_head_json":{"title":"Teenlifting des Platysmas - Teenlifting","robots":{"index":"index","follow":"follow","max-snippet":"max-snippet:-1","max-image-preview":"max-image-preview:large","max-video-preview":"max-video-preview:-1"},"canonical":"https:\/\/teenlifting.com.hr\/de\/teenlifting-des-platysmas\/","og_locale":"de_DE","og_type":"article","og_title":"Teenlifting des Platysmas - Teenlifting","og_url":"https:\/\/teenlifting.com.hr\/de\/teenlifting-des-platysmas\/","og_site_name":"Teenlifting","article_modified_time":"2017-03-29T17:52:18+00:00","twitter_card":"summary_large_image","twitter_misc":{"Gesch\u00e4tzte Lesezeit":"11\u00a0Minuten"},"schema":{"@context":"https:\/\/schema.org","@graph":[{"@type":"WebPage","@id":"https:\/\/teenlifting.com.hr\/de\/teenlifting-des-platysmas\/","url":"https:\/\/teenlifting.com.hr\/de\/teenlifting-des-platysmas\/","name":"Teenlifting des Platysmas - Teenlifting","isPartOf":{"@id":"https:\/\/www.teenlifting.com.hr\/#website"},"datePublished":"2017-03-27T14:48:24+00:00","dateModified":"2017-03-29T17:52:18+00:00","breadcrumb":{"@id":"https:\/\/teenlifting.com.hr\/de\/teenlifting-des-platysmas\/#breadcrumb"},"inLanguage":"de","potentialAction":[{"@type":"ReadAction","target":["https:\/\/teenlifting.com.hr\/de\/teenlifting-des-platysmas\/"]}]},{"@type":"BreadcrumbList","@id":"https:\/\/teenlifting.com.hr\/de\/teenlifting-des-platysmas\/#breadcrumb","itemListElement":[{"@type":"ListItem","position":1,"name":"Po\u010detna stranica","item":"https:\/\/mail.teenlifting.si\/de\/"},{"@type":"ListItem","position":2,"name":"Teenlifting des Platysmas"}]},{"@type":"WebSite","@id":"https:\/\/www.teenlifting.com.hr\/#website","url":"https:\/\/www.teenlifting.com.hr\/","name":"Teenlifting","description":"Aktiviraj, ne plastificiraj!","potentialAction":[{"@type":"SearchAction","target":{"@type":"EntryPoint","urlTemplate":"https:\/\/www.teenlifting.com.hr\/?s={search_term_string}"},"query-input":{"@type":"PropertyValueSpecification","valueRequired":true,"valueName":"search_term_string"}}],"inLanguage":"de"}]}},"_links":{"self":[{"href":"https:\/\/mail.teenlifting.si\/de\/wp-json\/wp\/v2\/pages\/1774","targetHints":{"allow":["GET"]}}],"collection":[{"href":"https:\/\/mail.teenlifting.si\/de\/wp-json\/wp\/v2\/pages"}],"about":[{"href":"https:\/\/mail.teenlifting.si\/de\/wp-json\/wp\/v2\/types\/page"}],"author":[{"embeddable":true,"href":"https:\/\/mail.teenlifting.si\/de\/wp-json\/wp\/v2\/users\/3"}],"replies":[{"embeddable":true,"href":"https:\/\/mail.teenlifting.si\/de\/wp-json\/wp\/v2\/comments?post=1774"}],"version-history":[{"count":9,"href":"https:\/\/mail.teenlifting.si\/de\/wp-json\/wp\/v2\/pages\/1774\/revisions"}],"predecessor-version":[{"id":1859,"href":"https:\/\/mail.teenlifting.si\/de\/wp-json\/wp\/v2\/pages\/1774\/revisions\/1859"}],"wp:attachment":[{"href":"https:\/\/mail.teenlifting.si\/de\/wp-json\/wp\/v2\/media?parent=1774"}],"curies":[{"name":"wp","href":"https:\/\/api.w.org\/{rel}","templated":true}]}}