{"id":1781,"date":"2017-03-27T15:45:50","date_gmt":"2017-03-27T15:45:50","guid":{"rendered":"http:\/\/www.teenlifting.com.hr\/?page_id=1781\/"},"modified":"2017-03-29T17:40:33","modified_gmt":"2017-03-29T17:40:33","slug":"faq","status":"publish","type":"page","link":"https:\/\/mail.teenlifting.si\/de\/faq\/","title":{"rendered":"FAQ"},"content":{"rendered":"<h2>H\u00e4ufig gestellte Fragen<\/h2>\n<hr \/>\n<p>&nbsp;<\/p>\n<h4>Allgemein<\/h4>\n<div class=\"accordion-container\"><br \/>\n<div class=\"accordion-title\">1. Wodurch unterscheidet sich TEENLIFTING von anderen Elektrostimulationen die auf dem Markt angeboten werden?<span class=\"ac-indicator\"><\/span><\/div><div class=\"pane\">TEENLIFTING\u00ae Stimulationsmethode nutzt speziell geformte und einzigartige Elektroden, die alle Muskeln gleichzeitig stimulieren. Genau auf diese weise erzielt die <strong>Elektrostimulation<\/strong> die besten Ergebnisse bei allen Muskeln (die Schwelle des Wohlgef\u00fchls liegt h\u00f6her, weswegen die Stimulation auf alle Muskeln und Muskelgruppen intensiver wirkt). Die klassische Stimulation wirkt nur auf kleinen Fl\u00e4chen einzelner Muskeln, was f\u00fcr diese zu intensiv sein kann. Die restlichen nebenliegenden Muskeln werden nicht davon beeinflusst.<div class=\"clear\"><\/div><\/div><div class=\"accordion-title\">2. Wie lange dauert eine Behandlung?<span class=\"ac-indicator\"><\/span><\/div><div class=\"pane\">Die Behandlung von K\u00f6rper und Gesicht dauern je 30 Minuten.<div class=\"clear\"><\/div><\/div><br \/>\n<\/div>\n<h4>Das Gesicht<\/h4>\n<div class=\"accordion-container\"><br \/>\n<div class=\"accordion-title\">1. Warum stimuliert TEENLIFTING alle Muskeln gleichzeitig?<span class=\"ac-indicator\"><\/span><\/div><div class=\"pane\">Muskeln sind anatomisch untereinander verbunden, weswegen eine synkronisierte Stimulation wichtig ist, um hervorragende Ergebnisse zu erzielen, was man mittels der speziell geformten Elektroden erreicht. W\u00e4hrend jedem einzelnen der zehn unterschiedlichen Trainingseinheiten werden absolut alle Muskeln stimuliert: Muskeln an Stirn, Schl\u00e4fen, Augen, Wangen, Mund, Kinn, Doppelkinn und Hals. Hierbei sind aber die Trainingsarten und Kombinationen unterschiedlich.<div class=\"clear\"><\/div><\/div><div class=\"accordion-title\">2. Wie beeinflusst TEENLIFTING die Haut?<span class=\"ac-indicator\"><\/span><\/div><div class=\"pane\">TEENLIFTING erreicht die Gesundheit, Straffheit und besseres Aussehen der Haut auf nat\u00fcrliche Weise durch:<\/p>\n<ul style=\"padding-left: 60px;\">\n<li>Anhebenden und straffenden Tonus des Haut st\u00fctzenden Bereichs \u2013 sprich der Muskeln<\/li>\n<li>schnellere Durchblutung und Lymphdrainage des Gewebes unter der Haut und des Hauptgewebes selbst, was einen schnelleren Durchlauf von Fl\u00fcssigkeiten ohne Stau bewirkt (Einnahme von N\u00e4hrstoffen, Hormonen\u2026 Ausscheidung von Toxinen und Abf\u00e4llen)<\/li>\n<li>verst\u00e4rkte Mikrozirkulation der Haut, welche ihr Straffheit, Spannung und Glanz verleiht und so auf ges\u00fcndeste Weise das Zusammenziehen der Haut stimuliert<\/li>\n<\/ul>\n<p><div class=\"clear\"><\/div><\/div><div class=\"accordion-title\">3. Warum ist es wichtig vor dem 30-ten lebensjahr mit TEENLIFTING zu beginnen?<span class=\"ac-indicator\"><\/span><\/div><div class=\"pane\">Nach dem 30-ten Lebensajahr lassen die Muskeln nach, sie ver\u00e4ndern ihre Form und der Gesichtsausdruck \u00e4ndert sich. Ideal w\u00e4re, wenn sich die Form und jugendliche Straffheit des Gesichts von vor dem 30-ten Lebensjahr beibehalten lassen k\u00f6nnte und sich bis ans Lebensende nicht \u00e4ndern w\u00fcrde.<div class=\"clear\"><\/div><\/div><div class=\"accordion-title\">4. Bin ich zu alt f\u00fcr TEENLIFTING?<span class=\"ac-indicator\"><\/span><\/div><div class=\"pane\">Eine obere Altersgrenze gibt es nicht, die Muskeln m\u00fcssen ein Leben lang trainiert werden.<div class=\"clear\"><\/div><\/div><div class=\"accordion-title\">5. Verschwinden meine Falten?<span class=\"ac-indicator\"><\/span><\/div><div class=\"pane\">Ja. Die Geschwindigkeit der Faltengl\u00e4ttung ist individuell und h\u00e4ngt von der Anzahl der Trainingseinheiten, dem Alter und anderen Umst\u00e4nden ab.<div class=\"clear\"><\/div><\/div><div class=\"accordion-title\">6. Verschwinden meine mimischen Falten?<span class=\"ac-indicator\"><\/span><\/div><div class=\"pane\">Die TEENLIFTING Stimulation l\u00e4sst das Gesicht j\u00fcnger aussehen, das Kinn strafft sich, der Hals spannt sich, das gesamte Gesicht sieht faltenfrei aus.Sie verlieren nicht nur eine Falte. Wie schnell die Falten sich zur\u00fcckbilden ist unterschiedlich und h\u00e4ngt vom Alter, Trainingseinheiten und vielen anderen Faktoren ab.<div class=\"clear\"><\/div><\/div><div class=\"accordion-title\">7. Gibt es einen unterschied zwischen mimischen falten und faltenbildung (verschrumpeln der Haut)?<span class=\"ac-indicator\"><\/span><\/div><div class=\"pane\">Ja. Mimische Falten entstehen zuwert und bilden sich meist nach dem 30-ten Lebensjahr durch Abschlaffung der mimischen Muskeln. Wir haben alle die gleichen mimischen Muskel, weswegen wir auch an den gleichen Stellen mimische Falten kriegen. Die Genetik ist der einzige Grund, warum manche Personen bestimmte Falten fr\u00fcher und manche sp\u00e4ter kriegen, sprich dies ist abh\u00e4ngig davon, ob der Muskeln st\u00e4rker oder schw\u00e4cher ist. Zum Beispiel bei Br\u00fcdern und Schwestern; eine\/r kommt genetisch nach der Mutter und hat mehr Falten um die Augen (schw\u00e4chere Augenmuskeln), der\/die andere nach dem Vater und  kriegt deswegen ein Doppelkinn (schw\u00e4chere Muskeln am Kinn). FALTENBILDUNG (RUNZELN) der Haut entsteht durch Verlust der subkutanen Fettschicht. Auch der Abbau von Kollagen und Elastin, sowie Dehydrierung der Haut tragen zur Bildung von Falten bei. Auf nat\u00fcrlichem Wege bilden sich Falten durch das zunehmende Alter oder durch Einnahme von Medikamenten bei Erkrankungen.<div class=\"clear\"><\/div><\/div><div class=\"accordion-title\">8. Wann sieht man die ersten Ergebnisse?<span class=\"ac-indicator\"><\/span><\/div><div class=\"pane\">Schon nach der ersten Behandlung sieht mane ine Erfrischung des gesamten Gesichts und bereits nach der f\u00fcnften Behandlung sieht man Ergenisse.<div class=\"clear\"><\/div><\/div><div class=\"accordion-title\">9. Was passiert wenn ich aufh\u00f6re, zu den Behandlungen zu kommen?<span class=\"ac-indicator\"><\/span><\/div><div class=\"pane\">Der Abbruch von kontinuierlichen Behandlungen schadet dem Gesicht nicht, weil die Muskeln lange den erhaltenen Tonus beibehalten. Wenn Sie die Behandlung sp\u00e4ter fortf\u00fchren lassen, kommen die Ergebnisse zusammen. Besser einige Traingseinheiten im Jahr, als die Muskeln kontinuierlich schlaffen zu lassen.<div class=\"clear\"><\/div><\/div><div class=\"accordion-title\">10. Ist die TEENLIFTING behandlung schmerzhaft?<span class=\"ac-indicator\"><\/span><\/div><div class=\"pane\">Nein. Das unangenehme Gef\u00fchl einer Elektrostimulation wird behoben, indem der Klient\/in selber die Intensit\u00e4t der Stimulation zu jedem Zeitpunkt bestimmen kann.<div class=\"clear\"><\/div><\/div><div class=\"accordion-title\">11. Wie oft muss ich zu den Behandlungen kommen?<span class=\"ac-indicator\"><\/span><\/div><div class=\"pane\">Im Durchschnitt kommen die Klienten 15 bis 30 mal j\u00e4hrlich zu den Behandlungen. Ihre Finanzen und Zeitzust\u00e4nde werden wahrscheinlich das Trainingstempo bestimmen. Besser einige Trainingseinheiten im Jahr, als die Muskeln kontonuierlich abschlaffen zu lassen. Am besten w\u00e4re es, einen Jahresplan zu erstellen und sich finanziell dann dem \u201evorteilhafteren Jahresplan\u201c anzupassen. Das geht problemlos in den TEENLIFTING ZENTREN.<div class=\"clear\"><\/div><\/div><div class=\"accordion-title\">12. Welche absoluten Kontraindikationen gibt es?<span class=\"ac-indicator\"><\/span><\/div><div class=\"pane\">Schwangerschaft und Pace-maker (Platzhalter).<div class=\"clear\"><\/div><\/div><br \/>\n<\/div>\n<h4>K\u00f6rper<\/h4>\n<div class=\"accordion-container\"><br \/>\n<div class=\"accordion-title\">1. Wodurch unterscheidet sich TEENLIFTING von anderen Elektrostimulationen?<span class=\"ac-indicator\"><\/span><\/div><div class=\"pane\">Die TEENLIFTING\u00ae Stimulation erfolgt mittels speziell geformter Elektroden, die alle Muskeln gleichzeitig stimulieren. Genau diese Art von Stimulation verhilft zu hervorragenden Ergebnissen (h\u00f6heres Wohlgef\u00fchl bei Elektrostimulation, wodurch auch die Stimulationsintensit\u00e4t der Muskeln und gro\u00dfen Muskelgruppen erh\u00f6ht wird).  Klassische Stimulationen wirken nur in einem bestimmten Bereich, was viel zu intensiv f\u00fcr sdiese Stelle ist und dabei die nebenliegenden Muskeln nicht behandelt.<div class=\"clear\"><\/div><\/div><div class=\"accordion-title\">2. Ist es nicht besser auf nat\u00fcrliche Weise zu trainieren? Warum sollte ich zur Elektrostimulation kommen?<span class=\"ac-indicator\"><\/span><\/div><div class=\"pane\">Ideal w\u00e4re es, aktives Training (Schwimmen, Fittness) mit der  TEENLIFTING Elektrostimulation des GANZEN K\u00d6RPERS ODER DER PROBLEMZONEN zu verbinden.  Nichts ist vergleichbar mit einer 30-min\u00fctigen Teenlifting Behandlung des ganzen K\u00f6rpers, wegen maximaler Stimulation folgender Bereiche:<br \/>\nArme, Schultern, Brust, R\u00fccken, Taille, Bauch, Po, H\u00fcften, Beine und F\u00fc\u00dfe.<br \/>\nDie durch aktives Training erreichbaren Ergebnisse, werden vielfach dann noch schneller erreicht, wenn man sie gleichzeitig mit der Elektrostimulation verbindet und das im gleichen Zeitraum. TEENLIFTING behebt auch eventuelle Schmerzstellen, die Ihnen das aktive Training erschweren. Beispielsweise gliedert man Muskelfasern vom Typ her in schnelle und langsame Fasern. Alle Muskeln haben eine bestimmte Anzahl von beiden, was erbbedingt ist. F\u00fcr jede Muskelgruppe (Arme, Beine) werden bestimmte \u00dcbungen f\u00fcr die schnellen und andere f\u00fcr die langsamen Fasern erstellt, was eine gr\u00f6\u00dfere Anzahl an Trainingsstunden fordert.<br \/>\nBei der Elektrostimulation arbeiten alle Muskeln, sowohl mit ihren schnellen, als auch mit ihren langsamen Fasern, von der ersten Sekunde der Behandlung an. <\/p>\n<ul style=\"padding-left: 60px;\">\n<li>Je nach Ausf\u00fchrung des Vorgangs unterscheidet man: passive, aktiv unterst\u00fctzte, aktiv selbstst\u00e4ndige, und aktive \u00dcbungen mit Gegenlast oder Wierstand.<\/li>\n<li>\u00dcbungen zur Erhaltung des maximalen Umpfangs der Bewegungen in allen Gelenken<\/li>\n<li>\u00dcbungen zur statischen Dehnung (Stretchen)<\/li>\n<li>\u00dcbungen zur St\u00e4rkung, Ausdauer, Geschwindigkeit und Koordination:\n<ol style=\"padding-left: 80px;\">\n<li>Isometrische \u2013 mittels isometrischer Kontraktionen<\/li>\n<li>Isotonische \u2013mittels konzentrische und exzentrische Kontraktionen<\/li>\n<li>Isokinetische<\/li>\n<\/ol>\n<\/li>\n<li>Kontraktionen der schnellen und langsamen Muskelfasern<\/li>\n<\/ul>\n<p><div class=\"clear\"><\/div><\/div><div class=\"accordion-title\">3. Kann ich mehr an meinen kritischen Muskeln und Stellen arbeiten?<span class=\"ac-indicator\"><\/span><\/div><div class=\"pane\">Problemzonen wie etwa: Bauch, Po, Arme\u2026. (werden wegen Form und Straffung bearbeitet) und k\u00f6nnen selbstst\u00e4ndig bearbeitet werden. F\u00fcr Bauch und Po gibt es NEUE, besonders geformte Elektroden, die am schnellsten und wirksamsten Ergebnisse erzielen. Wegen kontinuierlichem und regelm\u00e4\u00dfigem Training sollte man am besten einen Jahresplan erstellen und sich finanziell dem \u201evorteilhafteren Jahresplan\u201c anpassen.<br \/>\nDas geht problemlos in den TEENLIFTING ZENTREN.<div class=\"clear\"><\/div><\/div><div class=\"accordion-title\">4. Entfernt die Behandlung Cellulite?<span class=\"ac-indicator\"><\/span><\/div><div class=\"pane\">Ja. F\u00fcr Cellulite ist das weibliche Hormon Estrogen verantwortlich. Estrogen sammelt Fettgewebe und erh\u00e4lt den Durchfluss der Au\u00dfenzellenfl\u00fcssigkeit. Auf Cellulite- Bildung hat auch die Ern\u00e4hrung einen besonderen Einfluss, sowie K\u00f6rperaktivit\u00e4t, Genetik und Stress.Cellulite kann man nur kontrollieren, wenn man sie aktiv eliminiert (au\u00dfer wenn die Genetik st\u00e4rker ist).<br \/>\nDer direkte und \u201edauerhafte\u201c Weg zur Bek\u00e4mpfung dieses Problems ist:<\/p>\n<ul style=\"padding-left: 60px;\">\n<li>Verbesserung der Mikrouzirkulation der Haut<\/li>\n<li>Verbesserung der Lymphdrenaige und besserer Durchlauf der Au\u00dfenzellenfl\u00fcssigkeit<\/li>\n<li>Erh\u00f6hung der Muskelst\u00e4rke betroffener Bereiche (als dauerhafte Pumpe, die den Fl\u00fcssigkeitsdurchlauf erh\u00e4lt)<\/li>\n<\/ul>\n<p>Genau auf diese Ohne die intensive St\u00e4rkung des betroffenen Muskeltonus w\u00e4ren die Ergebnisse nur von kurzer Dauer.<div class=\"clear\"><\/div><\/div><br \/>\n<\/div>\n","protected":false},"excerpt":{"rendered":"<p>H\u00e4ufig gestellte Fragen &nbsp; Allgemein Das Gesicht K\u00f6rper<\/p>\n","protected":false},"author":3,"featured_media":0,"parent":0,"menu_order":4,"comment_status":"closed","ping_status":"closed","template":"","meta":{"om_disable_all_campaigns":false,"_monsterinsights_skip_tracking":false,"_monsterinsights_sitenote_active":false,"_monsterinsights_sitenote_note":"","_monsterinsights_sitenote_category":0,"_uf_show_specific_survey":0,"_uf_disable_surveys":false,"footnotes":""},"class_list":["post-1781","page","type-page","status-publish","hentry"],"aioseo_notices":[],"yoast_head":"<!-- This site is optimized with the Yoast SEO plugin v24.7 - https:\/\/yoast.com\/wordpress\/plugins\/seo\/ -->\n<title>FAQ - Teenlifting<\/title>\n<meta name=\"robots\" content=\"index, follow, max-snippet:-1, max-image-preview:large, max-video-preview:-1\" \/>\n<link rel=\"canonical\" href=\"https:\/\/mail.teenlifting.co.za\/de\/faq\/\" \/>\n<meta property=\"og:locale\" content=\"de_DE\" \/>\n<meta property=\"og:type\" content=\"article\" \/>\n<meta property=\"og:title\" content=\"FAQ - Teenlifting\" \/>\n<meta property=\"og:description\" content=\"H\u00e4ufig gestellte Fragen &nbsp; Allgemein Das Gesicht K\u00f6rper\" \/>\n<meta property=\"og:url\" content=\"https:\/\/mail.teenlifting.co.za\/de\/faq\/\" \/>\n<meta property=\"og:site_name\" content=\"Teenlifting\" \/>\n<meta property=\"article:modified_time\" content=\"2017-03-29T17:40:33+00:00\" \/>\n<meta name=\"twitter:card\" content=\"summary_large_image\" \/>\n<meta name=\"twitter:label1\" content=\"Gesch\u00e4tzte Lesezeit\" \/>\n\t<meta name=\"twitter:data1\" content=\"7\u00a0Minuten\" \/>\n<script type=\"application\/ld+json\" class=\"yoast-schema-graph\">{\"@context\":\"https:\/\/schema.org\",\"@graph\":[{\"@type\":\"WebPage\",\"@id\":\"https:\/\/mail.teenlifting.co.za\/de\/faq\/\",\"url\":\"https:\/\/mail.teenlifting.co.za\/de\/faq\/\",\"name\":\"FAQ - Teenlifting\",\"isPartOf\":{\"@id\":\"https:\/\/www.teenlifting.com.hr\/#website\"},\"datePublished\":\"2017-03-27T15:45:50+00:00\",\"dateModified\":\"2017-03-29T17:40:33+00:00\",\"breadcrumb\":{\"@id\":\"https:\/\/mail.teenlifting.co.za\/de\/faq\/#breadcrumb\"},\"inLanguage\":\"de\",\"potentialAction\":[{\"@type\":\"ReadAction\",\"target\":[\"https:\/\/mail.teenlifting.co.za\/de\/faq\/\"]}]},{\"@type\":\"BreadcrumbList\",\"@id\":\"https:\/\/mail.teenlifting.co.za\/de\/faq\/#breadcrumb\",\"itemListElement\":[{\"@type\":\"ListItem\",\"position\":1,\"name\":\"Po\u010detna stranica\",\"item\":\"https:\/\/mail.teenlifting.si\/de\/\"},{\"@type\":\"ListItem\",\"position\":2,\"name\":\"FAQ\"}]},{\"@type\":\"WebSite\",\"@id\":\"https:\/\/www.teenlifting.com.hr\/#website\",\"url\":\"https:\/\/www.teenlifting.com.hr\/\",\"name\":\"Teenlifting\",\"description\":\"Aktiviraj, ne plastificiraj!\",\"potentialAction\":[{\"@type\":\"SearchAction\",\"target\":{\"@type\":\"EntryPoint\",\"urlTemplate\":\"https:\/\/www.teenlifting.com.hr\/?s={search_term_string}\"},\"query-input\":{\"@type\":\"PropertyValueSpecification\",\"valueRequired\":true,\"valueName\":\"search_term_string\"}}],\"inLanguage\":\"de\"}]}<\/script>\n<!-- \/ Yoast SEO plugin. -->","yoast_head_json":{"title":"FAQ - Teenlifting","robots":{"index":"index","follow":"follow","max-snippet":"max-snippet:-1","max-image-preview":"max-image-preview:large","max-video-preview":"max-video-preview:-1"},"canonical":"https:\/\/mail.teenlifting.co.za\/de\/faq\/","og_locale":"de_DE","og_type":"article","og_title":"FAQ - Teenlifting","og_description":"H\u00e4ufig gestellte Fragen &nbsp; Allgemein Das Gesicht K\u00f6rper","og_url":"https:\/\/mail.teenlifting.co.za\/de\/faq\/","og_site_name":"Teenlifting","article_modified_time":"2017-03-29T17:40:33+00:00","twitter_card":"summary_large_image","twitter_misc":{"Gesch\u00e4tzte Lesezeit":"7\u00a0Minuten"},"schema":{"@context":"https:\/\/schema.org","@graph":[{"@type":"WebPage","@id":"https:\/\/mail.teenlifting.co.za\/de\/faq\/","url":"https:\/\/mail.teenlifting.co.za\/de\/faq\/","name":"FAQ - Teenlifting","isPartOf":{"@id":"https:\/\/www.teenlifting.com.hr\/#website"},"datePublished":"2017-03-27T15:45:50+00:00","dateModified":"2017-03-29T17:40:33+00:00","breadcrumb":{"@id":"https:\/\/mail.teenlifting.co.za\/de\/faq\/#breadcrumb"},"inLanguage":"de","potentialAction":[{"@type":"ReadAction","target":["https:\/\/mail.teenlifting.co.za\/de\/faq\/"]}]},{"@type":"BreadcrumbList","@id":"https:\/\/mail.teenlifting.co.za\/de\/faq\/#breadcrumb","itemListElement":[{"@type":"ListItem","position":1,"name":"Po\u010detna stranica","item":"https:\/\/mail.teenlifting.si\/de\/"},{"@type":"ListItem","position":2,"name":"FAQ"}]},{"@type":"WebSite","@id":"https:\/\/www.teenlifting.com.hr\/#website","url":"https:\/\/www.teenlifting.com.hr\/","name":"Teenlifting","description":"Aktiviraj, ne plastificiraj!","potentialAction":[{"@type":"SearchAction","target":{"@type":"EntryPoint","urlTemplate":"https:\/\/www.teenlifting.com.hr\/?s={search_term_string}"},"query-input":{"@type":"PropertyValueSpecification","valueRequired":true,"valueName":"search_term_string"}}],"inLanguage":"de"}]}},"_links":{"self":[{"href":"https:\/\/mail.teenlifting.si\/de\/wp-json\/wp\/v2\/pages\/1781","targetHints":{"allow":["GET"]}}],"collection":[{"href":"https:\/\/mail.teenlifting.si\/de\/wp-json\/wp\/v2\/pages"}],"about":[{"href":"https:\/\/mail.teenlifting.si\/de\/wp-json\/wp\/v2\/types\/page"}],"author":[{"embeddable":true,"href":"https:\/\/mail.teenlifting.si\/de\/wp-json\/wp\/v2\/users\/3"}],"replies":[{"embeddable":true,"href":"https:\/\/mail.teenlifting.si\/de\/wp-json\/wp\/v2\/comments?post=1781"}],"version-history":[{"count":5,"href":"https:\/\/mail.teenlifting.si\/de\/wp-json\/wp\/v2\/pages\/1781\/revisions"}],"predecessor-version":[{"id":1856,"href":"https:\/\/mail.teenlifting.si\/de\/wp-json\/wp\/v2\/pages\/1781\/revisions\/1856"}],"wp:attachment":[{"href":"https:\/\/mail.teenlifting.si\/de\/wp-json\/wp\/v2\/media?parent=1781"}],"curies":[{"name":"wp","href":"https:\/\/api.w.org\/{rel}","templated":true}]}}