{"id":2822,"date":"2025-01-08T18:10:54","date_gmt":"2025-01-08T18:10:54","guid":{"rendered":"https:\/\/teenlifting.com.hr\/?page_id=2822"},"modified":"2025-03-27T11:23:14","modified_gmt":"2025-03-27T11:23:14","slug":"bellstim-du-corps","status":"publish","type":"page","link":"https:\/\/mail.teenlifting.si\/fr\/bellstim-du-corps\/","title":{"rendered":"BellStim du corps"},"content":{"rendered":"<div class=\"section-full-width section-light-bg\" style=\"background-color:#f7f7f7;\" id=\"bellstim\u00aeducorps\"><div class=\"section-boxed\" style=\"color:#373737;\"><h2 class=\"section-title\" style=\"color:#252525;\">BellStim\u00ae du corps<\/h2><p>Si vous souhaitez \u00e9liminer la cellulite, recherchez un moyen id\u00e9al pour perdre du poids, voulez r\u00e9aliser un drainage lymphatique ou avez besoin d&#8217;une d\u00e9toxification du corps, l&#8217;\u00c9LECTROSTIMULATION DU CORPS BellStim\u00ae est faite pour vous !<\/p>\n<p>&nbsp;<\/p>\n<div class=\"cols-wrapper cols-2\">\n<div class=\"col\">\n<p><strong>Parties du corps \u00e0 traiter :<\/strong><\/p>\n<ul>\n<li>cou, ceinture scapulaire, omoplates, aisselles, haut du bras, main<\/li>\n<li>taille, hanches, abdomen, fesses, bassin<\/li>\n<li>haut de la jambe, genou, bas de la jambe, cheville, pied<\/li>\n<\/ul>\n<\/div>\n<div class=\"col nomargin\">\n<p><strong>Soulagement :<\/strong><\/p>\n<ul>\n<li>toutes affections douloureuses des articulations de l&#8217;appareil locomoteur (colonne cervicale, \u00e9paules, mains, omoplates, colonne vert\u00e9brale lombaire, bassin, hanches, genoux, cheville, pied)<\/li>\n<li>paralysie c\u00e9r\u00e9brale, atrophie musculaire, SLA, autres par\u00e9sies et pl\u00e9gies (avec \u00e9lectrostimulation de la t\u00eate et du cou)<\/li>\n<li>circulation p\u00e9riph\u00e9rique faible due \u00e0 des l\u00e9sions des vaisseaux sanguins veineux, art\u00e9riels et lymphatiques<\/li>\n<li>ost\u00e9oporose due \u00e0 une faible activit\u00e9 physique<\/li>\n<li>incontinence urinaire et mictions fr\u00e9quentes, prolapsus ut\u00e9rin, impuissance<\/li>\n<\/ul>\n<\/div>\n<\/div>\n<p>\n<\/div><\/div>\n<div class=\"section-full-width section-light-bg\" style=\"background-color:#ffffff;\" id=\"\u00c9lectrostimulationducorpsbellstim\u00ae\"><div class=\"section-boxed\" style=\"color:#373737;\"><h2 class=\"section-title\" style=\"color:#252525;\">\u00c9lectrostimulation du corps BellStim\u00ae<\/h2><h4 style=\"color:#252525;\" class=\"sub-title\">L'\u00e9lectrostimulation du corps BellStim\u00ae est une \u00e9lectrostimulation des muscles de tout le corps avec les objectifs suivants :<\/h4><\/p>\n<ol>\n<li><strong>1. La mise en forme et raffermissement du corps et \u00e9limination de la cellulite pour :<\/strong>\n<ul style=\"padding-left: 60px;\">\n<li>les personnes extr\u00eamement minces<\/li>\n<li>les personnes ob\u00e8ses et extr\u00eamement ob\u00e8ses<\/li>\n<li>maintien du poids id\u00e9al.<\/li>\n<\/ul>\n<\/li>\n<li><strong>L&#8217;\u00e9limination de l&#8217;eau et des \u0153d\u00e8mes (gonflements) du corps, et drainage lymphatique des seins, des aisselles, de l&#8217;abdomen, des jambes et des articulations<\/strong><\/li>\n<li><strong>La stimulation de la circulation et de l&#8217;oxyg\u00e9nation de tous les tissus<\/strong><\/li>\n<li><strong>La d\u00e9sintoxication de l&#8217;organisme<\/strong><\/li>\n<li><strong>L&#8217;am\u00e9lioration de la force de tous les muscles du corps comme stimulation auxiliaire pour les athl\u00e8tes<\/strong><\/li>\n<\/ol>\n<p>\n<\/div><\/div>\n<div class=\"section-full-width section-light-bg\" style=\"background-color:#f7f7f7;\" id=\"ensavoirplussurbellstimducorps\"><div class=\"section-boxed\" style=\"color:#373737;\"><h2 class=\"section-title\" style=\"color:#252525;\">En savoir plus sur BellStim du corps<\/h2><\/p>\n<div class=\"cols-wrapper cols-2\">\n<div class=\"col\">\n<p>&nbsp;<\/p>\n<h2>BellStim stimule tous les muscles du corps. Pourquoi leur stimulation simultan\u00e9e est-elle importante ?<\/h2>\n<p>Les muscles sont anatomiquement interconnect\u00e9s, de sorte que leur contraction synchronis\u00e9e est importante pour obtenir des r\u00e9sultats.<\/p>\n<p>&nbsp;<\/p>\n<blockquote>\n<p>Pourquoi avec BellStim stimule-t-on chaque muscle avec 100 % des fibres musculaires et pas seulement de mani\u00e8re partielle avec 5 \u00e0 20 % des fibres musculaires ?<\/p>\n<\/blockquote>\n<p>&nbsp;<\/p>\n<p>Parce que la stimulation est plus agr\u00e9able tout en obtenant des r\u00e9sultats optimaux. Une stimulation partielle et seulement \u00e0 certains sites du corps est trop intense pour ces sites et en m\u00eame temps trop faible pour l&#8217;ensemble du muscle ou du groupe de muscles.<\/p>\n<h2>Comment y parvient-on ?<\/h2>\n<p>Avec des \u00e9lectrodes BellStim uniques con\u00e7ues pour des r\u00e9gions anatomiques individuelles de groupes musculaires ou pour des muscles individuels.<\/p>\n<p>&nbsp;<\/p>\n<blockquote>\n<p>Quels types d&#8217;exercices et de contractions se produisent pendant le BellStim du corps et en font l&#8217;outil d&#8217;exercices le plus efficace au monde ?<\/p>\n<\/blockquote>\n<p>&nbsp;<\/p>\n<p><strong>-Selon le mode d&#8217;ex\u00e9cution : exercices passifs, exercices actifs soutenus, exercices actifs ind\u00e9pendants et exercices actifs avec r\u00e9sistance ou charges.<br \/>\n<strong><em>&#8211;<\/em>Exercices pour maintenir une amplitude de mouvement maximale dans toutes les articulations<\/strong><\/strong><\/p>\n<p><strong><em>&#8211;<\/em>Exercices d&#8217;\u00e9tirements statiques (stretching)<\/strong><\/p>\n<p><strong><em>&#8211;<\/em>Exercices de force, d&#8217;endurance, de vitesse et de coordination :<\/strong><\/p>\n<ol style=\"padding-left: 60px;\">\n<li><strong>exercices isom\u00e9triques \u2013 par contraction isom\u00e9trique<\/strong><\/li>\n<li><strong>exercices isotoniques \u2013 contraction concentrique et excentrique<\/strong><\/li>\n<li><strong>exercices isocin\u00e9tiques<\/strong><\/li>\n<\/ol>\n<p><strong>-Contraction rapides et lentes des fibres musculaires.<\/strong><\/p>\n<p>&nbsp;<\/p>\n<blockquote>\n<p>Quand peut-on esp\u00e9rer les premiers r\u00e9sultats ?<\/p>\n<\/blockquote>\n<p>&nbsp;<\/p>\n<p>Les r\u00e9sultats sont individuels et d\u00e9pendent de l&#8217;\u00e9tat initial : \u00e2ge, condition physique, masse corporelle, etc. Chez une m\u00eame personne, lors de l&#8217;exercice BellStim, diff\u00e9rentes parties du corps vont r\u00e9agir en fonction de leur \u00e9tat initial.<\/p>\n<p>Apr\u00e8s le premier traitement de tout le corps, on ressent une \u00e9norme facilit\u00e9 de mouvement, cons\u00e9quence non seulement de la stimulation intense de 30 minutes, mais aussi du drainage du liquide extracellulaire qui surcharge le corps (pr\u00e9curseur du la formation de cellulite).<\/p>\n<p>&nbsp;<\/p>\n<\/div>\n<div class=\"col nomargin\">\n<p>&nbsp;<\/p>\n<h2>Quelle est la recommandation pour la stimulation ?<\/h2>\n<p>L&#8217;intensit\u00e9 de la stimulation d\u00e9pend bien \u00e9videmment des motifs de la visite et de l&#8217;objectif que l&#8217;on souhaite atteindre. Notre objectif n&#8217;est pas seulement d&#8217;obtenir des r\u00e9sultats \u00ab esth\u00e9tiques \u00bb au printemps (ou de faire dispara\u00eetre une affection douloureuse), mais de concevoir un plan annuel de pr\u00e9vention.<\/p>\n<p>Cela signifie qu&#8217;une stimulation de tout le corps (\u00e9ventuellement aussi du visage) et une stimulation intensives des zones critiques (par exemple l&#8217;abdomen, les fesses, etc.) sont combin\u00e9es.<\/p>\n<p>Que vous optiez pour BellStim pour des raisons esth\u00e9tiques ou de r\u00e9habilitation, les deux r\u00e9sultats sont obtenus en m\u00eame temps. Par exemple, si la stimulation est due \u00e0 des mictions fr\u00e9quentes, l&#8217;abdomen, les hanches et les fesses sont aussi renforc\u00e9s apr\u00e8s dix traitements.<\/p>\n<h2>Comment l\u2019exercice affecte-t-il le corps ?<\/h2>\n<p>Le type de mouvement le plus important dans le corps est le mouvement des cellules musculaires, qui repr\u00e9sentent 40 % de la masse corporelle. Le mouvement des cellules musculaires squelettiques s\u2019appelle l\u2019exercice.<\/p>\n<p>L\u2019exercice, en particulier l\u2019exercice r\u00e9gulier, rend les gens, en particulier les personnes \u00e2g\u00e9es, plus capables fonctionnellement que leurs pairs inactifs.<\/p>\n<p><strong>L&#8217;exercice<\/strong> permet d&#8217;obtenir :<\/p>\n<ol style=\"padding-left: 60px;\">\n<li>Une augmentation de la capacit\u00e9 a\u00e9robie maximale<\/li>\n<li>Une meilleure sant\u00e9 respiratoire<\/li>\n<li>Une diminution du rythme cardiaque au repos et pendant l&#8217;exercice<\/li>\n<li>Une am\u00e9lioration du rythme cardiaque maximal<\/li>\n<li>Moins de tendance aux troubles du rythme cardiaque<\/li>\n<li>Une diminution de la tension art\u00e9rielle au repos et pendant l&#8217;exercice<\/li>\n<li>Une meilleure sant\u00e9 et fonction cardiaque<\/li>\n<li>Une plus grande force musculaire absolue, un dynamisme am\u00e9lior\u00e9, une plus grande endurance et une dext\u00e9rit\u00e9 am\u00e9lior\u00e9e<\/li>\n<li>Des niveaux d&#8217;acide lactique inf\u00e9rieurs.<\/li>\n<\/ol>\n<p>Contrairement \u00e0 l\u2019exercice, le repos, la position assise et la position couch\u00e9e provoquent :<\/p>\n<ol style=\"padding-left: 60px;\" start=\"1\">\n<li>Une atrophie musculaire, une perte de longueur efficace des cellules musculaires (fibres), ainsi qu&#8217;une r\u00e9duction de la force, de l&#8217;endurance et de la coordination<\/li>\n<li>La fibrose des capsules articulaires, des ligaments et des tendons, qui r\u00e9duit l&#8217;amplitude de mouvement des articulations et g\u00eane encore plus les mouvements<\/li>\n<li>L&#8217;ost\u00e9oporose des os<\/li>\n<li>La diminution de la fonction de presque toutes les glandes hormonales<\/li>\n<li>Des troubles de la circulation art\u00e9rielle et veineuse<\/li>\n<li>Une augmentation du taux de tissu adipeux<\/li>\n<li>La d\u00e9pression et manque de confiance en soi.<\/li>\n<\/ol>\n<h2>L&#8217;influence de BellStim sur la restauration de la masse osseuse.<\/h2>\n<p>La composition et l\u2019\u00e9quilibre m\u00e9tabolique des os d\u00e9pendent de l\u2019activit\u00e9 des muscles, du moment de la pression et de la stimulation des attaches tendineuses \u00e0 l\u2019os. L\u2019activit\u00e9 musculaire ralentit le processus de l\u2019ost\u00e9oporose en stimulant constamment la formation osseuse (dont d\u00e9pend physiologiquement le renouvellement osseux), mais elle est \u00e9galement cruciale \u00e0 un \u00e2ge plus jeune.<\/p>\n<p>\u00c0 un \u00e2ge plus jeune, l&#8217;activit\u00e9 musculaire augmente la \u00ab quantit\u00e9 principale d&#8217;os de base \u00bb attendue par les processus d&#8217;ost\u00e9oporose et d&#8217;ost\u00e9op\u00e9nie. Plus la \u00ab quantit\u00e9 principale \u00bb est grande, plus le \u00ab reste \u00bb de l\u2019os est gros. La perte progressive de la masse osseuse commence \u00e0 un \u00e2ge sup\u00e9rieur \u00e0 30 ans. La masse osseuse \u00e0 cet \u00e2ge rev\u00eat donc une importance d\u00e9cisive pour la masse osseuse des personnes \u00e2g\u00e9es.<\/p>\n<p>L&#8217;ost\u00e9oporose post-m\u00e9nopausique intense survient chez les femmes 15 \u00e0 20 ans apr\u00e8s la m\u00e9nopause.<\/p>\n<p>C&#8217;est pour cette raison que BellStim devient l&#8217;un des traitements cl\u00e9s pour la pr\u00e9vention et la r\u00e9habilitation de l&#8217;ost\u00e9oporose.<\/p>\n<\/div>\n<\/div>\n<div class=\"info-box\" style=\"text-align: center;\"><span class=\"box-icon\">\u00a0<\/span>Les contre-indications \u00e0 BellStim sont : stimulateur cardiaque, \u00e9pilepsie, grossesse, interventions chirurgicales (au cours des six derniers mois).<\/div>\n<p>\n<\/div><\/div>\n<div class=\"section-full-width section-dark\" style=\"background-color:#ffffff;\" id=\"avez-vousdesquestionsousouhaitez-vousprendreunrande-vous\"><div class=\"section-boxed\" style=\"color:#373737;\"><h2 class=\"section-title\" style=\"color:#373737;\">Avez-Vous des questions ou souhaitez-vous prendre un rande-vous?<\/h2><h4 style=\"color:#373737;\" class=\"sub-title\">N'h\u00e9sitez pas \u00e0 nous contacter!<\/h4><\/p>\n<p style=\"text-align: center;\"><a class=\"button\" href=\"https:\/\/teenlifting.com.hr\/fr\/contact\/\" target=\"_blank\">ENVOYER<\/a><\/p>\n<p>\n<\/div><\/div>\n","protected":false},"excerpt":{"rendered":"","protected":false},"author":3,"featured_media":0,"parent":0,"menu_order":0,"comment_status":"closed","ping_status":"closed","template":"template-full-custom.php","meta":{"om_disable_all_campaigns":false,"_monsterinsights_skip_tracking":false,"_monsterinsights_sitenote_active":false,"_monsterinsights_sitenote_note":"","_monsterinsights_sitenote_category":0,"_uf_show_specific_survey":0,"_uf_disable_surveys":false,"footnotes":""},"class_list":["post-2822","page","type-page","status-publish","hentry"],"aioseo_notices":[],"yoast_head":"<!-- This site is optimized with the Yoast SEO plugin v24.7 - https:\/\/yoast.com\/wordpress\/plugins\/seo\/ -->\n<title>BellStim du corps - Teenlifting<\/title>\n<meta name=\"robots\" content=\"index, follow, max-snippet:-1, max-image-preview:large, max-video-preview:-1\" \/>\n<link rel=\"canonical\" href=\"https:\/\/teenlifting.si\/fr\/bellstim-du-corps\/\" \/>\n<meta property=\"og:locale\" content=\"fr_FR\" \/>\n<meta property=\"og:type\" content=\"article\" \/>\n<meta property=\"og:title\" content=\"BellStim du corps - Teenlifting\" \/>\n<meta property=\"og:url\" content=\"https:\/\/teenlifting.si\/fr\/bellstim-du-corps\/\" \/>\n<meta property=\"og:site_name\" content=\"Teenlifting\" \/>\n<meta property=\"article:modified_time\" content=\"2025-03-27T11:23:14+00:00\" \/>\n<meta name=\"twitter:card\" content=\"summary_large_image\" \/>\n<meta name=\"twitter:label1\" content=\"Est. reading time\" \/>\n\t<meta name=\"twitter:data1\" content=\"6 minutes\" \/>\n<script type=\"application\/ld+json\" class=\"yoast-schema-graph\">{\"@context\":\"https:\/\/schema.org\",\"@graph\":[{\"@type\":\"WebPage\",\"@id\":\"https:\/\/teenlifting.si\/fr\/bellstim-du-corps\/\",\"url\":\"https:\/\/teenlifting.si\/fr\/bellstim-du-corps\/\",\"name\":\"BellStim du corps - Teenlifting\",\"isPartOf\":{\"@id\":\"https:\/\/www.teenlifting.com.hr\/#website\"},\"datePublished\":\"2025-01-08T18:10:54+00:00\",\"dateModified\":\"2025-03-27T11:23:14+00:00\",\"breadcrumb\":{\"@id\":\"https:\/\/teenlifting.si\/fr\/bellstim-du-corps\/#breadcrumb\"},\"inLanguage\":\"fr-FR\",\"potentialAction\":[{\"@type\":\"ReadAction\",\"target\":[\"https:\/\/teenlifting.si\/fr\/bellstim-du-corps\/\"]}]},{\"@type\":\"BreadcrumbList\",\"@id\":\"https:\/\/teenlifting.si\/fr\/bellstim-du-corps\/#breadcrumb\",\"itemListElement\":[{\"@type\":\"ListItem\",\"position\":1,\"name\":\"Po\u010detna stranica\",\"item\":\"https:\/\/www.teenlifting.com.hr\/fr\/\"},{\"@type\":\"ListItem\",\"position\":2,\"name\":\"BellStim du corps\"}]},{\"@type\":\"WebSite\",\"@id\":\"https:\/\/www.teenlifting.com.hr\/#website\",\"url\":\"https:\/\/www.teenlifting.com.hr\/\",\"name\":\"Teenlifting\",\"description\":\"Aktiviraj, ne plastificiraj!\",\"potentialAction\":[{\"@type\":\"SearchAction\",\"target\":{\"@type\":\"EntryPoint\",\"urlTemplate\":\"https:\/\/www.teenlifting.com.hr\/?s={search_term_string}\"},\"query-input\":{\"@type\":\"PropertyValueSpecification\",\"valueRequired\":true,\"valueName\":\"search_term_string\"}}],\"inLanguage\":\"fr-FR\"}]}<\/script>\n<!-- \/ Yoast SEO plugin. -->","yoast_head_json":{"title":"BellStim du corps - Teenlifting","robots":{"index":"index","follow":"follow","max-snippet":"max-snippet:-1","max-image-preview":"max-image-preview:large","max-video-preview":"max-video-preview:-1"},"canonical":"https:\/\/teenlifting.si\/fr\/bellstim-du-corps\/","og_locale":"fr_FR","og_type":"article","og_title":"BellStim du corps - Teenlifting","og_url":"https:\/\/teenlifting.si\/fr\/bellstim-du-corps\/","og_site_name":"Teenlifting","article_modified_time":"2025-03-27T11:23:14+00:00","twitter_card":"summary_large_image","twitter_misc":{"Est. reading time":"6 minutes"},"schema":{"@context":"https:\/\/schema.org","@graph":[{"@type":"WebPage","@id":"https:\/\/teenlifting.si\/fr\/bellstim-du-corps\/","url":"https:\/\/teenlifting.si\/fr\/bellstim-du-corps\/","name":"BellStim du corps - Teenlifting","isPartOf":{"@id":"https:\/\/www.teenlifting.com.hr\/#website"},"datePublished":"2025-01-08T18:10:54+00:00","dateModified":"2025-03-27T11:23:14+00:00","breadcrumb":{"@id":"https:\/\/teenlifting.si\/fr\/bellstim-du-corps\/#breadcrumb"},"inLanguage":"fr-FR","potentialAction":[{"@type":"ReadAction","target":["https:\/\/teenlifting.si\/fr\/bellstim-du-corps\/"]}]},{"@type":"BreadcrumbList","@id":"https:\/\/teenlifting.si\/fr\/bellstim-du-corps\/#breadcrumb","itemListElement":[{"@type":"ListItem","position":1,"name":"Po\u010detna stranica","item":"https:\/\/www.teenlifting.com.hr\/fr\/"},{"@type":"ListItem","position":2,"name":"BellStim du corps"}]},{"@type":"WebSite","@id":"https:\/\/www.teenlifting.com.hr\/#website","url":"https:\/\/www.teenlifting.com.hr\/","name":"Teenlifting","description":"Aktiviraj, ne plastificiraj!","potentialAction":[{"@type":"SearchAction","target":{"@type":"EntryPoint","urlTemplate":"https:\/\/www.teenlifting.com.hr\/?s={search_term_string}"},"query-input":{"@type":"PropertyValueSpecification","valueRequired":true,"valueName":"search_term_string"}}],"inLanguage":"fr-FR"}]}},"_links":{"self":[{"href":"https:\/\/mail.teenlifting.si\/fr\/wp-json\/wp\/v2\/pages\/2822","targetHints":{"allow":["GET"]}}],"collection":[{"href":"https:\/\/mail.teenlifting.si\/fr\/wp-json\/wp\/v2\/pages"}],"about":[{"href":"https:\/\/mail.teenlifting.si\/fr\/wp-json\/wp\/v2\/types\/page"}],"author":[{"embeddable":true,"href":"https:\/\/mail.teenlifting.si\/fr\/wp-json\/wp\/v2\/users\/3"}],"replies":[{"embeddable":true,"href":"https:\/\/mail.teenlifting.si\/fr\/wp-json\/wp\/v2\/comments?post=2822"}],"version-history":[{"count":7,"href":"https:\/\/mail.teenlifting.si\/fr\/wp-json\/wp\/v2\/pages\/2822\/revisions"}],"predecessor-version":[{"id":2971,"href":"https:\/\/mail.teenlifting.si\/fr\/wp-json\/wp\/v2\/pages\/2822\/revisions\/2971"}],"wp:attachment":[{"href":"https:\/\/mail.teenlifting.si\/fr\/wp-json\/wp\/v2\/media?parent=2822"}],"curies":[{"name":"wp","href":"https:\/\/api.w.org\/{rel}","templated":true}]}}