{"id":1532,"date":"2017-01-29T15:57:14","date_gmt":"2017-01-29T15:57:14","guid":{"rendered":"http:\/\/www.teenlifting.com.hr\/sl\/?page_id=1532"},"modified":"2018-02-04T16:19:32","modified_gmt":"2018-02-04T16:19:32","slug":"teenlifting-obraza","status":"publish","type":"page","link":"https:\/\/mail.teenlifting.si\/sl\/teenlifting-obraza\/","title":{"rendered":"Teenlifting obraza"},"content":{"rendered":"<div class=\"section-full-width section-light-bg\" style=\"background-color:#f7f7f7;\" id=\"teenlifting\u00aeobrazapodbradkainvratuza\u017eenskeinmo\u0161ke\"><div class=\"section-boxed\" style=\"color:#373737;\"><h2 class=\"section-title\" style=\"color:#252525;\">TEENLIFTING\u00ae obraza, podbradka in vratu za \u017eenske in mo\u0161ke<\/h2><\/p>\n<p style=\"text-align: left;\">Teenlifting se izvaja z aparatom za <strong>elektrostimulacijo mi\u0161ic<\/strong> in omogo\u010da uporabo fizikalne medicine v kozmetiki z isto\u010dasnimi <strong>odli\u010dnimi rezultati v rehabilitaciji, terapiji in profilaksi<\/strong>: glavoboli, migrene, obnavljanje kostne mase \u010deljusti, sinusitisa, nevralgij, parez, Bellove pareze (n.facialis) in mialgij.<\/p>\n<p>&nbsp;<\/p>\n<div class=\"services-wrapper services-boxed-photo cols-wrapper cols-3\"><div class=\"services-box col\"><div class=\"img-container\"><img decoding=\"async\" src=\"https:\/\/teenlifting.com.hr\/content\/uploads\/2016\/09\/misici_2.jpg\" alt=\"Kro\u017ene mi\u0161ice o\u010di in ust\"\/><\/div><div class=\"services-content\"><div class=\"sc-wraper\"><h3>Kro\u017ene mi\u0161ice o\u010di in ust<\/h3><\/div><\/div><\/div><div class=\"services-box col\"><div class=\"img-container\"><img decoding=\"async\" src=\"https:\/\/teenlifting.com.hr\/content\/uploads\/2016\/09\/misici_3.jpg\" alt=\"Mi\u0161ica Platizma\"\/><\/div><div class=\"services-content\"><div class=\"sc-wraper\"><h3>Mi\u0161ica Platizma<\/h3><\/div><\/div><\/div><div class=\"services-box col nomargin\"><div class=\"img-container\"><img decoding=\"async\" src=\"https:\/\/teenlifting.com.hr\/content\/uploads\/2016\/09\/misici_1.jpg\" alt=\"Mi\u0161ice celega obraza in vratu\"\/><\/div><div class=\"services-content\"><div class=\"sc-wraper\"><h3>Mi\u0161ice celega obraza in vratu<\/h3><\/div><\/div><\/div><div class=\"clear\"><\/div><\/div>\n<p>&nbsp;<\/p>\n<p><strong>TEENLIFTING Obraza, podbradka in vratu je:<\/strong><\/p>\n<p>&nbsp;<\/p>\n<div class=\"cols-wrapper cols-4\">\n<div class=\"col\">\n<ul>\n<li>napenjanje ko\u017ee<\/li>\n<li>odstranitev gub na licih<\/li>\n<li>odstranitev gub okoli o\u010di<\/li>\n<li>odstranitev gub okoli ustnic<\/li>\n<li>limfna drena\u017ea<\/li>\n<\/ul>\n<\/div>\n<div class=\"col\">\n<ul>\n<li>oblikovanje<\/li>\n<li>neinvazivno pomlajevanje<\/li>\n<li>pomlajevanje obraza, podbradka in vratu<\/li>\n<li>antiaging obdelava<\/li>\n<li>nekirur\u0161ko pomlajevanje<\/li>\n<\/ul>\n<\/div>\n<div class=\"col\">\n<ul>\n<li>isto\u010dasna elektrostimulacija vseh mimi\u010dnih mi\u0161ic obraza in vratu<\/li>\n<li>stimulacija akupunkturnih to\u010dk<\/li>\n<li>vadba mi\u0161ic obraza<\/li>\n<li>lifting obraza in vratu<\/li>\n<li>fitnes obraza<\/li>\n<\/ul>\n<\/div>\n<div class=\"col nomargin\">\n<ul>\n<li>krepitev tonusa ko\u017ee<\/li>\n<li>regeneracija tkiv<\/li>\n<li>povrnitev mladostnega izraza obraza<\/li>\n<li>huj\u0161anje<\/li>\n<li>detoksifikacija tkiv<\/li>\n<li>antistresni u\u010dinek<\/li>\n<\/ul>\n<\/div>\n<\/div>\n<p>\n<\/div><\/div>\n<div class=\"section-full-width section-light-bg konzultacije_vizual\" style=\"background-color:#ffffff;\" id=\"section-1\"><div class=\"section-boxed\" style=\"color:#373737;\"><p><img decoding=\"async\" class=\"img-frame aligncenter\" src=\"https:\/\/teenlifting.com.hr\/content\/uploads\/2018\/02\/Konzultacije_SLO_web.jpg\" width=\"100%\" \/><\/p>\n<\/div><\/div>\n<div class=\"section-full-width section-light-bg\" style=\"background-color:#f7f7f7;\" id=\"izvediteve\u010doteenlifting-uobraza\"><div class=\"section-boxed\" style=\"color:#373737;\"><h2 class=\"section-title\" style=\"color:#252525;\">Izvedite ve\u010d o TEENLIFTING-u obraza<\/h2><\/p>\n<div class=\"cols-wrapper cols-2\">\n<div class=\"col\">\n<p>&nbsp;<\/p>\n<h2>Zakaj je pomembna isto\u010dasna stimulacija mi\u0161ic?<\/h2>\n<p>Mi\u0161ice so anatomsko medsebojno povezane tako, da je njihova usklajena kontakcija pomembna za doseganje vrhunskih rezultatov, za odstranitev gub na obrazu in u\u010dvrstitev lic.<\/p>\n<p>&nbsp;<\/p>\n<blockquote>\n<p>Zakaj TEENLIFTING stimulira vsako posamezno mi\u0161ico s 100% mi\u0161i\u010dnih vlaken in ne samo del vsake posamezne mi\u0161ice s 5-20 % mi\u0161i\u010dnih vlaken kot pri klasi\u010dni elektrostimulaciji?<\/p>\n<\/blockquote>\n<p>&nbsp;<\/p>\n<p>Zaradi tega, ker je stimulacija bolj ugodna ob isto\u010dasnem doseganju maksimalnih rezultatov in odstanitvi gub. Delna stimulacija, in to samo na posameznih mestih, je preintezivna za ta mesta ter isto\u010dasno preslabotna za celo mi\u0161ico ali mi\u0161i\u010dno skupino.<\/p>\n<h2>Kako to dose\u017eemo?<\/h2>\n<p>Z edinstvenimi TEENLIFTING elektrodami, oblikovanimi za posamezna anatomska obmo\u010dja mi\u0161i\u010dnih skupin ali za posamezne mi\u0161ice.<\/p>\n<p>&nbsp;<\/p>\n<blockquote>\n<p>Ali obstaja na tr\u017ei\u0161\u010du \u0161e kak\u0161na razlika med TEENLIFTING elektrostimulacijo in ostalimi elektrostimulacijami?<\/p>\n<\/blockquote>\n<p>&nbsp;<\/p>\n<p>Obstaja. Razlike so tudi v kombinaciji vaj in treniranju. Dela se\u00a0razli\u010dnih treningov vseh mi\u0161ic obraza in vratu. Vsaka mi\u0161ica ima svojo za\u010detno mo\u010d (z ozirom na intenzivnost in karakter mimike, starost \u2026).Anatomija in funkcija posameznih mi\u0161ic zahteva odrejene kombinacije treningov, ki so skupne vsem. Npr. mi\u0161ica platizma, kro\u017ene mi\u0161ice okoli o\u010di in ust so dale\u010d slab\u0161e od ostalih mimi\u010dnih mi\u0161ic, zato so te kombinacije in prilagoditve nujne za vrhunski rezultat in <strong>lifting lic<\/strong>.<\/p>\n<h2>Kdaj je za\u017eeleno za\u010deti s TEENLIFTING stimulacijo?<\/h2>\n<p>Za <strong>krepitev mi\u0161ic<\/strong> nikoli ni niti prezgodaj niti prepozno. Idealno je za\u010deti pred 30 leti, ker je veliko bolj\u0161e in bolj zdravo zadr\u017eati \u010dvrsto in drobno obliko obraza, kot mu dovoliti padec in \u0161iritev. Rezultati so hitreje vidni, \u010de za\u010dnemo z vajami prej.<\/p>\n<p>Zgornje starostne meje za TEENLIFTING stimulacijo ni.<\/p>\n<h2>Kdaj se vidijo prvi rezultati?<\/h2>\n<p>Prvi rezultati so vidni kot osve\u017eitev obraza\u017ee po prvi obdelavi.<\/p>\n<p>Z vsakim nadaljnjim treningom dose\u017eemo vse bolj\u0161e in <strong>vidnej\u0161e rezultate<\/strong>:<\/p>\n<ul style=\"padding-left: 60px;\">\n<li>napeto in polnej\u0161e \u010delo<\/li>\n<li>dvig obrvi in zgornjih vek<\/li>\n<li>izgubljanje gub okoli o\u010di<\/li>\n<li>oblikovanje obraza<\/li>\n<li>polnej\u0161e in izrazitej\u0161e ustnice<\/li>\n<li>izgubljanje gub okoli ustnic (nazolabialna guba)<\/li>\n<li>u\u010dvrstitev in dvig podbradka in vratu<\/li>\n<li>u\u010dvrstitev lic<\/li>\n<\/ul>\n<p>&nbsp;<\/p>\n<blockquote>\n<p>Najva\u017enej\u0161e je \u010dim prej oddelati prvo obdelavo. Po tej, <strong>popolnoma novi izku\u0161nji<\/strong>, se naredi letni na\u010drt treniranja vseh mimi\u010dnih mi\u0161ic.<\/p>\n<\/blockquote>\n<p>&nbsp;<\/p>\n<\/div>\n<div class=\"col nomargin\">\n<p>&nbsp;<\/p>\n<p>Stranke 50 let in starej\u0161e lahko pri\u010dakujejo po\u010dasnej\u0161e rezultate, ki so odvisni od elasti\u010dnosti in stanja ko\u017ee, \u010deprav to ni pravilo.<\/p>\n<p>Ko\u017ea se v \u010dasu uporabe TEENLIFTING-a lahko obdeluje in neguje z vsemi postopki za kozmeti\u010dno nego (RF, LPG,laser,IPL,AHA\u2026).<\/p>\n<p><strong>Vsi postopki na ko\u017ei lahko celo pospe\u0161ijo vidnost in rezultate nove oblike mi\u0161ic, vendarle pa nobeden od njih ne more oblikovati mi\u0161ice.<\/strong><\/p>\n<p>V kolikor ko\u017ee ne negujemo, se bo le-ta naravno \u00bbskr\u010dila\u00ab in oblikovala v obdobju nekaj dni ali mesecev. Ko\u017ea se obnavlja vsakodnevno, a \u00bbcelostna\u00ab obnova ko\u017ee traja 30 dni v 30 letih. \u010cas obnove se podalj\u0161uje s staranjem do 60 dni v 70 letih. Zaradi tega se rezultat obdelave veliko bolj opazi teden dni po zadnjem treningu.<\/p>\n<h2>Kako pogosto se je potrebno ohranjati?<\/h2>\n<p>Logi\u010dno je, da moramo mi\u0161ice redno vzdr\u017eevati v \u010dimbolj\u0161i kondiciji. Bolj ko treniramo, bolj\u0161i bodo rezultati. Ker govorimo o malih mi\u0161icah obraza, lahko tudi z redkej\u0161imi treningi dose\u017eemo odli\u010dne rezultate. (Npr. dolgoletne zadovoljnestranke iz drugih dr\u017eav prihajajo trikrat letno in imajo po 2-3 dvojne obdelave).<\/p>\n<p>&nbsp;<\/p>\n<blockquote>\n<p>Kaj se zgodi, \u010de prenehamo s TEENLIFTING stimulacijami?<\/p>\n<\/blockquote>\n<p>&nbsp;<\/p>\n<p>V kolikor po dolo\u010denem \u010dasu prenehamo s treniranji, mi\u0161ice \u0161e dolgo <strong>zadr\u017eijo \u010dvrstost in obliko<\/strong>. Ker z elektrostimulacijo ne \u201cbildamo\u201d mi\u0161ic in ne pove\u010dujemo njihov volumen, posledi\u010dno ni \u201cslab\u0161ega stanja\u201d po opustitvi treningov.<\/p>\n<h2>Vpliv TEENLIFTING stimulacije na \u010deljustne sklepe in glavobol<\/h2>\n<p>Pred u\u0161esi se nahajata \u010deljustna sklepa (TMZ \u2212 temporomandibularni sklep), ki ju sen\u010dne kosti povezujejo s spodnjo \u010deljustjo. Stabilizirajo ju tetive, ligamenti in mi\u0161ice, ki so odgovorni za premikanje sklepa.<\/p>\n<p>Ena od motenj TMS je mi\u0161i\u010dna togost, kr\u010denje samo dolo\u010denih mi\u0161ic \u010deljusti, velikokrat povzro\u010deno s psiholo\u0161ko komponento \u2212 stresom . Eden od simptomov je glavobol, ki ne reagira na obi\u010dajno zdravljenje. Glavobol se pojavi zjutraj (po no\u010dnem intenzivnem kr\u010denju mi\u0161ic med spanjem) ali po stresnih situacijah tekom dneva.<\/p>\n<p>TEENLIFTING <strong>rehabilitira bole\u010dino in glavobol<\/strong>, z obdelavo vseh mi\u0161ic \u00bbrazbija\u00ab kr\u010denje in bole\u010dino dolo\u010denih mi\u0161ic ter pove\u010duje prekrvavljenost in cirkulacijo mi\u0161ic, ko\u017ee in kosti \u010deljusti.<\/p>\n<p>&nbsp;<\/p>\n<blockquote>\n<p>Vpliv TEENLIFTING-a na obnavljanje kostne mase \u010deljusti in obraza.<\/p>\n<\/blockquote>\n<p>&nbsp;<\/p>\n<p>Sestava in presnovno ravnote\u017eje kosti je odvisno od aktivnosti mi\u0161ic ter od na\u010dina delovanja pritiska in vleka tetivnih prijemali\u0161\u010d na kost. Mi\u0161i\u010dna aktivnost upo\u010dasnjuje proces osteoporoze s stalno stimulacijo kosti, s \u010dimer vpliva na njeno obnavljanje (fiziolo\u0161ko odvisno kostno obnavljanje), prav tako je usodno v mlaj\u0161i dobi.<\/p>\n<p>V mlaj\u0161em obdobju se z mi\u0161i\u010dno aktivnostjo pove\u010duje \u00bbosnovna glavnica koli\u010dine kosti\u00ab, katero skozi \u017eivljenje \u010dakajo procesi osteoporoze in osteopenije. Bolj kot je \u00bbglavnica\u00ab mo\u010dnej\u0161a, ve\u010dji je \u00bbostanek\u00ab kosti. Progresivna izguba kostne mase se za\u010denja v obdobju po 30. letu \u017eivljenja, zato je kvaliteta kostne mase v tem obdobju odlo\u010dilnega pomena za maso kosti v starosti.<\/p>\n<p>Intenzivna postmenopavzalna osteoporoza se pojavlja pri \u017eenskah 15 do 20 let po menopavzi.<\/p>\n<p>Ravno zaradi tega postaja TEENLIFTING eden izmed <strong>klju\u010dnih postopkov preventive<\/strong> in <strong>rehabilitacije osteoporoze kosti \u010deljusti<\/strong> in <strong>obraza<\/strong>.<\/p>\n<\/div>\n<\/div>\n<div class=\"info-box\" style=\"text-align: center;\"><span class=\"box-icon\">\u00a0<\/span>Kontraindikacije za TEENLIFTING so: Pace maker, epilepsija, nose\u010dnost, operacije (zadnjih \u0161est mesecev).<\/div>\n<p>\n<\/div><\/div>\n<div class=\"section-full-width section-dark\" style=\"background-color:#ffffff;\" id=\"imatevpra\u0161anjaalisi\u017eeliterezerviratitermin\"><div class=\"section-boxed\" style=\"color:#373737;\"><h2 class=\"section-title\" style=\"color:#373737;\">Imate vpra\u0161anja ali si \u017eelite rezervirati termin?<\/h2><h4 style=\"color:#373737;\" class=\"sub-title\">Kontaktirajte nas!<\/h4><\/p>\n<p style=\"text-align: center;\"><a class=\"button\" href=\"http:\/\/www.teenlifting.com.hr\/sl\/kontakt\/\" target=\"_blank\">PO\u0160LJI POVPRA\u0160EVANJE<\/a><\/p>\n<p>\n<\/div><\/div>\n","protected":false},"excerpt":{"rendered":"","protected":false},"author":3,"featured_media":0,"parent":0,"menu_order":0,"comment_status":"closed","ping_status":"closed","template":"template-full-custom.php","meta":{"om_disable_all_campaigns":false,"_monsterinsights_skip_tracking":false,"_monsterinsights_sitenote_active":false,"_monsterinsights_sitenote_note":"","_monsterinsights_sitenote_category":0,"_uf_show_specific_survey":0,"_uf_disable_surveys":false,"footnotes":""},"class_list":["post-1532","page","type-page","status-publish","hentry"],"aioseo_notices":[],"yoast_head":"<!-- This site is optimized with the Yoast SEO plugin v24.7 - https:\/\/yoast.com\/wordpress\/plugins\/seo\/ -->\n<title>Teenlifting obraza - Teenlifting<\/title>\n<meta name=\"robots\" content=\"index, follow, max-snippet:-1, max-image-preview:large, max-video-preview:-1\" \/>\n<link rel=\"canonical\" href=\"https:\/\/mail.teenlifting.si\/sl\/teenlifting-obraza\/\" \/>\n<meta property=\"og:locale\" content=\"sl_SI\" \/>\n<meta property=\"og:type\" content=\"article\" \/>\n<meta property=\"og:title\" content=\"Teenlifting obraza - Teenlifting\" \/>\n<meta property=\"og:url\" content=\"https:\/\/mail.teenlifting.si\/sl\/teenlifting-obraza\/\" \/>\n<meta property=\"og:site_name\" content=\"Teenlifting\" \/>\n<meta property=\"article:modified_time\" content=\"2018-02-04T16:19:32+00:00\" \/>\n<meta property=\"og:image\" content=\"https:\/\/teenlifting.com.hr\/content\/uploads\/2018\/02\/Konzultacije_SLO_web.jpg\" \/>\n<meta name=\"twitter:card\" content=\"summary_large_image\" \/>\n<meta name=\"twitter:label1\" content=\"Est. reading time\" \/>\n\t<meta name=\"twitter:data1\" content=\"7 minut\" \/>\n<script type=\"application\/ld+json\" class=\"yoast-schema-graph\">{\"@context\":\"https:\/\/schema.org\",\"@graph\":[{\"@type\":\"WebPage\",\"@id\":\"https:\/\/mail.teenlifting.si\/sl\/teenlifting-obraza\/\",\"url\":\"https:\/\/mail.teenlifting.si\/sl\/teenlifting-obraza\/\",\"name\":\"Teenlifting obraza - Teenlifting\",\"isPartOf\":{\"@id\":\"https:\/\/www.teenlifting.com.hr\/#website\"},\"primaryImageOfPage\":{\"@id\":\"https:\/\/mail.teenlifting.si\/sl\/teenlifting-obraza\/#primaryimage\"},\"image\":{\"@id\":\"https:\/\/mail.teenlifting.si\/sl\/teenlifting-obraza\/#primaryimage\"},\"thumbnailUrl\":\"https:\/\/teenlifting.com.hr\/content\/uploads\/2018\/02\/Konzultacije_SLO_web.jpg\",\"datePublished\":\"2017-01-29T15:57:14+00:00\",\"dateModified\":\"2018-02-04T16:19:32+00:00\",\"breadcrumb\":{\"@id\":\"https:\/\/mail.teenlifting.si\/sl\/teenlifting-obraza\/#breadcrumb\"},\"inLanguage\":\"sl-SI\",\"potentialAction\":[{\"@type\":\"ReadAction\",\"target\":[\"https:\/\/mail.teenlifting.si\/sl\/teenlifting-obraza\/\"]}]},{\"@type\":\"ImageObject\",\"inLanguage\":\"sl-SI\",\"@id\":\"https:\/\/mail.teenlifting.si\/sl\/teenlifting-obraza\/#primaryimage\",\"url\":\"https:\/\/teenlifting.com.hr\/content\/uploads\/2018\/02\/Konzultacije_SLO_web.jpg\",\"contentUrl\":\"https:\/\/teenlifting.com.hr\/content\/uploads\/2018\/02\/Konzultacije_SLO_web.jpg\"},{\"@type\":\"BreadcrumbList\",\"@id\":\"https:\/\/mail.teenlifting.si\/sl\/teenlifting-obraza\/#breadcrumb\",\"itemListElement\":[{\"@type\":\"ListItem\",\"position\":1,\"name\":\"Po\u010detna stranica\",\"item\":\"https:\/\/teenlifting.com.hr\/sl\/\"},{\"@type\":\"ListItem\",\"position\":2,\"name\":\"Teenlifting obraza\"}]},{\"@type\":\"WebSite\",\"@id\":\"https:\/\/www.teenlifting.com.hr\/#website\",\"url\":\"https:\/\/www.teenlifting.com.hr\/\",\"name\":\"Teenlifting\",\"description\":\"Aktiviraj, ne plastificiraj!\",\"potentialAction\":[{\"@type\":\"SearchAction\",\"target\":{\"@type\":\"EntryPoint\",\"urlTemplate\":\"https:\/\/www.teenlifting.com.hr\/?s={search_term_string}\"},\"query-input\":{\"@type\":\"PropertyValueSpecification\",\"valueRequired\":true,\"valueName\":\"search_term_string\"}}],\"inLanguage\":\"sl-SI\"}]}<\/script>\n<!-- \/ Yoast SEO plugin. -->","yoast_head_json":{"title":"Teenlifting obraza - Teenlifting","robots":{"index":"index","follow":"follow","max-snippet":"max-snippet:-1","max-image-preview":"max-image-preview:large","max-video-preview":"max-video-preview:-1"},"canonical":"https:\/\/mail.teenlifting.si\/sl\/teenlifting-obraza\/","og_locale":"sl_SI","og_type":"article","og_title":"Teenlifting obraza - Teenlifting","og_url":"https:\/\/mail.teenlifting.si\/sl\/teenlifting-obraza\/","og_site_name":"Teenlifting","article_modified_time":"2018-02-04T16:19:32+00:00","og_image":[{"url":"https:\/\/teenlifting.com.hr\/content\/uploads\/2018\/02\/Konzultacije_SLO_web.jpg","type":"","width":"","height":""}],"twitter_card":"summary_large_image","twitter_misc":{"Est. reading time":"7 minut"},"schema":{"@context":"https:\/\/schema.org","@graph":[{"@type":"WebPage","@id":"https:\/\/mail.teenlifting.si\/sl\/teenlifting-obraza\/","url":"https:\/\/mail.teenlifting.si\/sl\/teenlifting-obraza\/","name":"Teenlifting obraza - Teenlifting","isPartOf":{"@id":"https:\/\/www.teenlifting.com.hr\/#website"},"primaryImageOfPage":{"@id":"https:\/\/mail.teenlifting.si\/sl\/teenlifting-obraza\/#primaryimage"},"image":{"@id":"https:\/\/mail.teenlifting.si\/sl\/teenlifting-obraza\/#primaryimage"},"thumbnailUrl":"https:\/\/teenlifting.com.hr\/content\/uploads\/2018\/02\/Konzultacije_SLO_web.jpg","datePublished":"2017-01-29T15:57:14+00:00","dateModified":"2018-02-04T16:19:32+00:00","breadcrumb":{"@id":"https:\/\/mail.teenlifting.si\/sl\/teenlifting-obraza\/#breadcrumb"},"inLanguage":"sl-SI","potentialAction":[{"@type":"ReadAction","target":["https:\/\/mail.teenlifting.si\/sl\/teenlifting-obraza\/"]}]},{"@type":"ImageObject","inLanguage":"sl-SI","@id":"https:\/\/mail.teenlifting.si\/sl\/teenlifting-obraza\/#primaryimage","url":"https:\/\/teenlifting.com.hr\/content\/uploads\/2018\/02\/Konzultacije_SLO_web.jpg","contentUrl":"https:\/\/teenlifting.com.hr\/content\/uploads\/2018\/02\/Konzultacije_SLO_web.jpg"},{"@type":"BreadcrumbList","@id":"https:\/\/mail.teenlifting.si\/sl\/teenlifting-obraza\/#breadcrumb","itemListElement":[{"@type":"ListItem","position":1,"name":"Po\u010detna stranica","item":"https:\/\/teenlifting.com.hr\/sl\/"},{"@type":"ListItem","position":2,"name":"Teenlifting obraza"}]},{"@type":"WebSite","@id":"https:\/\/www.teenlifting.com.hr\/#website","url":"https:\/\/www.teenlifting.com.hr\/","name":"Teenlifting","description":"Aktiviraj, ne plastificiraj!","potentialAction":[{"@type":"SearchAction","target":{"@type":"EntryPoint","urlTemplate":"https:\/\/www.teenlifting.com.hr\/?s={search_term_string}"},"query-input":{"@type":"PropertyValueSpecification","valueRequired":true,"valueName":"search_term_string"}}],"inLanguage":"sl-SI"}]}},"_links":{"self":[{"href":"https:\/\/mail.teenlifting.si\/sl\/wp-json\/wp\/v2\/pages\/1532","targetHints":{"allow":["GET"]}}],"collection":[{"href":"https:\/\/mail.teenlifting.si\/sl\/wp-json\/wp\/v2\/pages"}],"about":[{"href":"https:\/\/mail.teenlifting.si\/sl\/wp-json\/wp\/v2\/types\/page"}],"author":[{"embeddable":true,"href":"https:\/\/mail.teenlifting.si\/sl\/wp-json\/wp\/v2\/users\/3"}],"replies":[{"embeddable":true,"href":"https:\/\/mail.teenlifting.si\/sl\/wp-json\/wp\/v2\/comments?post=1532"}],"version-history":[{"count":14,"href":"https:\/\/mail.teenlifting.si\/sl\/wp-json\/wp\/v2\/pages\/1532\/revisions"}],"predecessor-version":[{"id":1977,"href":"https:\/\/mail.teenlifting.si\/sl\/wp-json\/wp\/v2\/pages\/1532\/revisions\/1977"}],"wp:attachment":[{"href":"https:\/\/mail.teenlifting.si\/sl\/wp-json\/wp\/v2\/media?parent=1532"}],"curies":[{"name":"wp","href":"https:\/\/api.w.org\/{rel}","templated":true}]}}