{"id":1557,"date":"2017-01-29T19:16:16","date_gmt":"2017-01-29T19:16:16","guid":{"rendered":"http:\/\/www.teenlifting.com.hr\/sl\/?page_id=1557"},"modified":"2017-02-11T16:15:38","modified_gmt":"2017-02-11T16:15:38","slug":"faq","status":"publish","type":"page","link":"https:\/\/mail.teenlifting.si\/sl\/faq\/","title":{"rendered":"FAQ"},"content":{"rendered":"<h2>Pogosto postavljena vpra\u0161anja<\/h2>\n<hr \/>\n<p>&nbsp;<\/p>\n<h4>Splo\u0161no<\/h4>\n<div class=\"accordion-container\"><br \/>\n<div class=\"accordion-title\">1. Kako se teenlifting razlikuje od ostalih elekstrostimulacij mi\u0161ic na tr\u017ei\u0161\u010du?<span class=\"ac-indicator\"><\/span><\/div><div class=\"pane\">TEENLIFTING\u00ae stimulacija uporablja posebno oblikovane in edinstvene elektrode, ki stimulirajo vse mi\u0161ice isto\u010dasno. Ravno s tak\u0161nim na\u010dinom <strong>elektrostimulacije<\/strong> se dose\u017eejo maksimalni rezultati na vseh mi\u0161icah (dviguje se prag ugodja elektrostimulacije z isto\u010dasno intenzivnostjo same stimulacije vseh mi\u0161ic ali velikih funkcionalnih skupin mi\u0161ic). Klasi\u010dna stimulacija deluje samo na majhnih povr\u0161inah posameznih mi\u0161ic, kar je za njih preintenzivno, a brez delovanja na sosednje mi\u0161ice.<div class=\"clear\"><\/div><\/div><div class=\"accordion-title\">2. Kako dolgo traja ena obdelava?<span class=\"ac-indicator\"><\/span><\/div><div class=\"pane\">Obdelavi obraza in telesa trajajo po 30 minut.<div class=\"clear\"><\/div><\/div><br \/>\n<\/div>\n<h4>Obraz<\/h4>\n<div class=\"accordion-container\"><br \/>\n<div class=\"accordion-title\">1. Zakaj TEENLIFTING\u00ae stimulira vse mi\u0161ice obraza isto\u010dasno?<span class=\"ac-indicator\"><\/span><\/div><div class=\"pane\">Mi\u0161ice so anatomsko medsebojno povezane, zaradi \u010desar pogojujejo njihovo sinhrono kontrakcijo, kar se dosega s prilagojenimi in originalnimi oblikami elektrod. Tekom vsakega od <strong>desetih razli\u010dnih treningov<\/strong> se stimulirajo vse mi\u0161ice obraza: vse mi\u0161ice \u010dela, skalpa, senc, o\u010di, ust, brade, podbradka in vratu. Na\u010dini in kombinacije treninga mi\u0161ic so razli\u010dni.<div class=\"clear\"><\/div><\/div><div class=\"accordion-title\">2. Kako vpliva TEENLIFTING\u00ae na ko\u017eo?<span class=\"ac-indicator\"><\/span><\/div><div class=\"pane\">Zdravje, izgled in napetost ko\u017ee na naraven na\u010din TEENLIFTING stimulacija re\u0161uje z:<\/p>\n<ul style=\"padding-left: 60px;\">\n<li>dvignjenim in <strong>napetim tonusom<\/strong> glavnega podpornika <strong>ko\u017ee<\/strong> \u2212 to pa so mi\u0161ice<\/li>\n<li><strong>izbolj\u0161ano cirkulacijo in limfno drena\u017eo<\/strong> podko\u017enih tkiv in tkiv ko\u017ee, kar omogo\u010da hitrej\u0161i pretok teko\u010din brez njihovih zadr\u017eevanj (izmenjava hranljivih snovi, vode, hormonov \u2026 in z odplavljanjem odpadnih snovi)<\/li>\n<li><strong>ter z izbolj\u0161ano mikrocirkulacijo ko\u017ee<\/strong> kar ji daje napetost, pro\u017enost, sijaj in na najbolj zdrav na\u010din stimulira naravno stiskanje ko\u017ee.<\/li>\n<\/ul>\n<p><div class=\"clear\"><\/div><\/div><div class=\"accordion-title\">3. Zakaj je pomembno, da za\u010dnemo s TEENLIFTING-om pred tridesetim letom?<span class=\"ac-indicator\"><\/span><\/div><div class=\"pane\">Po tridesetem letu za\u010dnejo mi\u0161ice padati, menjajo\u010d obliko in izraz obraza. Idealno je, da se drobna in \u010dvrsta oblika lica pred tridesetim letom nikoli ne spremeni in da se zadr\u017ei mladostna forma za vedno.<div class=\"clear\"><\/div><\/div><div class=\"accordion-title\">4. Ali sem prestara za TEENLIFTING?<span class=\"ac-indicator\"><\/span><\/div><div class=\"pane\">Zgornje starostne meje ni, vadba mi\u0161ic je potrebna celo \u017eivljenje.<div class=\"clear\"><\/div><\/div><div class=\"accordion-title\">5. Ali bom izgubila gube?<span class=\"ac-indicator\"><\/span><\/div><div class=\"pane\">Da. Hitrost izgube gub je individualna in je odvisna od \u0161tevila treningov, starosti in ostalih faktorjih.<div class=\"clear\"><\/div><\/div><div class=\"accordion-title\">6. Ali bom izgubila mimi\u010dne gube?<span class=\"ac-indicator\"><\/span><\/div><div class=\"pane\">S TEENLIFTING stimulacijo boste pomladili celoten obraz, podbradek in vrat, ne le samo ene gube. Hitrost izgube gub je individualna in je odvisna od \u0161tevila treningov, starosti in ostalih faktorjev.<div class=\"clear\"><\/div><\/div><div class=\"accordion-title\">7. Ali obstaja razlika med mimi\u010dnimi gubami in gubanja (zme\u010dkanosti) ko\u017ee?<span class=\"ac-indicator\"><\/span><\/div><div class=\"pane\">Obstaja. MIMI\u010cNE GUBE so prve gube, ki nastanejo po 30-em letu zaradi popu\u0161\u010danja mimi\u010dnih mi\u0161ic. Vsi imamo enake mimi\u010dne mi\u0161ice in zaradi tega tudi na istih mestih mimi\u010dne gube. Zakaj nekdo dobi dolo\u010dene gube prej ali kasneje, je odvisno od tega, katere mi\u0161ice so mo\u010dnej\u0161e ali slab\u0161e. Npr. pri bratih in sestrah vidimo, da je ena\/eden od njih genetsko bolj podoben mami in ima ve\u010d gub okoli o\u010di (ima slab\u0161e mi\u0161ice okoli o\u010di), za razliko od druge\/drugega, ki je bolj podoben o\u010detu in ima podbradek (ima slab\u0161e mi\u0161ice podbradka). GUBANJE (ZME\u010cKANOST) KO\u017dE nastaja z izgubo podko\u017enega mastnega tkiva ko\u017ee, z izgubo in slab\u0161anjem kolagena in elastina v ko\u017ei in zaradi dehidracije ko\u017ee (izgube vode). Naravno nastaja s staranjem ali s pojavom nekaterih bolezni in jemanja zdravil.<div class=\"clear\"><\/div><\/div><div class=\"accordion-title\">8. Kdaj vidimo prve rezultate?<span class=\"ac-indicator\"><\/span><\/div><div class=\"pane\">\u017de po prvi obdelavi se vidi osve\u017eitev celotnega obraza, po peti obdelavi so vidni prvi rezultati.<div class=\"clear\"><\/div><\/div><div class=\"accordion-title\">9. Kaj se zgodi, \u010de preneham prihajati na tretmaje?<span class=\"ac-indicator\"><\/span><\/div><div class=\"pane\">Prekinjanje kontinuiranosti treningov obrazu ne \u0161kodi, ker mi\u0161ice dolgo zadr\u017eijo pridobljeni tonus. V kolikor nadaljujete s treningi kasneje, se rezultati se\u0161tevajo. Bolje je imeti vsaj nekaj treningov letno, kot dovoliti mi\u0161icam, da se kontinuirano slab\u0161ajo.<div class=\"clear\"><\/div><\/div><div class=\"accordion-title\">10. Ali je TEENLIFTING postopek bole\u010d? <span class=\"ac-indicator\"><\/span><\/div><div class=\"pane\">Neugoden ob\u010dutek elektrostimulacije se re\u0161uje na na\u010din, da si klient sam dolo\u010da mo\u010d stimulacije v vsakem trenutku.<div class=\"clear\"><\/div><\/div><div class=\"accordion-title\">11. Kako pogosto moram prihajati na tretmaje?<span class=\"ac-indicator\"><\/span><\/div><div class=\"pane\"><strong>Povpre\u010dno<\/strong> stranke prihajajo na <strong>15 do 30 tretmajev letno<\/strong>, \u010cas in finace bosta verjetno odredila Va\u0161 tempo treniranja. Bolje je imeti nekaj treningov letno, kot dopustiti mi\u0161icam, da se kontinuirano slab\u0161ajo. Najbolje je narediti <strong>letni na\u010drt treningov<\/strong> in se finan\u010dno prilagoditi \u00bbugodnej\u0161emu letnemu na\u010drtu\u00ab cen v TEENLIFTING CENTRIH.<div class=\"clear\"><\/div><\/div><div class=\"accordion-title\">12. Katere so absolutne kontraindikacije?<span class=\"ac-indicator\"><\/span><\/div><div class=\"pane\">Nose\u010dnost in pace-maker.<div class=\"clear\"><\/div><\/div><br \/>\n<\/div>\n<h4>Telo<\/h4>\n<div class=\"accordion-container\"><br \/>\n<div class=\"accordion-title\">1. Kako se TEENLIFTING razlikuje od drugih elektrostimulacij?<span class=\"ac-indicator\"><\/span><\/div><div class=\"pane\">TEENLIFTING\u00ae stimulacija uporablja posebno oblikovane in edinstvene elektrode, ki stimulirajo vse mi\u0161ice isto\u010dasno. Ravno s tak\u0161nim na\u010dinom elektrostimulacije se <strong>dose\u017eejo maksimalni rezultati na vseh mi\u0161icah<\/strong> (dviguje se prag ugodja elektrostimulacije z isto\u010dasno intenzivnostjo same stimulacije vseh mi\u0161ic ali velikih funkcionalnih skupin mi\u0161ic). Klasi\u010dna stimulacija deluje samo na majhnih povr\u0161inah posameznih mi\u0161ic, kar je za njih preintenzivno, a brez delovanja na sosednje mi\u0161ice.<div class=\"clear\"><\/div><\/div><div class=\"accordion-title\">2. Ali mi ni bolje aktivno vaditi na naraven na\u010din? Zakaj naj koristim elektrostimulacijo?<span class=\"ac-indicator\"><\/span><\/div><div class=\"pane\">Idealno je kombinirati aktivne (fitnes, telovadba, plavanje &#8230;) vadbe s <strong>TEENLIFTING elektrostimulacijo CELOTNEGA TELESA ali KRITI\u010cNIH DELOV<\/strong>. Ni\u010d se ne more primerjati s 30-minutnim TEENLIFTING treningom celotnega telesa, in sicer zaradi maksimalne u\u010dinkovitosti stimulacije: rok, ramen, prsi, hrbta, trupa, zadnjice, bokov, nog in stopal. Rezultati, ki jih dose\u017eete samo z aktivno vadbo v istem \u010dasu, se ve\u010dkratno in kvalitetneje pospe\u0161ijo, \u010de jih kombiniramo z elektrostimulacijo. TEENLIFTING tudi pospe\u0161uje zdravljenje morebitnih bole\u010dih mest, ki Vas omejujejo v aktivni vadbi.<br \/>\nNpr. mi\u0161i\u010dna vlakna se po tipu delijo na hitra in po\u010dasna. Vse mi\u0161ice v telesu imajo dolo\u010den procent enih in drugih, kar je dedno dolo\u010deno. Za vsako skupino mi\u0161ic (roke, noge \u2026) se delajo posebni treningi hitrih in posebni treningi po\u010dasnih mi\u0161i\u010dnih vlaken, kar zahteva ve\u010dje \u0161tevilo dela in vadb. Na elektrostimulaciji delajo vse skupine mi\u0161ic celotnega telesa, skupaj s svojimi hitrimi in po\u010dasnimi vlakni, od prve do zadnje sekunde tretmaja.<\/p>\n<ul style=\"padding-left: 60px;\">\n<li>Po na\u010dinu izvajanja se delajo: pasivne, aktivno podporne, aktivne samostojne in aktivne vadbe z odporom ali obremenitvijo.<\/li>\n<li>Vadbe za vzdr\u017eevanje maksimalnega obsega gibov v vseh sklepih<\/li>\n<li>Vadbe stati\u010dnega raztega (stretching)<\/li>\n<li>Vadbe mo\u010di, vzdr\u017eljivosti, hitrosti in koordinacije:\n<ol style=\"padding-left: 80px;\">\n<li>Izometri\u010dne \u2013 z izometri\u010dno kontrakcijo<\/li>\n<li>Izotoni\u010dne \u2013 s koncentri\u010dno in ekscentri\u010dno kontrakcijo<\/li>\n<li>Izokineti\u010dne<\/li>\n<\/ol>\n<\/li>\n<li>Kontrakcija hitrih in po\u010dasnih mi\u0161i\u010dnih vlaken<\/li>\n<\/ul>\n<p><div class=\"clear\"><\/div><\/div><div class=\"accordion-title\">3. Ali lahko delam ve\u010d na mojih kriti\u010dnih mi\u0161icah\/mestih?<span class=\"ac-indicator\"><\/span><\/div><div class=\"pane\">Kriti\u010dna mesta, kot so trebuh, zadnjica, roke \u2026 ( na njih delamo tudi zaradi oblikovanja in krepitve), se lahko obdelujejo samostojno. Za trebuh in zadnjico obstajajo NOVE, posebno oblikovane elektrode, s katerimi se najhitreje in naju\u010dinkoviteje dose\u017eejo rezultati. Zaradi rednega in kontinuiranega treniranja je najbolje narediti letni na\u010drt treninga in se finan\u010dno prilagoditi \u00bbugodnej\u0161emu letnemu na\u010drtu\u00ab cen v TEENLIFTING CENTRIH.<div class=\"clear\"><\/div><\/div><div class=\"accordion-title\">4. Odstranjuje celulit?<span class=\"ac-indicator\"><\/span><\/div><div class=\"pane\">Da. Za celulit je odgovoren \u017eenski spolni hormon estrogen. Estrogen zbira mastno tkivo in zadr\u017euje pretok zunajceli\u010dne teko\u010dine. Na <strong>ustvarjanje celulita vpliva<\/strong> tudi prehrana, telesna aktivnost, genetika, stres\u2026<br \/>\nCelulit lahko imamo pod kontrolo, vendar se ga ne da eliminirati (razen \u010de ni tako dolo\u010dila genetika).<\/p>\n<p>Neposredni in \u00bbtrajni\u00ab na\u010din re\u0161evanja tega kompleksnega problema je:<\/p>\n<ul style=\"padding-left: 60px;\">\n<li>izbolj\u0161ana mikrocirkulacija ko\u017ee<\/li>\n<li>izbolj\u0161ana <strong>limfna drena\u017ea<\/strong> in pretok medceli\u010dnine<\/li>\n<li>izbolj\u0161ana mi\u0161i\u010dna mo\u010d (kot stalne \u010drpalke, ki vzdr\u017eujejo pretok teko\u010din) zajetih tkiv.<\/li>\n<\/ul>\n<p>Ravno na ta na\u010din se TEENLIFTING zelo uspe\u0161no ukvarja s to te\u017eavo in odstranjuje celulit.<br \/>\nBez tako intenzivne krepitve tonusa mi\u0161ic zajetih tkiv bi bili rezultati kratkoro\u010dni.<div class=\"clear\"><\/div><\/div><br \/>\n<\/div>\n","protected":false},"excerpt":{"rendered":"<p>Pogosto postavljena vpra\u0161anja &nbsp; Splo\u0161no Obraz Telo<\/p>\n","protected":false},"author":3,"featured_media":0,"parent":0,"menu_order":4,"comment_status":"closed","ping_status":"closed","template":"","meta":{"om_disable_all_campaigns":false,"_monsterinsights_skip_tracking":false,"_monsterinsights_sitenote_active":false,"_monsterinsights_sitenote_note":"","_monsterinsights_sitenote_category":0,"_uf_show_specific_survey":0,"_uf_disable_surveys":false,"footnotes":""},"class_list":["post-1557","page","type-page","status-publish","hentry"],"aioseo_notices":[],"yoast_head":"<!-- This site is optimized with the Yoast SEO plugin v24.7 - https:\/\/yoast.com\/wordpress\/plugins\/seo\/ -->\n<title>FAQ - Teenlifting<\/title>\n<meta name=\"robots\" content=\"index, follow, max-snippet:-1, max-image-preview:large, max-video-preview:-1\" \/>\n<link rel=\"canonical\" href=\"https:\/\/mail.teenlifting.co.za\/sl\/faq\/\" \/>\n<meta property=\"og:locale\" content=\"sl_SI\" \/>\n<meta property=\"og:type\" content=\"article\" \/>\n<meta property=\"og:title\" content=\"FAQ - Teenlifting\" \/>\n<meta property=\"og:description\" content=\"Pogosto postavljena vpra\u0161anja &nbsp; Splo\u0161no Obraz Telo\" \/>\n<meta property=\"og:url\" content=\"https:\/\/mail.teenlifting.co.za\/sl\/faq\/\" \/>\n<meta property=\"og:site_name\" content=\"Teenlifting\" \/>\n<meta property=\"article:modified_time\" content=\"2017-02-11T16:15:38+00:00\" \/>\n<meta name=\"twitter:card\" content=\"summary_large_image\" \/>\n<meta name=\"twitter:label1\" content=\"Est. reading time\" \/>\n\t<meta name=\"twitter:data1\" content=\"7 minut\" \/>\n<script type=\"application\/ld+json\" class=\"yoast-schema-graph\">{\"@context\":\"https:\/\/schema.org\",\"@graph\":[{\"@type\":\"WebPage\",\"@id\":\"https:\/\/mail.teenlifting.co.za\/sl\/faq\/\",\"url\":\"https:\/\/mail.teenlifting.co.za\/sl\/faq\/\",\"name\":\"FAQ - Teenlifting\",\"isPartOf\":{\"@id\":\"https:\/\/www.teenlifting.com.hr\/#website\"},\"datePublished\":\"2017-01-29T19:16:16+00:00\",\"dateModified\":\"2017-02-11T16:15:38+00:00\",\"breadcrumb\":{\"@id\":\"https:\/\/mail.teenlifting.co.za\/sl\/faq\/#breadcrumb\"},\"inLanguage\":\"sl-SI\",\"potentialAction\":[{\"@type\":\"ReadAction\",\"target\":[\"https:\/\/mail.teenlifting.co.za\/sl\/faq\/\"]}]},{\"@type\":\"BreadcrumbList\",\"@id\":\"https:\/\/mail.teenlifting.co.za\/sl\/faq\/#breadcrumb\",\"itemListElement\":[{\"@type\":\"ListItem\",\"position\":1,\"name\":\"Po\u010detna stranica\",\"item\":\"https:\/\/teenlifting.com.hr\/sl\/\"},{\"@type\":\"ListItem\",\"position\":2,\"name\":\"FAQ\"}]},{\"@type\":\"WebSite\",\"@id\":\"https:\/\/www.teenlifting.com.hr\/#website\",\"url\":\"https:\/\/www.teenlifting.com.hr\/\",\"name\":\"Teenlifting\",\"description\":\"Aktiviraj, ne plastificiraj!\",\"potentialAction\":[{\"@type\":\"SearchAction\",\"target\":{\"@type\":\"EntryPoint\",\"urlTemplate\":\"https:\/\/www.teenlifting.com.hr\/?s={search_term_string}\"},\"query-input\":{\"@type\":\"PropertyValueSpecification\",\"valueRequired\":true,\"valueName\":\"search_term_string\"}}],\"inLanguage\":\"sl-SI\"}]}<\/script>\n<!-- \/ Yoast SEO plugin. -->","yoast_head_json":{"title":"FAQ - Teenlifting","robots":{"index":"index","follow":"follow","max-snippet":"max-snippet:-1","max-image-preview":"max-image-preview:large","max-video-preview":"max-video-preview:-1"},"canonical":"https:\/\/mail.teenlifting.co.za\/sl\/faq\/","og_locale":"sl_SI","og_type":"article","og_title":"FAQ - Teenlifting","og_description":"Pogosto postavljena vpra\u0161anja &nbsp; Splo\u0161no Obraz Telo","og_url":"https:\/\/mail.teenlifting.co.za\/sl\/faq\/","og_site_name":"Teenlifting","article_modified_time":"2017-02-11T16:15:38+00:00","twitter_card":"summary_large_image","twitter_misc":{"Est. reading time":"7 minut"},"schema":{"@context":"https:\/\/schema.org","@graph":[{"@type":"WebPage","@id":"https:\/\/mail.teenlifting.co.za\/sl\/faq\/","url":"https:\/\/mail.teenlifting.co.za\/sl\/faq\/","name":"FAQ - Teenlifting","isPartOf":{"@id":"https:\/\/www.teenlifting.com.hr\/#website"},"datePublished":"2017-01-29T19:16:16+00:00","dateModified":"2017-02-11T16:15:38+00:00","breadcrumb":{"@id":"https:\/\/mail.teenlifting.co.za\/sl\/faq\/#breadcrumb"},"inLanguage":"sl-SI","potentialAction":[{"@type":"ReadAction","target":["https:\/\/mail.teenlifting.co.za\/sl\/faq\/"]}]},{"@type":"BreadcrumbList","@id":"https:\/\/mail.teenlifting.co.za\/sl\/faq\/#breadcrumb","itemListElement":[{"@type":"ListItem","position":1,"name":"Po\u010detna stranica","item":"https:\/\/teenlifting.com.hr\/sl\/"},{"@type":"ListItem","position":2,"name":"FAQ"}]},{"@type":"WebSite","@id":"https:\/\/www.teenlifting.com.hr\/#website","url":"https:\/\/www.teenlifting.com.hr\/","name":"Teenlifting","description":"Aktiviraj, ne plastificiraj!","potentialAction":[{"@type":"SearchAction","target":{"@type":"EntryPoint","urlTemplate":"https:\/\/www.teenlifting.com.hr\/?s={search_term_string}"},"query-input":{"@type":"PropertyValueSpecification","valueRequired":true,"valueName":"search_term_string"}}],"inLanguage":"sl-SI"}]}},"_links":{"self":[{"href":"https:\/\/mail.teenlifting.si\/sl\/wp-json\/wp\/v2\/pages\/1557","targetHints":{"allow":["GET"]}}],"collection":[{"href":"https:\/\/mail.teenlifting.si\/sl\/wp-json\/wp\/v2\/pages"}],"about":[{"href":"https:\/\/mail.teenlifting.si\/sl\/wp-json\/wp\/v2\/types\/page"}],"author":[{"embeddable":true,"href":"https:\/\/mail.teenlifting.si\/sl\/wp-json\/wp\/v2\/users\/3"}],"replies":[{"embeddable":true,"href":"https:\/\/mail.teenlifting.si\/sl\/wp-json\/wp\/v2\/comments?post=1557"}],"version-history":[{"count":10,"href":"https:\/\/mail.teenlifting.si\/sl\/wp-json\/wp\/v2\/pages\/1557\/revisions"}],"predecessor-version":[{"id":1636,"href":"https:\/\/mail.teenlifting.si\/sl\/wp-json\/wp\/v2\/pages\/1557\/revisions\/1636"}],"wp:attachment":[{"href":"https:\/\/mail.teenlifting.si\/sl\/wp-json\/wp\/v2\/media?parent=1557"}],"curies":[{"name":"wp","href":"https:\/\/api.w.org\/{rel}","templated":true}]}}