{"id":1564,"date":"2017-01-29T19:51:17","date_gmt":"2017-01-29T19:51:17","guid":{"rendered":"http:\/\/www.teenlifting.com.hr\/sl\/?page_id=1564"},"modified":"2018-02-04T18:11:28","modified_gmt":"2018-02-04T18:11:28","slug":"fransizo","status":"publish","type":"page","link":"https:\/\/mail.teenlifting.si\/sl\/fransizo\/","title":{"rendered":"Fran\u0161izo"},"content":{"rendered":"<div class=\"section-full-width section-light-bg\" style=\"background-color:#f7f7f7;\" id=\"fran\u0161izoteenlifting\u00ae\"><div class=\"section-boxed\" style=\"color:#373737;\"><h2 class=\"section-title\" style=\"color:#252525;\">Fran\u0161izo TEENLIFTING\u00ae<\/h2><\/p>\n<h3 style=\"text-align: left;\"><a href=\"http:\/\/www.teenlifting.com.hr\/sl\/kontakt\/\" target=\"_blank\" rel=\"noopener\">Fran\u0161izo TEENLIFTING\u00ae <\/a> je mo\u017eno kupiti v Republiki Hrva\u0161ki in v tujini.<\/h3>\n<p style=\"text-align: left;\">Fran\u0161iza omogo\u010da prejemniku fran\u0161ize hitrej\u0161o rast in razvoj poslovanja ob ni\u017ejem vlo\u017eku anga\u017eiranega kapitala. Podjetnikom za\u010detnikom fran\u0161iza omogo\u010da kori\u0161\u010denje znanja, izku\u0161enj in blagovne znamke dajalca fran\u0161ize, za \u017ee uveljavljena, uspe\u0161na podjetja pa pomeni potencial dodatne rasti. Fran\u0161iza pomeni tudi, da prejemnik fran\u0161ize dobi varnost, definirane stro\u0161ke, podporo in preverjeni sistem, ki je \u017ee \u00bbprebolel vse otro\u0161ke bolezni\u00ab. TEENLIFTING\u00ae je enkratna prilo\u017enost za investiranje s preverjeno uslugo in hitrim obratom investicije.<\/p>\n<h3 style=\"text-align: left;\"><\/h3>\n<p>&nbsp;<\/p>\n<div class=\"services-wrapper services-icon cols-wrapper cols-5\"><div class=\"services-title-box col\"><h2>Kaj fran\u0161iza vklju\u010duje?<\/h2><p>\u0160tevilo fran\u0161izojemalcev je omejeno, pri \u010demer se pridobi edinstvenost in ekskluzivnost. Ob pravici kori\u0161\u010denja blagovne znamke in za\u0161\u010ditene metode fran\u0161iza vklju\u010duje:<\/p><\/div><div class=\"services-box col\"><div class=\"img-container\"><img decoding=\"async\" src=\"https:\/\/www.teenlifting.com.hr\/content\/uploads\/2016\/09\/znanje-01-4.png\" alt=\"POSLOVNO IZKU\u0160NJO IN PODPORO\"\/><\/div><div class=\"services-content\"><div class=\"sc-wraper\"><h3>POSLOVNO IZKU\u0160NJO IN PODPORO<\/h3><p>Prenos poslovne izku\u0161nje.<\/p><\/div><\/div><\/div><div class=\"services-box col\"><div class=\"img-container\"><img decoding=\"async\" src=\"https:\/\/www.teenlifting.com.hr\/content\/uploads\/2016\/09\/trening-01-4.png\" alt=\"TRENING IN VODENJE POSLOVANJA\"\/><\/div><div class=\"services-content\"><div class=\"sc-wraper\"><h3>TRENING IN VODENJE POSLOVANJA<\/h3><p>Trening osebja in vodenje ob za\u010detku poslovanja.<\/p><\/div><\/div><\/div><div class=\"services-box col\"><div class=\"img-container\"><img decoding=\"async\" src=\"https:\/\/www.teenlifting.com.hr\/content\/uploads\/2016\/09\/marketing-01-3.png\" alt=\"MARKETIN\u0160KO PODPORO\"\/><\/div><div class=\"services-content\"><div class=\"sc-wraper\"><h3>MARKETIN\u0160KO PODPORO<\/h3><p>Prisotnost na web strani in marketin\u0161ke materiale.<\/p><\/div><\/div><\/div><div class=\"services-box col nomargin\"><div class=\"img-container\"><img decoding=\"async\" src=\"https:\/\/www.teenlifting.com.hr\/content\/uploads\/2016\/09\/tehnologija-01-3.png\" alt=\"TEHNOLO\u0160KO PODPORO\"\/><\/div><div class=\"services-content\"><div class=\"sc-wraper\"><h3>TEHNOLO\u0160KO PODPORO<\/h3><p>Stimulatorje TEENLIFTING\u00ae in TEENLIFTING\u00ae elektrode.<\/p><\/div><\/div><\/div><div class=\"clear\"><\/div><\/div>\n<p>\n<\/div><\/div>\n<div class=\"section-full-width section-light2 parallax-scroll\" style=\"background-color:#ffffff; min-height:450px;\" id=\"teenlifting\"><div style=\"background-image:url(https:\/\/www.teenlifting.com.hr\/content\/uploads\/2016\/03\/teenlifting-centar-2.jpg); opacity:0.5; filter: alpha(opacity=50);\" class=\"full-bg-image\" ><\/div><div class=\"section-boxed\" style=\"color:#777777;\"><h2 class=\"section-title\" style=\"color:#252525;\">TEENLIFTING<\/h2><\/p>\n<h3 style=\"text-align: center;\">Ena od prednosti,  ki jih  nudimo fran\u0161izoprejemnikom, je ve\u010dja u\u010dinkovitost in prihranek na njihovem \u010dasu ter na \u010dasu njihovih strank, ker lahko oddelajo trening TEENLIFTING Platizme isto\u010dasno z ve\u010dino ostalih uslug ,ki jih ponujajo.<\/h3>\n<p>\n<\/div><\/div>\n<div class=\"section-full-width section-light-bg\" style=\"background-color:#f7f7f7;\" id=\"fran\u0161izojemalcisolahko\"><div class=\"section-boxed\" style=\"color:#373737;\"><h2 class=\"section-title\" style=\"color:#252525;\">Fran\u0161izojemalci so lahko:<\/h2><div class=\"services-wrapper services-boxed-photo cols-wrapper cols-3\"><div class=\"services-box col services-no-image\"><div class=\"services-content\"><div class=\"sc-wraper\"><h3>1. Kozmeti\u010dni saloni<\/h3><p>Z uvedbo tretmajev TEENLIFTING platizme \u0161irite asortiman uslug nege obraza in nudite strankam edinstveno obdelavo z vrhunskimi rezultati, kar vodi do pove\u010danja \u0161tevila strank in \u0161iritve posla.<\/p><\/div><\/div><\/div><div class=\"services-box col services-no-image\"><div class=\"services-content\"><div class=\"sc-wraper\"><h3>2. Stomatolo\u0161ke ordinacije<\/h3><p>S TEENLIFTING-om platizme ponujate pacijentom edinstven postopek krepitve kosti obraza in mi\u0161ic \u010deljustnih sklepov z ugodno obdelavo naravnega pomlajevanja obraza, vratu, podbradka, lic in ust.<\/p><\/div><\/div><\/div><div class=\"services-box col nomargin services-no-image\"><div class=\"services-content\"><div class=\"sc-wraper\"><h3>3. Wellnes in spa centri<\/h3><p>Naredite svoje goste \u0161e bolj zadovoljne in mlaj\u0161e ob ugodnem tretmaju TEENLIFTING platizme za pomlajevanje obraza, vratu, podbradka, lic in ust.<\/p><\/div><\/div><\/div><div class=\"clear\"><\/div><\/div>\n<div class=\"services-wrapper services-boxed-photo cols-wrapper cols-3\"><div class=\"services-box col services-no-image\"><div class=\"services-content\"><div class=\"sc-wraper\"><h3>4. Poliklinike<\/h3><p>Pove\u010dajte kvaliteto in raz\u0161irite ponudbo svojih uslug s  TEENLIFTING-om platizme \u2013 edinstveno metodo pomlajevanja z elektrostimulacijo mi\u0161ice platizme.<\/p><\/div><\/div><\/div><div class=\"services-box col services-no-image\"><div class=\"services-content\"><div class=\"sc-wraper\"><h3>5. Fitnes centri<\/h3><p>Z edinstvenim fitnes treningom TEENLIFTING platizme strankam oblikujete, u\u010dvrstite in pomladite  obraz, vrat, podbradek, lica in usta ter pove\u010date kvaliteto in \u0161iritev ponudbe svojih uslug.<\/p><\/div><\/div><\/div><div class=\"services-box col nomargin services-no-image\"><div class=\"services-content\"><div class=\"sc-wraper\"><h3>6. Frizerski saloni<\/h3><p>Ob negi las, isto\u010dasno, ponudite svojim strankam ugodno obdelavo TEENLIFTING platizme za pomlajevanje obraza, vratu, podbradka, ust in pove\u010dajte kvaliteto ter raz\u0161irite ponudbo svojih uslug.<\/p><\/div><\/div><\/div><div class=\"clear\"><\/div><\/div>\n<p>\n<\/div><\/div>\n<div class=\"section-full-width section-light-bg\" style=\"background-color:#ffffff;\" id=\"zakajizbratifran\u0161izoteenlifting\u00ae\"><div class=\"section-boxed\" style=\"color:#373737;\"><h2 class=\"section-title\" style=\"color:#252525;\">Zakaj izbrati fran\u0161izo TEENLIFTING\u00ae?<\/h2><\/p>\n<p style=\"text-align: left;\">Metode za zmanj\u0161anje podbradka, ki so dostopne na tr\u017ei\u0161\u010du, so: radiofrekvenca podbradka, laserska obdelava podbradka, kirur\u0161ki poseg odstranitve podbradka. <strong><u>TEENLIFTING\u00ae se razlikuje od vseh na\u0161tetih metod<\/u><\/strong> ker edini deluje na mi\u0161ico in na ko\u017eo isto\u010dasno, kar pospe\u0161uje tudi zdravje osebje, ter ni bole\u010d. Na svetovnem tr\u017ei\u0161\u010du je to <em>edinstvena metoda<\/em> ker uporablja specialno oblikovane elektrode za stimulacijo velikih skupin mi\u0161ic. Dela se z napravo in z elektrodami za elektrostimulacijo mi\u0161ic in akupunkturnih to\u010dk.<br \/>\nZ elektrostimulacijo se trenira mi\u0161ica platizme, enako kot se trenira npr. mi\u0161ica trebuha, kadar izvajamo trebu\u0161njake.<br \/>\nOb izgubi podbradka se zmanj\u0161uje tudi vi\u0161ek ko\u017ee na vratu, zmanj\u0161ujejo se nazolabialne gube, isto\u010dasno z oblikovanjem in dvigovanjem lic. \u0160tevilo fran\u0161izojemalcev je omejeno, zaradi \u010desar se pridobiva ekskluzivnost TEENLIFTING-a in ni medsebojne konkurence.<\/p>\n<p>\n<\/div><\/div>\n<div class=\"section-full-width section-light-bg\" style=\"background-color:#f7f7f7;\" id=\"postanitedelteenliftingzgodbe\"><div class=\"section-boxed\" style=\"color:#373737;\"><h2 class=\"section-title\" style=\"color:#252525;\">Postanite del TEENLIFTING zgodbe!<\/h2><\/p>\n<h3>V kolikor ste zainteresirani, nam po\u0161ljite sporo\u010dilo in mi Vas bomo kontaktirali v \u010dim kraj\u0161em roku!<\/h3>\n\n<div class=\"wpcf7 no-js\" id=\"wpcf7-f1607-o1\" lang=\"hr\" dir=\"ltr\" data-wpcf7-id=\"1607\">\n<div class=\"screen-reader-response\"><p role=\"status\" aria-live=\"polite\" aria-atomic=\"true\"><\/p> <ul><\/ul><\/div>\n<form action=\"\/sl\/wp-json\/wp\/v2\/pages\/1564#wpcf7-f1607-o1\" method=\"post\" class=\"wpcf7-form init\" aria-label=\"Kontakt obrazac\" novalidate=\"novalidate\" data-status=\"init\">\n<div style=\"display: none;\">\n<input type=\"hidden\" name=\"_wpcf7\" value=\"1607\" \/>\n<input type=\"hidden\" name=\"_wpcf7_version\" value=\"6.0.5\" \/>\n<input type=\"hidden\" name=\"_wpcf7_locale\" value=\"hr\" \/>\n<input type=\"hidden\" name=\"_wpcf7_unit_tag\" value=\"wpcf7-f1607-o1\" \/>\n<input type=\"hidden\" name=\"_wpcf7_container_post\" value=\"0\" \/>\n<input type=\"hidden\" name=\"_wpcf7_posted_data_hash\" value=\"\" \/>\n<\/div>\n<p>Ime in priimek*<br \/>\n<span class=\"wpcf7-form-control-wrap\" data-name=\"your-name\"><input size=\"40\" maxlength=\"400\" class=\"wpcf7-form-control wpcf7-text wpcf7-validates-as-required\" aria-required=\"true\" aria-invalid=\"false\" value=\"\" type=\"text\" name=\"your-name\" \/><\/span>\n<\/p>\n<p>Ime podjetja*<br \/>\n<span class=\"wpcf7-form-control-wrap\" data-name=\"your-firm\"><input size=\"40\" maxlength=\"400\" class=\"wpcf7-form-control wpcf7-text wpcf7-validates-as-required\" aria-required=\"true\" aria-invalid=\"false\" value=\"\" type=\"text\" name=\"your-firm\" \/><\/span>\n<\/p>\n<p>Kraj*<br \/>\n<span class=\"wpcf7-form-control-wrap\" data-name=\"your-city\"><input size=\"40\" maxlength=\"400\" class=\"wpcf7-form-control wpcf7-text wpcf7-validates-as-required\" aria-required=\"true\" aria-invalid=\"false\" value=\"\" type=\"text\" name=\"your-city\" \/><\/span>\n<\/p>\n<p>\u0160tevilka telefona*<br \/>\n<span class=\"wpcf7-form-control-wrap\" data-name=\"tel-255\"><input size=\"40\" maxlength=\"400\" class=\"wpcf7-form-control wpcf7-tel wpcf7-validates-as-required wpcf7-text wpcf7-validates-as-tel\" aria-required=\"true\" aria-invalid=\"false\" value=\"\" type=\"tel\" name=\"tel-255\" \/><\/span>\n<\/p>\n<p>Email*<br \/>\n<span class=\"wpcf7-form-control-wrap\" data-name=\"your-email\"><input size=\"40\" maxlength=\"400\" class=\"wpcf7-form-control wpcf7-email wpcf7-validates-as-required wpcf7-text wpcf7-validates-as-email\" aria-required=\"true\" aria-invalid=\"false\" value=\"\" type=\"email\" name=\"your-email\" \/><\/span>\n<\/p>\n<p><span class=\"wpcf7-form-control-wrap\" data-name=\"acceptance-552\"><span class=\"wpcf7-form-control wpcf7-acceptance\"><span class=\"wpcf7-list-item\"><label><input type=\"checkbox\" name=\"acceptance-552\" value=\"1\" aria-invalid=\"false\" \/><span class=\"wpcf7-list-item-label\">*Strinjam se s pogoji uporabe. <a href=\"https:\/\/teenlifting.com.hr\/sl\/pogoji-in-dolocila-uporabe\/\" target=\"_blank\">Ve\u010d o pogojih uporabe<\/a>.<\/span><\/label><\/span><\/span><\/span>\n<\/p>\n<p><span class=\"wpcf7-form-control-wrap\" data-name=\"acceptance-560\"><span class=\"wpcf7-form-control wpcf7-acceptance optional\"><span class=\"wpcf7-list-item\"><label><input type=\"checkbox\" name=\"acceptance-560\" value=\"1\" checked=\"checked\" aria-invalid=\"false\" \/><span class=\"wpcf7-list-item-label\">\u017delim prejemati TEENLIFTING\u00ae obvestila.<\/span><\/label><\/span><\/span><\/span>\n<\/p>\n<p>*Obvezna polja\n<\/p>\n<p><input class=\"wpcf7-form-control wpcf7-submit has-spinner\" type=\"submit\" value=\"Po\u0161lji\" \/>\n<\/p><p style=\"display: none !important;\" class=\"akismet-fields-container\" data-prefix=\"_wpcf7_ak_\"><label>&#916;<textarea name=\"_wpcf7_ak_hp_textarea\" cols=\"45\" rows=\"8\" maxlength=\"100\"><\/textarea><\/label><input type=\"hidden\" id=\"ak_js_1\" name=\"_wpcf7_ak_js\" value=\"53\"\/><script>document.getElementById( \"ak_js_1\" ).setAttribute( \"value\", ( new Date() ).getTime() );<\/script><\/p><div class=\"wpcf7-response-output\" aria-hidden=\"true\"><\/div>\n<\/form>\n<\/div>\n\n<p>\n<\/div><\/div>\n","protected":false},"excerpt":{"rendered":"","protected":false},"author":3,"featured_media":0,"parent":0,"menu_order":5,"comment_status":"closed","ping_status":"closed","template":"template-full-custom.php","meta":{"om_disable_all_campaigns":false,"_monsterinsights_skip_tracking":false,"_monsterinsights_sitenote_active":false,"_monsterinsights_sitenote_note":"","_monsterinsights_sitenote_category":0,"_uf_show_specific_survey":0,"_uf_disable_surveys":false,"footnotes":""},"class_list":["post-1564","page","type-page","status-publish","hentry"],"aioseo_notices":[],"yoast_head":"<!-- This site is optimized with the Yoast SEO plugin v24.7 - https:\/\/yoast.com\/wordpress\/plugins\/seo\/ -->\n<title>Fran\u0161izo - Teenlifting<\/title>\n<meta name=\"robots\" content=\"index, follow, max-snippet:-1, max-image-preview:large, max-video-preview:-1\" \/>\n<link rel=\"canonical\" href=\"https:\/\/mail.teenlifting.si\/sl\/fransizo\/\" \/>\n<meta property=\"og:locale\" content=\"sl_SI\" \/>\n<meta property=\"og:type\" content=\"article\" \/>\n<meta property=\"og:title\" content=\"Fran\u0161izo - Teenlifting\" \/>\n<meta property=\"og:url\" content=\"https:\/\/mail.teenlifting.si\/sl\/fransizo\/\" \/>\n<meta property=\"og:site_name\" content=\"Teenlifting\" \/>\n<meta property=\"article:modified_time\" content=\"2018-02-04T18:11:28+00:00\" \/>\n<meta name=\"twitter:card\" content=\"summary_large_image\" \/>\n<meta name=\"twitter:label1\" content=\"Est. reading time\" \/>\n\t<meta name=\"twitter:data1\" content=\"4 minute\" \/>\n<script type=\"application\/ld+json\" class=\"yoast-schema-graph\">{\"@context\":\"https:\/\/schema.org\",\"@graph\":[{\"@type\":\"WebPage\",\"@id\":\"https:\/\/mail.teenlifting.si\/sl\/fransizo\/\",\"url\":\"https:\/\/mail.teenlifting.si\/sl\/fransizo\/\",\"name\":\"Fran\u0161izo - Teenlifting\",\"isPartOf\":{\"@id\":\"https:\/\/www.teenlifting.com.hr\/#website\"},\"datePublished\":\"2017-01-29T19:51:17+00:00\",\"dateModified\":\"2018-02-04T18:11:28+00:00\",\"breadcrumb\":{\"@id\":\"https:\/\/mail.teenlifting.si\/sl\/fransizo\/#breadcrumb\"},\"inLanguage\":\"sl-SI\",\"potentialAction\":[{\"@type\":\"ReadAction\",\"target\":[\"https:\/\/mail.teenlifting.si\/sl\/fransizo\/\"]}]},{\"@type\":\"BreadcrumbList\",\"@id\":\"https:\/\/mail.teenlifting.si\/sl\/fransizo\/#breadcrumb\",\"itemListElement\":[{\"@type\":\"ListItem\",\"position\":1,\"name\":\"Po\u010detna stranica\",\"item\":\"https:\/\/teenlifting.com.hr\/sl\/\"},{\"@type\":\"ListItem\",\"position\":2,\"name\":\"Fran\u0161izo\"}]},{\"@type\":\"WebSite\",\"@id\":\"https:\/\/www.teenlifting.com.hr\/#website\",\"url\":\"https:\/\/www.teenlifting.com.hr\/\",\"name\":\"Teenlifting\",\"description\":\"Aktiviraj, ne plastificiraj!\",\"potentialAction\":[{\"@type\":\"SearchAction\",\"target\":{\"@type\":\"EntryPoint\",\"urlTemplate\":\"https:\/\/www.teenlifting.com.hr\/?s={search_term_string}\"},\"query-input\":{\"@type\":\"PropertyValueSpecification\",\"valueRequired\":true,\"valueName\":\"search_term_string\"}}],\"inLanguage\":\"sl-SI\"}]}<\/script>\n<!-- \/ Yoast SEO plugin. -->","yoast_head_json":{"title":"Fran\u0161izo - Teenlifting","robots":{"index":"index","follow":"follow","max-snippet":"max-snippet:-1","max-image-preview":"max-image-preview:large","max-video-preview":"max-video-preview:-1"},"canonical":"https:\/\/mail.teenlifting.si\/sl\/fransizo\/","og_locale":"sl_SI","og_type":"article","og_title":"Fran\u0161izo - Teenlifting","og_url":"https:\/\/mail.teenlifting.si\/sl\/fransizo\/","og_site_name":"Teenlifting","article_modified_time":"2018-02-04T18:11:28+00:00","twitter_card":"summary_large_image","twitter_misc":{"Est. reading time":"4 minute"},"schema":{"@context":"https:\/\/schema.org","@graph":[{"@type":"WebPage","@id":"https:\/\/mail.teenlifting.si\/sl\/fransizo\/","url":"https:\/\/mail.teenlifting.si\/sl\/fransizo\/","name":"Fran\u0161izo - Teenlifting","isPartOf":{"@id":"https:\/\/www.teenlifting.com.hr\/#website"},"datePublished":"2017-01-29T19:51:17+00:00","dateModified":"2018-02-04T18:11:28+00:00","breadcrumb":{"@id":"https:\/\/mail.teenlifting.si\/sl\/fransizo\/#breadcrumb"},"inLanguage":"sl-SI","potentialAction":[{"@type":"ReadAction","target":["https:\/\/mail.teenlifting.si\/sl\/fransizo\/"]}]},{"@type":"BreadcrumbList","@id":"https:\/\/mail.teenlifting.si\/sl\/fransizo\/#breadcrumb","itemListElement":[{"@type":"ListItem","position":1,"name":"Po\u010detna stranica","item":"https:\/\/teenlifting.com.hr\/sl\/"},{"@type":"ListItem","position":2,"name":"Fran\u0161izo"}]},{"@type":"WebSite","@id":"https:\/\/www.teenlifting.com.hr\/#website","url":"https:\/\/www.teenlifting.com.hr\/","name":"Teenlifting","description":"Aktiviraj, ne plastificiraj!","potentialAction":[{"@type":"SearchAction","target":{"@type":"EntryPoint","urlTemplate":"https:\/\/www.teenlifting.com.hr\/?s={search_term_string}"},"query-input":{"@type":"PropertyValueSpecification","valueRequired":true,"valueName":"search_term_string"}}],"inLanguage":"sl-SI"}]}},"_links":{"self":[{"href":"https:\/\/mail.teenlifting.si\/sl\/wp-json\/wp\/v2\/pages\/1564","targetHints":{"allow":["GET"]}}],"collection":[{"href":"https:\/\/mail.teenlifting.si\/sl\/wp-json\/wp\/v2\/pages"}],"about":[{"href":"https:\/\/mail.teenlifting.si\/sl\/wp-json\/wp\/v2\/types\/page"}],"author":[{"embeddable":true,"href":"https:\/\/mail.teenlifting.si\/sl\/wp-json\/wp\/v2\/users\/3"}],"replies":[{"embeddable":true,"href":"https:\/\/mail.teenlifting.si\/sl\/wp-json\/wp\/v2\/comments?post=1564"}],"version-history":[{"count":8,"href":"https:\/\/mail.teenlifting.si\/sl\/wp-json\/wp\/v2\/pages\/1564\/revisions"}],"predecessor-version":[{"id":1986,"href":"https:\/\/mail.teenlifting.si\/sl\/wp-json\/wp\/v2\/pages\/1564\/revisions\/1986"}],"wp:attachment":[{"href":"https:\/\/mail.teenlifting.si\/sl\/wp-json\/wp\/v2\/media?parent=1564"}],"curies":[{"name":"wp","href":"https:\/\/api.w.org\/{rel}","templated":true}]}}