{"id":1572,"date":"2017-01-29T20:22:02","date_gmt":"2017-01-29T20:22:02","guid":{"rendered":"http:\/\/www.teenlifting.com.hr\/sl\/?page_id=1572"},"modified":"2025-09-17T13:44:53","modified_gmt":"2025-09-17T13:44:53","slug":"kontakt","status":"publish","type":"page","link":"https:\/\/mail.teenlifting.si\/sl\/kontakt\/","title":{"rendered":"Kontakt"},"content":{"rendered":"<h2>FRAN\u0160IZ TEENLIFTING<\/h2>\n<hr \/>\n<p>&nbsp;<\/p>\n<h3>HRVA\u0160KA<\/h3>\n<div class=\"accordion-container\"><div class=\"accordion-title\">ZAGREB, ZAHOD - TEENLIFTING center ZAGREB<span class=\"ac-indicator\"><\/span><\/div><div class=\"pane\"><b>Tel:<\/b> +385 98 239 329<br \/>\n<b>Naslov:<\/b> Ne\u010dujamska ulica 3, Zagreb<br \/>\n<a href=\"https:\/\/www.facebook.com\/TEENLIFTING\" target=\"_blank\" rel=\"nofollow noopener noreferrer\">&gt; Facebook stran<\/a><br \/>\n<div class=\"clear\"><\/div><\/div><div class=\"accordion-title\">ZAGREB, SESVETE - TEENLIFTING center SESVETE<span class=\"ac-indicator\"><\/span><\/div><div class=\"pane\"><b>Tel:<\/b> +385 97 6504 993<br \/>\n<b>Naslov:<\/b> Me\u0111ugorska 1A, Sesvete<br \/>\n<a href=\"https:\/\/www.facebook.com\/teenliftingsesvete\" target=\"_blank\" rel=\"nofollow noopener noreferrer\">&gt; Facebook stran<\/a><br \/>\n<div class=\"clear\"><\/div><\/div><div class=\"accordion-title\">SPLIT - TEENLIFTING center Split<span class=\"ac-indicator\"><\/span><\/div><div class=\"pane\"><b>Tel:<\/b> +385 95 845 1151<br \/>\n<b>Naslov:<\/b> Osje\u010dka 5a, Split 21000<br \/>\n<a href=\"https:\/\/www.facebook.com\/Teenlifting-centar-Split-962139567172096\/?hc_ref=ARRWalM5PE5W1fwNmLil5BKJMYVRAJwQjRwbBmogtM-lkTL5oPa_wJ7gMlYtA6x2kI8&amp;fref=nf\" target=\"_blank\" rel=\"nofollow noopener noreferrer\">&gt; Facebook stran<\/a><br \/>\n<div class=\"clear\"><\/div><\/div><div class=\"accordion-title\">VINKOVCI, OSIJEK - Kozmeti\u010dni salon ESENCA<span class=\"ac-indicator\"><\/span><\/div><div class=\"pane\"><b>Tel:<\/b> +385 99 264 4344<br \/>\n<b>Naslov:<\/b> Glagolja\u0161ka 16, Vinkovci, 32100<br \/>\n<a href=\"https:\/\/www.facebook.com\/Esenca-Vinkovci-887442054677553\/\" target=\"_blank\" rel=\"nofollow noopener noreferrer\">&gt; Facebook stran<\/a><br \/>\n<div class=\"clear\"><\/div><\/div><div class=\"accordion-title\">OPATIJA - Kozmeti\u010dni salon KATEA<span class=\"ac-indicator\"><\/span><\/div><div class=\"pane\"><b>Tel:<\/b> +385 51 718448 \/ +385 91 5191675<br \/>\n<b>Naslov:<\/b> Ivana i Matka Ba\u0161tijana 24 , Matulji<br \/>\n<a href=\"https:\/\/www.facebook.com\/kateakozmetickisalon\/\" target=\"_blank\" rel=\"nofollow noopener noreferrer\">&gt; Facebook stran<\/a><br \/>\n<a href=\"http:\/\/www.katea.hr\" target=\"_blank\" rel=\"nofollow noopener noreferrer\">&gt; Web stran<\/a><br \/>\n<div class=\"clear\"><\/div><\/div><div class=\"accordion-title\">PULA - TEENLIFTING centar Pula<span class=\"ac-indicator\"><\/span><\/div><div class=\"pane\"><b>Tel:<\/b> +385 99 401 3840<br \/>\n<b>Naslov:<\/b> Videlanka 3, 52100 Pula<br \/>\n<a href=\"https:\/\/www.facebook.com\/pg\/TeenliftingCentarPula\/about\/?ref=page_internal\" target=\"_blank\" rel=\"nofollow noopener noreferrer\">&gt; Facebook stran<\/a><br \/>\n<div class=\"clear\"><\/div><\/div><div class=\"accordion-title\">\u0160IBENIK - Ella kozmeti\u010dni salon<span class=\"ac-indicator\"><\/span><\/div><div class=\"pane\"><b>Tel:<\/b> +385 22 217 311<br \/>\n<b>Naslov:<\/b> Kralja Tomislava 21 \u0160ibenik<br \/>\n<div class=\"clear\"><\/div><\/div><br \/>\n<\/div>\n<h3>AUSTRIJA<\/h3>\n<div class=\"accordion-container\"><div class=\"accordion-title\">BE\u010c - O\u010desna ordinacija Dr. Lejla Pasic-Muradic<span class=\"ac-indicator\"><\/span><\/div><div class=\"pane\"><b>Tel:<\/b> +43 1 92 064 41<br \/>\n<b>Naslov:<\/b> Mariahilferstrasse 133\/9, 1150 Be\u010d, Austrija<br \/>\n<a href=\"https:\/\/www.facebook.com\/augenarzt.westbahnhof\/\" target=\"_blank\" rel=\"nofollow noopener noreferrer\">&gt; Facebook stran<\/a><br \/>\n<a href=\"http:\/\/www.augenarzt-westbahnhof.at\/\" target=\"_blank\" rel=\"nofollow noopener noreferrer\">&gt; Web stran<\/a><br \/>\n<div class=\"clear\"><\/div><\/div><br \/>\n<\/div>\n<h3>\u0160VICA<\/h3>\n<div class=\"accordion-container\"><div class=\"accordion-title\">SCHINDELLEGI, WOLLERAU - TEENLIFTING center Schindellegi<span class=\"ac-indicator\"><\/span><\/div><div class=\"pane\"><b>Tel:<\/b> +41 78 671 08 77<br \/>\n<b>Naslov:<\/b> Schulhausstrasse 1, 8834 Schindellegi<br \/>\n<a href=\"https:\/\/www.facebook.com\/teenliftingschindellegi\/\" target=\"_blank\" rel=\"nofollow noopener noreferrer\">&gt; Facebook stran<\/a><br \/>\n<a href=\"https:\/\/www.teenlifting.ch\" target=\"_blank\" rel=\"nofollow noopener noreferrer\">&gt; Web stran<\/a><br \/>\n<div class=\"clear\"><\/div><\/div><br \/>\n<\/div>\n<h3>ENGLAND<\/h3>\n<div class=\"accordion-container\"><div class=\"accordion-title\">LONDON - TEENLIFTING Rejuvenation<span class=\"ac-indicator\"><\/span><\/div><div class=\"pane\"><b>Tel:<\/b> +447923438951<br \/>\n<b>Naslov:<\/b> London, W12<br \/>\n<a href=\"https:\/\/www.facebook.com\/rejuvenation.london\" target=\"_blank\" rel=\"nofollow noopener noreferrer\">&gt; Facebook stran<\/a><br \/>\n<div class=\"clear\"><\/div><\/div><br \/>\n<\/div>\n<h3>SLOVENIJA<\/h3>\n<div class=\"accordion-container\"><div class=\"accordion-title\">LJUBLJANA - TEENLIFTING center Ljubljana<span class=\"ac-indicator\"><\/span><\/div><div class=\"pane\"><b>Tel:<\/b> +386 41 293 991<br \/>\n<b>Naslov:<\/b> \u0160tihova ulica 23, Ljubljana 1000<br \/>\n<a href=\"https:\/\/www.facebook.com\/TeenliftingCenterLjubljana\/\" target=\"_blank\" rel=\"nofollow noopener noreferrer\">&gt; Facebook stran<\/a><br \/>\n<div class=\"clear\"><\/div><\/div><div class=\"accordion-title\">CELJE, MARIBOR - TEENLIFTING Celje in Maribor<span class=\"ac-indicator\"><\/span><\/div><div class=\"pane\"><b>Tel:<\/b> +386 41 735 874<br \/>\n<b>Naslov:<\/b> Arja Vas 102, 3301 Petrov\u010de (PC Arnovski gozd, \u017dalec)<br \/>\n<a href=\"https:\/\/www.facebook.com\/teenliftingceljeinmaribor\/\" target=\"_blank\" rel=\"nofollow noopener noreferrer\">&gt; Facebook stran<\/a><br \/>\n<div class=\"clear\"><\/div><\/div><div class=\"accordion-title\">PORTORO\u017d - JANA NOVAK, s.p.<span class=\"ac-indicator\"><\/span><\/div><div class=\"pane\"><b>Tel:<\/b> +386 70 843 755<br \/>\n<b>Naslov:<\/b> Lepa cesta 1, 6320 Portoro\u017e<br \/>\n<a href=\"https:\/\/www.facebook.com\/kozmetikajananovak\/\" target=\"_blank\" rel=\"nofollow noopener noreferrer\">&gt; Facebook stran<\/a><br \/>\n<a href=\"http:\/\/www.kozmetikajana.si\/\" target=\"_blank\" rel=\"nofollow noopener noreferrer\">&gt; Web stran<\/a><br \/>\n<div class=\"clear\"><\/div><\/div><br \/>\n<\/div>\n<h3>REPUBLIKA SRBIJA<\/h3>\n<div class=\"accordion-container\"><div class=\"accordion-title\">BEOGRAD - TEENLIFTING center Beograd<span class=\"ac-indicator\"><\/span><\/div><div class=\"pane\"><b>Tel:<\/b> +381 64 \/ 4478524<br \/>\n<b>Naslov:<\/b> Drin\u010di\u0107eva 32, Beograd 11000<br \/>\n<a href=\"https:\/\/www.facebook.com\/TeenliftingCentarBeograd\/\" target=\"_blank\" rel=\"nofollow noopener noreferrer\">&gt; Facebook stran<\/a><br \/>\n<div class=\"clear\"><\/div><\/div><br \/>\n<\/div>\n<h3>BOSNA IN HERCEGOVINA<\/h3>\n<div class=\"accordion-container\"><div class=\"accordion-title\">SARAJEVO - Anti-age centar NATURA<span class=\"ac-indicator\"><\/span><\/div><div class=\"pane\"><b>Tel:<\/b> +387 61 977 071<br \/>\n<b>Naslov:<\/b> Kranjceviceva br. 18 Sarajevo, Bosna in Hercegovina<br \/>\n<a href=\"https:\/\/www.facebook.com\/pg\/Anti-age-centar-Natura-2006060476320464\/about\/?ref=page_internal\" target=\"_blank\" rel=\"nofollow noopener noreferrer\">&gt; Facebook stran<\/a><br \/>\n<div class=\"clear\"><\/div><\/div><div class=\"accordion-title\">BANJA LUKA - Cavita Studio<span class=\"ac-indicator\"><\/span><\/div><div class=\"pane\"><b>Tel:<\/b> +387 66 124 12<br \/>\n<b>Naslov:<\/b> Mladena Stojanovi\u0107a 117A Banja Luka, Bosna in Hercegovina<br \/>\n<a href=\"https:\/\/www.facebook.com\/cavitabl\/\" target=\"_blank\" rel=\"nofollow noopener noreferrer\">&gt; Facebook stran<\/a><br \/>\n<a href=\"http:\/\/www.cavitabl.com\/\" target=\"_blank\" rel=\"nofollow noopener noreferrer\">&gt; Web stran<\/a><br \/>\n<div class=\"clear\"><\/div><\/div><br \/>\n<\/div>\n<h3>CRNA GORA<\/h3>\n<div class=\"accordion-container\"><div class=\"accordion-title\">BAR - Kozmetiksalon MARIKA<span class=\"ac-indicator\"><\/span><\/div><div class=\"pane\"><b>Tel:<\/b> +382 69 309 645<br \/>\n<b>Naslov:<\/b> Ulica Makedonska, zgrada E15, 85000, Bar, Crna Gora<br \/>\n<a href=\"https:\/\/www.facebook.com\/studioljepotemarika\/\" target=\"_blank\" rel=\"nofollow noopener noreferrer\">&gt; Facebook stran<\/a><br \/>\n<a href=\"http:\/\/www.studioljepote.com\/index.php\" target=\"_blank\" rel=\"nofollow noopener noreferrer\">&gt; Web stran<\/a><br \/>\n<div class=\"clear\"><\/div><\/div><div class=\"accordion-title\">PODGORICA - Kozmetiksalon MARIKA<span class=\"ac-indicator\"><\/span><\/div><div class=\"pane\"><b>Tel:<\/b> +382 69 309 645<br \/>\n<a href=\"https:\/\/www.facebook.com\/studioljepotemarika\/\" target=\"_blank\" rel=\"nofollow noopener noreferrer\">&gt; Facebook stran<\/a><br \/>\n<div class=\"clear\"><\/div><\/div><br \/>\n<\/div>\n<h3>FRANCIJA<\/h3>\n<div class=\"accordion-container\"><div class=\"accordion-title\">BOULOGNE BILLANCOURT - Le BonBeau<span class=\"ac-indicator\"><\/span><\/div><div class=\"pane\"><b>Tel:<\/b> +33 6 59 89 40 39<br \/>\n<b>Naslov:<\/b> 21 rue de Seine<br \/>\n<a href=\"https:\/\/www.instagram.com\/lebonbeaubeaute\/\" target=\"_blank\" rel=\"nofollow noopener noreferrer\">&gt; Instagram<\/a><br \/>\n<div class=\"clear\"><\/div><\/div><br \/>\n<\/div>\n<h2>KONTAKTIRAJTE NAS!<\/h2>\n<hr \/>\n\n<div class=\"wpcf7 no-js\" id=\"wpcf7-f1609-o1\" lang=\"hr\" dir=\"ltr\" data-wpcf7-id=\"1609\">\n<div class=\"screen-reader-response\"><p role=\"status\" aria-live=\"polite\" aria-atomic=\"true\"><\/p> <ul><\/ul><\/div>\n<form action=\"\/sl\/wp-json\/wp\/v2\/pages\/1572#wpcf7-f1609-o1\" method=\"post\" class=\"wpcf7-form init\" aria-label=\"Kontakt obrazac\" novalidate=\"novalidate\" data-status=\"init\">\n<div style=\"display: none;\">\n<input type=\"hidden\" name=\"_wpcf7\" value=\"1609\" \/>\n<input type=\"hidden\" name=\"_wpcf7_version\" value=\"6.0.5\" \/>\n<input type=\"hidden\" name=\"_wpcf7_locale\" value=\"hr\" \/>\n<input type=\"hidden\" name=\"_wpcf7_unit_tag\" value=\"wpcf7-f1609-o1\" \/>\n<input type=\"hidden\" name=\"_wpcf7_container_post\" value=\"0\" \/>\n<input type=\"hidden\" name=\"_wpcf7_posted_data_hash\" value=\"\" \/>\n<\/div>\n<p>Izberi podru\u017enico (obvezno): <span class=\"wpcf7-form-control-wrap\" data-name=\"poslovnica\"><select class=\"wpcf7-form-control wpcf7-select wpcf7-validates-as-required\" aria-required=\"true\" aria-invalid=\"false\" name=\"poslovnica\"><option value=\"Zagreb\">Zagreb<\/option><option value=\"Beograd\">Beograd<\/option><option value=\"Slovenija\">Slovenija<\/option><option value=\"Split\">Split<\/option><\/select><\/span>\n<\/p>\n<p>Tvoje ime (obvezno)\n<\/p>\n<p><span class=\"wpcf7-form-control-wrap\" data-name=\"your-name\"><input size=\"40\" maxlength=\"400\" class=\"wpcf7-form-control wpcf7-text wpcf7-validates-as-required\" aria-required=\"true\" aria-invalid=\"false\" value=\"\" type=\"text\" name=\"your-name\" \/><\/span>\n<\/p>\n<p>Tvoj email (obvezno)\n<\/p>\n<p><span class=\"wpcf7-form-control-wrap\" data-name=\"your-email\"><input size=\"40\" maxlength=\"400\" class=\"wpcf7-form-control wpcf7-email wpcf7-validates-as-required wpcf7-text wpcf7-validates-as-email\" aria-required=\"true\" aria-invalid=\"false\" value=\"\" type=\"email\" name=\"your-email\" \/><\/span>\n<\/p>\n<p>Zadeva (obvezno)\n<\/p>\n<p><span class=\"wpcf7-form-control-wrap\" data-name=\"your-subject\"><input size=\"40\" maxlength=\"400\" class=\"wpcf7-form-control wpcf7-text wpcf7-validates-as-required\" aria-required=\"true\" aria-invalid=\"false\" value=\"\" type=\"text\" name=\"your-subject\" \/><\/span>\n<\/p>\n<p>Tvoje sporo\u010dilo (obvezno)\n<\/p>\n<p><span class=\"wpcf7-form-control-wrap\" data-name=\"your-message\"><textarea cols=\"40\" rows=\"10\" maxlength=\"2000\" class=\"wpcf7-form-control wpcf7-textarea wpcf7-validates-as-required\" aria-required=\"true\" aria-invalid=\"false\" name=\"your-message\"><\/textarea><\/span>\n<\/p>\n<p><span class=\"wpcf7-form-control-wrap\" data-name=\"acceptance-552\"><span class=\"wpcf7-form-control wpcf7-acceptance\"><span class=\"wpcf7-list-item\"><label><input type=\"checkbox\" name=\"acceptance-552\" value=\"1\" aria-invalid=\"false\" \/><span class=\"wpcf7-list-item-label\">*Strinjam se s pogoji uporabe. <a href=\"https:\/\/teenlifting.com.hr\/sl\/pogoji-in-dolocila-uporabe\/\" target=\"_blank\">Ve\u010d o pogojih uporabe<\/a>.<\/span><\/label><\/span><\/span><\/span>\n<\/p>\n<p><span class=\"wpcf7-form-control-wrap\" data-name=\"acceptance-560\"><span class=\"wpcf7-form-control wpcf7-acceptance optional\"><span class=\"wpcf7-list-item\"><label><input type=\"checkbox\" name=\"acceptance-560\" value=\"1\" checked=\"checked\" aria-invalid=\"false\" \/><span class=\"wpcf7-list-item-label\">\u017delim prejemati TEENLIFTING\u00ae obvestila.<\/span><\/label><\/span><\/span><\/span>\n<\/p>\n<p><input class=\"wpcf7-form-control wpcf7-submit has-spinner\" type=\"submit\" value=\"Po\u0161lji\" \/>\n<\/p><p style=\"display: none !important;\" class=\"akismet-fields-container\" data-prefix=\"_wpcf7_ak_\"><label>&#916;<textarea name=\"_wpcf7_ak_hp_textarea\" cols=\"45\" rows=\"8\" maxlength=\"100\"><\/textarea><\/label><input type=\"hidden\" id=\"ak_js_1\" name=\"_wpcf7_ak_js\" value=\"126\"\/><script>document.getElementById( \"ak_js_1\" ).setAttribute( \"value\", ( new Date() ).getTime() );<\/script><\/p><div class=\"wpcf7-response-output\" aria-hidden=\"true\"><\/div>\n<\/form>\n<\/div>\n\n<p>&nbsp;<\/p>\n","protected":false},"excerpt":{"rendered":"<p>FRAN\u0160IZ TEENLIFTING &nbsp; HRVA\u0160KA AUSTRIJA \u0160VICA ENGLAND SLOVENIJA REPUBLIKA SRBIJA BOSNA IN HERCEGOVINA CRNA GORA FRANCIJA KONTAKTIRAJTE NAS! &nbsp;<\/p>\n","protected":false},"author":3,"featured_media":0,"parent":0,"menu_order":7,"comment_status":"closed","ping_status":"closed","template":"","meta":{"om_disable_all_campaigns":false,"_monsterinsights_skip_tracking":false,"_monsterinsights_sitenote_active":false,"_monsterinsights_sitenote_note":"","_monsterinsights_sitenote_category":0,"_uf_show_specific_survey":0,"_uf_disable_surveys":false,"footnotes":""},"class_list":["post-1572","page","type-page","status-publish","hentry"],"aioseo_notices":[],"yoast_head":"<!-- This site is optimized with the Yoast SEO plugin v24.7 - https:\/\/yoast.com\/wordpress\/plugins\/seo\/ -->\n<title>Kontakt - Teenlifting<\/title>\n<meta name=\"robots\" content=\"index, follow, max-snippet:-1, max-image-preview:large, max-video-preview:-1\" \/>\n<link rel=\"canonical\" href=\"https:\/\/teenlifting.com.hr\/sl\/kontakt\/\" \/>\n<meta property=\"og:locale\" content=\"sl_SI\" \/>\n<meta property=\"og:type\" content=\"article\" \/>\n<meta property=\"og:title\" content=\"Kontakt - Teenlifting\" \/>\n<meta property=\"og:description\" content=\"FRAN\u0160IZ TEENLIFTING &nbsp; HRVA\u0160KA AUSTRIJA \u0160VICA ENGLAND SLOVENIJA REPUBLIKA SRBIJA BOSNA IN HERCEGOVINA CRNA GORA FRANCIJA KONTAKTIRAJTE NAS! &nbsp;\" \/>\n<meta property=\"og:url\" content=\"https:\/\/teenlifting.com.hr\/sl\/kontakt\/\" \/>\n<meta property=\"og:site_name\" content=\"Teenlifting\" \/>\n<meta property=\"article:modified_time\" content=\"2025-09-17T13:44:53+00:00\" \/>\n<meta name=\"twitter:card\" content=\"summary_large_image\" \/>\n<meta name=\"twitter:label1\" content=\"Est. reading time\" \/>\n\t<meta name=\"twitter:data1\" content=\"3 minute\" \/>\n<script type=\"application\/ld+json\" class=\"yoast-schema-graph\">{\"@context\":\"https:\/\/schema.org\",\"@graph\":[{\"@type\":\"WebPage\",\"@id\":\"https:\/\/teenlifting.com.hr\/sl\/kontakt\/\",\"url\":\"https:\/\/teenlifting.com.hr\/sl\/kontakt\/\",\"name\":\"Kontakt - Teenlifting\",\"isPartOf\":{\"@id\":\"https:\/\/www.teenlifting.com.hr\/#website\"},\"datePublished\":\"2017-01-29T20:22:02+00:00\",\"dateModified\":\"2025-09-17T13:44:53+00:00\",\"breadcrumb\":{\"@id\":\"https:\/\/teenlifting.com.hr\/sl\/kontakt\/#breadcrumb\"},\"inLanguage\":\"sl-SI\",\"potentialAction\":[{\"@type\":\"ReadAction\",\"target\":[\"https:\/\/teenlifting.com.hr\/sl\/kontakt\/\"]}]},{\"@type\":\"BreadcrumbList\",\"@id\":\"https:\/\/teenlifting.com.hr\/sl\/kontakt\/#breadcrumb\",\"itemListElement\":[{\"@type\":\"ListItem\",\"position\":1,\"name\":\"Po\u010detna stranica\",\"item\":\"https:\/\/teenlifting.com.hr\/sl\/\"},{\"@type\":\"ListItem\",\"position\":2,\"name\":\"Kontakt\"}]},{\"@type\":\"WebSite\",\"@id\":\"https:\/\/www.teenlifting.com.hr\/#website\",\"url\":\"https:\/\/www.teenlifting.com.hr\/\",\"name\":\"Teenlifting\",\"description\":\"Aktiviraj, ne plastificiraj!\",\"potentialAction\":[{\"@type\":\"SearchAction\",\"target\":{\"@type\":\"EntryPoint\",\"urlTemplate\":\"https:\/\/www.teenlifting.com.hr\/?s={search_term_string}\"},\"query-input\":{\"@type\":\"PropertyValueSpecification\",\"valueRequired\":true,\"valueName\":\"search_term_string\"}}],\"inLanguage\":\"sl-SI\"}]}<\/script>\n<!-- \/ Yoast SEO plugin. -->","yoast_head_json":{"title":"Kontakt - Teenlifting","robots":{"index":"index","follow":"follow","max-snippet":"max-snippet:-1","max-image-preview":"max-image-preview:large","max-video-preview":"max-video-preview:-1"},"canonical":"https:\/\/teenlifting.com.hr\/sl\/kontakt\/","og_locale":"sl_SI","og_type":"article","og_title":"Kontakt - Teenlifting","og_description":"FRAN\u0160IZ TEENLIFTING &nbsp; HRVA\u0160KA AUSTRIJA \u0160VICA ENGLAND SLOVENIJA REPUBLIKA SRBIJA BOSNA IN HERCEGOVINA CRNA GORA FRANCIJA KONTAKTIRAJTE NAS! &nbsp;","og_url":"https:\/\/teenlifting.com.hr\/sl\/kontakt\/","og_site_name":"Teenlifting","article_modified_time":"2025-09-17T13:44:53+00:00","twitter_card":"summary_large_image","twitter_misc":{"Est. reading time":"3 minute"},"schema":{"@context":"https:\/\/schema.org","@graph":[{"@type":"WebPage","@id":"https:\/\/teenlifting.com.hr\/sl\/kontakt\/","url":"https:\/\/teenlifting.com.hr\/sl\/kontakt\/","name":"Kontakt - Teenlifting","isPartOf":{"@id":"https:\/\/www.teenlifting.com.hr\/#website"},"datePublished":"2017-01-29T20:22:02+00:00","dateModified":"2025-09-17T13:44:53+00:00","breadcrumb":{"@id":"https:\/\/teenlifting.com.hr\/sl\/kontakt\/#breadcrumb"},"inLanguage":"sl-SI","potentialAction":[{"@type":"ReadAction","target":["https:\/\/teenlifting.com.hr\/sl\/kontakt\/"]}]},{"@type":"BreadcrumbList","@id":"https:\/\/teenlifting.com.hr\/sl\/kontakt\/#breadcrumb","itemListElement":[{"@type":"ListItem","position":1,"name":"Po\u010detna stranica","item":"https:\/\/teenlifting.com.hr\/sl\/"},{"@type":"ListItem","position":2,"name":"Kontakt"}]},{"@type":"WebSite","@id":"https:\/\/www.teenlifting.com.hr\/#website","url":"https:\/\/www.teenlifting.com.hr\/","name":"Teenlifting","description":"Aktiviraj, ne plastificiraj!","potentialAction":[{"@type":"SearchAction","target":{"@type":"EntryPoint","urlTemplate":"https:\/\/www.teenlifting.com.hr\/?s={search_term_string}"},"query-input":{"@type":"PropertyValueSpecification","valueRequired":true,"valueName":"search_term_string"}}],"inLanguage":"sl-SI"}]}},"_links":{"self":[{"href":"https:\/\/mail.teenlifting.si\/sl\/wp-json\/wp\/v2\/pages\/1572","targetHints":{"allow":["GET"]}}],"collection":[{"href":"https:\/\/mail.teenlifting.si\/sl\/wp-json\/wp\/v2\/pages"}],"about":[{"href":"https:\/\/mail.teenlifting.si\/sl\/wp-json\/wp\/v2\/types\/page"}],"author":[{"embeddable":true,"href":"https:\/\/mail.teenlifting.si\/sl\/wp-json\/wp\/v2\/users\/3"}],"replies":[{"embeddable":true,"href":"https:\/\/mail.teenlifting.si\/sl\/wp-json\/wp\/v2\/comments?post=1572"}],"version-history":[{"count":35,"href":"https:\/\/mail.teenlifting.si\/sl\/wp-json\/wp\/v2\/pages\/1572\/revisions"}],"predecessor-version":[{"id":2987,"href":"https:\/\/mail.teenlifting.si\/sl\/wp-json\/wp\/v2\/pages\/1572\/revisions\/2987"}],"wp:attachment":[{"href":"https:\/\/mail.teenlifting.si\/sl\/wp-json\/wp\/v2\/media?parent=1572"}],"curies":[{"name":"wp","href":"https:\/\/api.w.org\/{rel}","templated":true}]}}