{"id":2137,"date":"2021-01-14T19:25:12","date_gmt":"2021-01-14T19:25:12","guid":{"rendered":"https:\/\/teenlifting.com.hr\/?page_id=2137"},"modified":"2021-01-21T08:25:55","modified_gmt":"2021-01-21T08:25:55","slug":"pogoji-in-dolocila-uporabe","status":"publish","type":"page","link":"https:\/\/mail.teenlifting.si\/sl\/pogoji-in-dolocila-uporabe\/","title":{"rendered":"Pogoji in dolo\u010dila uporabe"},"content":{"rendered":"<h2>Pogoji in dolo\u010dila uporabe<\/h2>\n<hr \/>\n<p>&nbsp;<\/p>\n<p>TEENLIFTING d.o.o. iz Zagreba, Ne\u010dujamska br.3., OIB: 80188343863 in TEENLIFTING CENTER iz Zagreba, Ne\u010dujamska br.3 OIB: 14350602570 in TEENLIFTING fran\u0161izi &#8211; tretje osebe, ki so podpisale fran\u0161izno pogodbo TEENLIFTING (v nadaljevanju TEENLIFTING\u00ae), pri zbiranju in obdelavi osebnih podatkov aktov v skladu z na\u010deli zakonitosti, pravi\u010dnosti in preglednost, namenske omejitve, zmanj\u0161anje podatkov, natan\u010dnost, omejitve shranjevanja ter celovitost in zaupnost osebnih podatkov vpra\u0161anih se ravna previdno in v skladu z Uredbo (EU) 2016\/679 Evropskega parlamenta in Sveta z dne 27. aprila 2016 o za\u0161\u010diti posameznikov v zvezi z obdelavo osebnih podatkov in prostim pretokom takih podatkov ter razveljavitvijo Direktive 95\/46 \/ ES (Splo\u0161na uredba o varstvu podatkov, v nadaljnjem besedilu: Uredba) in veljavnih predpisov Republike Hrva\u0161ke o varstvu osebnih podatkov v zvezi z zbranimi podatki in procese, da bi izpolnili na\u0161e obveznosti glede varstva osebnih podatkov kot upravljavca.<\/p>\n<p>&nbsp;<\/p>\n<p>Seznanjen sem z dejstvom, da z izpolnjevanjem obrazca &#8220;Pi\u0161ite nam&#8221; \/ alt &#8220;POVPRE\u010cITE&#8221; in \/ ali &#8220;Postanite del TEENLIFTING zgodbe!&#8221; \/ alt &#8220;ZAHTEVA ZA SODELOVANJE&#8221; na spletni strani TEENLIFTING\u00ae izrecno in prostovoljno podam svoje soglasje, s katerim potrjujem, da se strinjam, da TEENLIFTING\u00ae zbira, obdeluje in uporablja vse moje osebne podatke, navedene v obrazcu &#8220;Pi\u0161ite nam&#8221; \/ alt &#8220;POVPRE\u010cITE&#8221; in \/ ali &#8220;Postanite del TEENLIFTING zgodbe!&#8221; \/ alt &#8220;ZAHTEVA ZA SODELOVANJE&#8221;.<\/p>\n<p>&nbsp;<\/p>\n<p>Potrjujem, da se zavedam, da bo TEENIFTING\u00ae zgoraj omenjene osebne podatke uporabljal in obdeloval z namenom zagotavljanja informacij o zagotavljanju TEENLIFTING\u00ae elektrostimulacijskih storitev za obrazne in telesne mi\u0161ice ter drugih kozmeti\u010dnih storitev na svojem podro\u010dju.<\/p>\n<p>&nbsp;<\/p>\n<p>S podpisom Soglasja &#8220;\u017delim prejemati obvestila TEENLIFTING\u00ae&#8221; izjavljam, da se strinjam, da so moji osebni podatki, navedeni v obrazcu &#8220;Pi\u0161ite nam&#8221; \/ alt &#8220;POVPRE\u010cITE&#8221; in \/ ali &#8220;Postanite del TEENLIFTING zgodbe!&#8221; \/ alt &#8220;ZAHTEVA ZA SODELOVANJE&#8221;, shranjeni v bazi podatkov za kontaktne namene za morebitno obve\u0161\u010danje o obdobjih ugodnih cen, odpiranje fran\u0161ize TEENLIFTING\u00ae centrov v novih mestih, pa tudi za tr\u017ene dejavnosti.TEENLIFTING\u00ae prikupljene podatke obra\u0111uje i pohranjuje samo u razdoblju u kojem gore navedene\u00a0 privole nijesu povu\u010dene.<\/p>\n<p>&nbsp;<\/p>\n<p>Osebni podatki iz tega soglasja se ne bodo posredovali tretjim osebam in bodo obravnavani zaupno in v skladu z Uredbo in veljavnimi predpisi Republike Hrva\u0161ke o varstvu osebnih podatkov, TEENLIFTING\u00ae pa sprejme ustrezne ukrepe za zagotovitev varnosti osebnih podatkov in skladnosti z veljavnimi predpisi o varstvu podatkov. , kot sta Uredba in Zakon o izvajanju Splo\u0161ne uredbe o varstvu podatkov. TEENLIFTING\u00ae vestno \u0161\u010diti osebne podatke v teh koncesijah pred izgubo, uni\u010denjem, zlorabo, nepoobla\u0161\u010denim dostopom in nepoobla\u0161\u010denim razkritjem. Vse osebe, zaposlene v TEENLIFTING\u00ae, so dol\u017ene spo\u0161tovati zaupnost osebnih podatkov iz teh koncesij in spo\u0161tovati splo\u0161ne akte in odlo\u010ditve TEENLIFTING\u00ae, ki urejajo vpra\u0161anja varstva podatkov. TEENLIFTING\u00ae uporablja tudi sodobne tehni\u010dne, informacijske in organizacijske ukrepe za zagotovitev varnosti osebnih podatkov iz teh privilegijev.TEENLIFING\u00ae ne koristi automatiziranu obradu podataka.<\/p>\n<p>&nbsp;<\/p>\n<p>Prav tako izrecno potrjujem, da sem bil ob predlo\u017eitvi zgornjih osebnih podatkov obve\u0161\u010den o naslednjem in da sem razumel posredovane podatke:<\/p>\n<p>&nbsp;<\/p>\n<p>(a) Vodje obdelave so TEENLIFTING doo iz Zagreba, Ne\u010dujamska br.3., OIB: 80188343863 in TEENLIFTING CENTER iz Zagreba, Ne\u010dujamska br.3 OIB: 14350602570, kontaktni podatki vodje obdelave pa so: info@teenlifting.eu, TEENLIFTING doo in TEENLIFTING CENTER, Ne\u010dujamska br.3, 10000 Zagreb.<\/p>\n<p>&nbsp;<\/p>\n<p>(b)\u00a0\u00a0\u00a0moje pravice glede varstva mojih osebnih podatkov, za katere podelim te koncesije, so:<\/p>\n<ul>\n<li>imam pravo na podno\u0161enje prigovora Agenciji za za\u0161titu osobnih podataka u slu\u010daju da TEENLIFTING\u00ae postupa suprotno Uredbi pri obradi osobnih podataka prikupljenih temeljem ove privole.<\/li>\n<li>Lahko kadar koli zahtevam, da TEENLIFTING\u00ae trajno ali za\u010dasno preneha uporabljati vse ali del osebnih podatkov, ki so na voljo v tej soglasju, za vse ali del namenov tega soglasja. Tak\u0161no zahtevo lahko po\u0161ljete na elektronski naslov: privacy@teenlifting.eu ali v pisni obliki na naslov TEENLIFTING d.o.o, Ne\u010dujamska br.3, 10000 Zagreb z natan\u010dno navedbo, katero soglasje se umakne. Po prejemu izjave o odstopu od pogodbe bo TEENLIFTING\u00ae potrdilo prejel izjavo na enak na\u010din, kot je bil prejet (po e-po\u0161ti ali po\u0161ti), osebni podatki, ki jih zajema odstopna izjava, pa od datuma prejema odstopa ne bodo ve\u010d obdelani. Vsa obdelava osebnih podatkov do tega datuma ostaja pravno veljavna.<\/li>\n<li>Imam pravico do dostopa do mojih osebnih podatkov, zbranih v skladu s temi koncesijami, kar pomeni pravico do prejemanja informacij TEENLIFTING\u00ae v zvezi s postopkom zbiranja in obdelave osebnih podatkov iz tega soglasja ter do potrditve mojih osebnih podatkov in kopije mojih osebnih podatkov \u010de ne vpliva negativno na pravice drugih vpra\u0161anih<\/li>\n<li>Imam pravico popravljati in dopolnjevati neto\u010dne osebne podatke, zbrane v okviru teh koncesij.<\/li>\n<li>Imam pravico &#8220;pozabiti&#8221;, tj. Izbrisati osebne podatke, zbrane na podlagi teh koncesij<\/li>\n<li>Imam pravico omejiti obdelavo, tj. Da se osebni podatki ne uporabljajo, ampak se hranijo, \u010de je to\u010dnost osebnih podatkov sporna, \u010de je obdelava nezakonita ali med re\u0161evanjem prito\u017ebenega postopka<\/li>\n<li>Imam pravico do prenosljivosti podatkov, danih na podlagi tega soglasja, kar pomeni pravico do prejemanja osebnih podatkov od TEENLIFTING\u00ae, da bi jih lahko posredoval drugemu upravljavcu<\/li>\n<li>Imam pravico ugovarjati obdelavi podatkov<\/li>\n<li>Imam pravico vlo\u017eiti prito\u017ebo na Agencijo za varstvo osebnih podatkov, \u010de TEENLIFTING\u00ae obdeluje osebne podatke, zbrane na podlagi tega soglasja.<\/li>\n<\/ul>\n<p>&nbsp;<\/p>\n<p>Nazadnje se zavedam, da lahko vse svoje zahteve v zvezi s temi pravicami pisno po\u0161ljem na naslov TEENLIFTING d.o.o ali TEENLIFTING CENTER, Ne\u010dujamska br.3, 10000 Zagreb ali preko elektronske po\u0161te na privacy@teenlifting.eu.<\/p>\n<p>&nbsp;<\/p>\n<p>Bil sem obve\u0161\u010den, da lahko TEENLIFTING\u00ae od mene zahteva zanesljive osebne podatke zaradi zanesljive identifikacije v primeru uveljavljanja pravic in da lahko zahtevo zavrne le, \u010de doka\u017ee, da ne more zanesljivo ugotoviti moje identitete.<\/p>\n<p>&nbsp;<\/p>\n<p>Zavedam se, da se mora TEENLIFTING\u00ae na mojo pro\u0161njo za uveljavljanje pravic, povezanih z zgoraj navedenimi osebnimi podatki, odzvati brez nepotrebnega odla\u0161anja in v vsakem primeru v enem mesecu po prejemu zahteve.<\/p>\n","protected":false},"excerpt":{"rendered":"<p>Pogoji in dolo\u010dila uporabe &nbsp; TEENLIFTING d.o.o. iz Zagreba, Ne\u010dujamska br.3., OIB: 80188343863 in TEENLIFTING CENTER iz Zagreba, Ne\u010dujamska br.3 [&hellip;]<\/p>\n","protected":false},"author":3,"featured_media":0,"parent":0,"menu_order":0,"comment_status":"closed","ping_status":"closed","template":"","meta":{"om_disable_all_campaigns":false,"_monsterinsights_skip_tracking":false,"_monsterinsights_sitenote_active":false,"_monsterinsights_sitenote_note":"","_monsterinsights_sitenote_category":0,"_uf_show_specific_survey":0,"_uf_disable_surveys":false,"footnotes":""},"class_list":["post-2137","page","type-page","status-publish","hentry"],"aioseo_notices":[],"yoast_head":"<!-- This site is optimized with the Yoast SEO plugin v24.7 - https:\/\/yoast.com\/wordpress\/plugins\/seo\/ -->\n<title>Pogoji in dolo\u010dila uporabe - Teenlifting<\/title>\n<meta name=\"robots\" content=\"index, follow, max-snippet:-1, max-image-preview:large, max-video-preview:-1\" \/>\n<link rel=\"canonical\" href=\"https:\/\/mail.teenlifting.si\/sl\/pogoji-in-dolocila-uporabe\/\" \/>\n<meta property=\"og:locale\" content=\"sl_SI\" \/>\n<meta property=\"og:type\" content=\"article\" \/>\n<meta property=\"og:title\" content=\"Pogoji in dolo\u010dila uporabe - Teenlifting\" \/>\n<meta property=\"og:description\" content=\"Pogoji in dolo\u010dila uporabe &nbsp; TEENLIFTING d.o.o. iz Zagreba, Ne\u010dujamska br.3., OIB: 80188343863 in TEENLIFTING CENTER iz Zagreba, Ne\u010dujamska br.3 [&hellip;]\" \/>\n<meta property=\"og:url\" content=\"https:\/\/mail.teenlifting.si\/sl\/pogoji-in-dolocila-uporabe\/\" \/>\n<meta property=\"og:site_name\" content=\"Teenlifting\" \/>\n<meta property=\"article:modified_time\" content=\"2021-01-21T08:25:55+00:00\" \/>\n<meta name=\"twitter:card\" content=\"summary_large_image\" \/>\n<meta name=\"twitter:label1\" content=\"Est. reading time\" \/>\n\t<meta name=\"twitter:data1\" content=\"4 minute\" \/>\n<script type=\"application\/ld+json\" class=\"yoast-schema-graph\">{\"@context\":\"https:\/\/schema.org\",\"@graph\":[{\"@type\":\"WebPage\",\"@id\":\"https:\/\/mail.teenlifting.si\/sl\/pogoji-in-dolocila-uporabe\/\",\"url\":\"https:\/\/mail.teenlifting.si\/sl\/pogoji-in-dolocila-uporabe\/\",\"name\":\"Pogoji in dolo\u010dila uporabe - Teenlifting\",\"isPartOf\":{\"@id\":\"https:\/\/www.teenlifting.com.hr\/#website\"},\"datePublished\":\"2021-01-14T19:25:12+00:00\",\"dateModified\":\"2021-01-21T08:25:55+00:00\",\"breadcrumb\":{\"@id\":\"https:\/\/mail.teenlifting.si\/sl\/pogoji-in-dolocila-uporabe\/#breadcrumb\"},\"inLanguage\":\"sl-SI\",\"potentialAction\":[{\"@type\":\"ReadAction\",\"target\":[\"https:\/\/mail.teenlifting.si\/sl\/pogoji-in-dolocila-uporabe\/\"]}]},{\"@type\":\"BreadcrumbList\",\"@id\":\"https:\/\/mail.teenlifting.si\/sl\/pogoji-in-dolocila-uporabe\/#breadcrumb\",\"itemListElement\":[{\"@type\":\"ListItem\",\"position\":1,\"name\":\"Po\u010detna stranica\",\"item\":\"https:\/\/teenlifting.com.hr\/sl\/\"},{\"@type\":\"ListItem\",\"position\":2,\"name\":\"Pogoji in dolo\u010dila uporabe\"}]},{\"@type\":\"WebSite\",\"@id\":\"https:\/\/www.teenlifting.com.hr\/#website\",\"url\":\"https:\/\/www.teenlifting.com.hr\/\",\"name\":\"Teenlifting\",\"description\":\"Aktiviraj, ne plastificiraj!\",\"potentialAction\":[{\"@type\":\"SearchAction\",\"target\":{\"@type\":\"EntryPoint\",\"urlTemplate\":\"https:\/\/www.teenlifting.com.hr\/?s={search_term_string}\"},\"query-input\":{\"@type\":\"PropertyValueSpecification\",\"valueRequired\":true,\"valueName\":\"search_term_string\"}}],\"inLanguage\":\"sl-SI\"}]}<\/script>\n<!-- \/ Yoast SEO plugin. -->","yoast_head_json":{"title":"Pogoji in dolo\u010dila uporabe - Teenlifting","robots":{"index":"index","follow":"follow","max-snippet":"max-snippet:-1","max-image-preview":"max-image-preview:large","max-video-preview":"max-video-preview:-1"},"canonical":"https:\/\/mail.teenlifting.si\/sl\/pogoji-in-dolocila-uporabe\/","og_locale":"sl_SI","og_type":"article","og_title":"Pogoji in dolo\u010dila uporabe - Teenlifting","og_description":"Pogoji in dolo\u010dila uporabe &nbsp; TEENLIFTING d.o.o. iz Zagreba, Ne\u010dujamska br.3., OIB: 80188343863 in TEENLIFTING CENTER iz Zagreba, Ne\u010dujamska br.3 [&hellip;]","og_url":"https:\/\/mail.teenlifting.si\/sl\/pogoji-in-dolocila-uporabe\/","og_site_name":"Teenlifting","article_modified_time":"2021-01-21T08:25:55+00:00","twitter_card":"summary_large_image","twitter_misc":{"Est. reading time":"4 minute"},"schema":{"@context":"https:\/\/schema.org","@graph":[{"@type":"WebPage","@id":"https:\/\/mail.teenlifting.si\/sl\/pogoji-in-dolocila-uporabe\/","url":"https:\/\/mail.teenlifting.si\/sl\/pogoji-in-dolocila-uporabe\/","name":"Pogoji in dolo\u010dila uporabe - Teenlifting","isPartOf":{"@id":"https:\/\/www.teenlifting.com.hr\/#website"},"datePublished":"2021-01-14T19:25:12+00:00","dateModified":"2021-01-21T08:25:55+00:00","breadcrumb":{"@id":"https:\/\/mail.teenlifting.si\/sl\/pogoji-in-dolocila-uporabe\/#breadcrumb"},"inLanguage":"sl-SI","potentialAction":[{"@type":"ReadAction","target":["https:\/\/mail.teenlifting.si\/sl\/pogoji-in-dolocila-uporabe\/"]}]},{"@type":"BreadcrumbList","@id":"https:\/\/mail.teenlifting.si\/sl\/pogoji-in-dolocila-uporabe\/#breadcrumb","itemListElement":[{"@type":"ListItem","position":1,"name":"Po\u010detna stranica","item":"https:\/\/teenlifting.com.hr\/sl\/"},{"@type":"ListItem","position":2,"name":"Pogoji in dolo\u010dila uporabe"}]},{"@type":"WebSite","@id":"https:\/\/www.teenlifting.com.hr\/#website","url":"https:\/\/www.teenlifting.com.hr\/","name":"Teenlifting","description":"Aktiviraj, ne plastificiraj!","potentialAction":[{"@type":"SearchAction","target":{"@type":"EntryPoint","urlTemplate":"https:\/\/www.teenlifting.com.hr\/?s={search_term_string}"},"query-input":{"@type":"PropertyValueSpecification","valueRequired":true,"valueName":"search_term_string"}}],"inLanguage":"sl-SI"}]}},"_links":{"self":[{"href":"https:\/\/mail.teenlifting.si\/sl\/wp-json\/wp\/v2\/pages\/2137","targetHints":{"allow":["GET"]}}],"collection":[{"href":"https:\/\/mail.teenlifting.si\/sl\/wp-json\/wp\/v2\/pages"}],"about":[{"href":"https:\/\/mail.teenlifting.si\/sl\/wp-json\/wp\/v2\/types\/page"}],"author":[{"embeddable":true,"href":"https:\/\/mail.teenlifting.si\/sl\/wp-json\/wp\/v2\/users\/3"}],"replies":[{"embeddable":true,"href":"https:\/\/mail.teenlifting.si\/sl\/wp-json\/wp\/v2\/comments?post=2137"}],"version-history":[{"count":6,"href":"https:\/\/mail.teenlifting.si\/sl\/wp-json\/wp\/v2\/pages\/2137\/revisions"}],"predecessor-version":[{"id":2156,"href":"https:\/\/mail.teenlifting.si\/sl\/wp-json\/wp\/v2\/pages\/2137\/revisions\/2156"}],"wp:attachment":[{"href":"https:\/\/mail.teenlifting.si\/sl\/wp-json\/wp\/v2\/media?parent=2137"}],"curies":[{"name":"wp","href":"https:\/\/api.w.org\/{rel}","templated":true}]}}